{"id":8024,"date":"2017-03-30T12:10:12","date_gmt":"2017-03-30T10:10:12","guid":{"rendered":"http:\/\/klubmamgdynia.pl\/index.php\/produkt\/art-and-play-piankolina-4-kostki\/"},"modified":"2026-04-29T17:33:36","modified_gmt":"2026-04-29T15:33:36","slug":"art-and-play-piankolina-4-kostki","status":"publish","type":"product","link":"http:\/\/klubmamgdynia.pl\/index.php\/produkt\/art-and-play-piankolina-4-kostki\/","title":{"rendered":"Art And Play Piankolina 4 Kostki"},"content":{"rendered":"<p>PIANKOLINA to kreatywna zabawka w postaci lekkiej i mi\u0119kkiej kuleczkowej masy plastycznej. Poniewa\u017c masa jest mi\u0119kka bez problemu mo\u017cna z niej modelowa\u0107 dowolne kszta\u0142ty.Ka\u017cde dziecko kieruj\u0105c si\u0119 wyobra\u017ani\u0105 mo\u017ce ulepi\u0107 z Piankoliny figury p\u0142askie, a tak\u017ce przestrzenne.Piankolina nie brudzi, nigdy nie wysycha, nie przykleja si\u0119 ani do r\u0105k ani do ubrania, a jej kolorowe kostki \u0142atwo si\u0119 ze sob\u0105 \u0142\u0105cz\u0105.Rozwija wyobra\u017ani\u0119, zdolno\u015bci manualne, zdolno\u015bci tw\u00f3rcze, wspomaga rozw\u00f3j koordynacji wzrokowo-ruchowej dziecka.Bardzo \u017cywe barwy Piankoliny zach\u0119caj\u0105 najm\u0142odszych do aktywnej zabawy, w trakcie kt\u00f3rej dzieci poznaj\u0105 kolory, ucz\u0105 si\u0119 liczy\u0107 oraz tworz\u0105 najr\u00f3\u017cniejsze kszta\u0142ty.Jest to zabawka zar\u00f3wno dla ch\u0142opc\u00f3w jak i dla dziewczynek.Dla wszystkich dzieci powy\u017cej 3 lat.Zanim zaczniesz modelowa\u0107 ugniataj j\u0105 i \u015bciskaj.<\/p>\n<h2>Art And Play Piankolina 4 Kostki ART AND PLAY<\/h2>\n<p>zagadki na inteligencje, kr\u00f3tkie zagadki, jaki prezent na roczek, test z asiuni lektury, lol kolorowanka do druku, lol surprise kolorowanki, stare piosenki dla dzieci teksty, kolorowanki star wars, dyplomy dla dzieci do druku, kwiatek kwiaty do druku szablony<\/p>\n<p>yyyyy<\/p>\n<p>&nbsp;<\/p>\n","protected":false},"excerpt":{"rendered":"<p>PIANKOLINA to kreatywna zabawka w postaci lekkiej i mi\u0119kkiej kuleczkowej masy plastycznej. Poniewa\u017c masa jest mi\u0119kka bez problemu mo\u017cna z niej modelowa\u0107 dowolne kszta\u0142ty.Ka\u017cde dziecko kieruj\u0105c si\u0119 wyobra\u017ani\u0105 mo\u017ce ulepi\u0107 z Piankoliny figury p\u0142askie, a tak\u017ce przestrzenne.Piankolina nie brudzi, nigdy nie wysycha, nie przykleja si\u0119 ani do r\u0105k ani do ubrania, a jej kolorowe kostki [&hellip;]<\/p>\n","protected":false},"featured_media":8025,"comment_status":"closed","ping_status":"open","template":"","meta":[],"product_cat":[1690,21],"product_tag":[702,784,689,695],"class_list":["post-8024","product","type-product","status-publish","has-post-thumbnail","hentry","product_cat-art-and-play","product_cat-zabawki-plastyczne","product_tag-co-kupic-na-roczek-dla-dziewczynki","product_tag-hymn-gorniczy","product_tag-linda","product_tag-rzadkie-imiona-zenskie"],"_links":{"self":[{"href":"http:\/\/klubmamgdynia.pl\/index.php\/wp-json\/wp\/v2\/product\/8024","targetHints":{"allow":["GET"]}}],"collection":[{"href":"http:\/\/klubmamgdynia.pl\/index.php\/wp-json\/wp\/v2\/product"}],"about":[{"href":"http:\/\/klubmamgdynia.pl\/index.php\/wp-json\/wp\/v2\/types\/product"}],"replies":[{"embeddable":true,"href":"http:\/\/klubmamgdynia.pl\/index.php\/wp-json\/wp\/v2\/comments?post=8024"}],"wp:featuredmedia":[{"embeddable":true,"href":"http:\/\/klubmamgdynia.pl\/index.php\/wp-json\/wp\/v2\/media\/8025"}],"wp:attachment":[{"href":"http:\/\/klubmamgdynia.pl\/index.php\/wp-json\/wp\/v2\/media?parent=8024"}],"wp:term":[{"taxonomy":"product_cat","embeddable":true,"href":"http:\/\/klubmamgdynia.pl\/index.php\/wp-json\/wp\/v2\/product_cat?post=8024"},{"taxonomy":"product_tag","embeddable":true,"href":"http:\/\/klubmamgdynia.pl\/index.php\/wp-json\/wp\/v2\/product_tag?post=8024"}],"curies":[{"name":"wp","href":"https:\/\/api.w.org\/{rel}","templated":true}]}}