{"id":8028,"date":"2023-06-08T21:13:53","date_gmt":"2023-06-08T19:13:53","guid":{"rendered":"http:\/\/klubmamgdynia.pl\/?post_type=product&#038;p=8028"},"modified":"2026-04-06T22:26:37","modified_gmt":"2026-04-06T20:26:37","slug":"art-and-play-piankolina-5-kolorow-dodatki","status":"publish","type":"product","link":"http:\/\/klubmamgdynia.pl\/index.php\/produkt\/art-and-play-piankolina-5-kolorow-dodatki\/","title":{"rendered":"Art And Play Piankolina 5 Kolor\u00f3w + Dodatki"},"content":{"rendered":"<p>To kreatywna zabawka w postaci lekkiej i mi\u0119kkiej kuleczkowej masy plastycznej. Poniewa\u017c masa jest mi\u0119kka bez problemu mo\u017cna z niej modelowa\u0107 dowolne kszta\u0142ty. Ka\u017cde dziecko kieruj\u0105c si\u0119 wyobra\u017cni\u0105 mo\u017ce ulepi\u0107 z Piankoliny figury p\u0142askie, a tak\u017ce przestrzenne.Piankolina nie brudzi, nigdy nie wysycha, nie przykleja si\u0119 ani do r\u0105k ani do ubrania, a jej kolorowe kostki \u0142atwo si\u0119 ze sob\u0105 \u0142\u0105cz\u0105.Rozwija wyobra\u017ani\u0119, zdolno\u015bci manualne, zdolno\u015bci tw\u00f3rcze, wspomaga rozw\u00f3j koordynacji wzrokowo-ruchowej dziecka.Bardzo \u017cywe barwy Piankoliny zach\u0119caj\u0105 najm\u0142odszych do aktywnej zabawy, w trakcie kt\u00f3rej dzieci poznaj\u0105 kolory, ucz\u0105 si\u0119 liczy\u0107 oraz tworz\u0105 najr\u00f3\u017cniejsze kszta\u0142ty.Informacje o produkcieNr katalogowy10000605Obszar (nauka i rozw\u00f3j) PlastyczneRodzaj (nauka i rozw\u00f3j) PlastelinaWymagania wiekowe od 3 latP\u0142e\u0107 (zabawki) Dziewczynki i ch\u0142opcyAkcesoria w zestawie26 plastikowych dodatk\u00f3w<\/p>\n<h2>Art And Play Piankolina 5 Kolor\u00f3w + Dodatki ART AND PLAY<\/h2>\n<p>prezent dla dziewczynki 7 lat, cytaty o rodzinie, atrakcje dla dzieci warszawa i okolice, pomys\u0142 na laurk\u0119, piosenki na dobranoc dla dzieci + tekst, opowiadanie o jesieni dla dzieci, krzy\u017c\u00f3wki dla dzieci, \u015bwinka peppa do czytania, wpad\u0142a bomba do piwnicy, prank na prima aprilis<\/p>\n<p>yyyyy<\/p>\n<p>&nbsp;<\/p>\n","protected":false},"excerpt":{"rendered":"<p>To kreatywna zabawka w postaci lekkiej i mi\u0119kkiej kuleczkowej masy plastycznej. Poniewa\u017c masa jest mi\u0119kka bez problemu mo\u017cna z niej modelowa\u0107 dowolne kszta\u0142ty. Ka\u017cde dziecko kieruj\u0105c si\u0119 wyobra\u017cni\u0105 mo\u017ce ulepi\u0107 z Piankoliny figury p\u0142askie, a tak\u017ce przestrzenne.Piankolina nie brudzi, nigdy nie wysycha, nie przykleja si\u0119 ani do r\u0105k ani do ubrania, a jej kolorowe kostki [&hellip;]<\/p>\n","protected":false},"featured_media":8029,"comment_status":"closed","ping_status":"open","template":"","meta":[],"product_cat":[1690,21],"product_tag":[580,766,752,824],"class_list":["post-8028","product","type-product","status-publish","has-post-thumbnail","hentry","product_cat-art-and-play","product_cat-zabawki-plastyczne","product_tag-janusz","product_tag-kira","product_tag-kuba-imie","product_tag-warszawa-atrakcje-dla-dzieci"],"_links":{"self":[{"href":"http:\/\/klubmamgdynia.pl\/index.php\/wp-json\/wp\/v2\/product\/8028","targetHints":{"allow":["GET"]}}],"collection":[{"href":"http:\/\/klubmamgdynia.pl\/index.php\/wp-json\/wp\/v2\/product"}],"about":[{"href":"http:\/\/klubmamgdynia.pl\/index.php\/wp-json\/wp\/v2\/types\/product"}],"replies":[{"embeddable":true,"href":"http:\/\/klubmamgdynia.pl\/index.php\/wp-json\/wp\/v2\/comments?post=8028"}],"wp:featuredmedia":[{"embeddable":true,"href":"http:\/\/klubmamgdynia.pl\/index.php\/wp-json\/wp\/v2\/media\/8029"}],"wp:attachment":[{"href":"http:\/\/klubmamgdynia.pl\/index.php\/wp-json\/wp\/v2\/media?parent=8028"}],"wp:term":[{"taxonomy":"product_cat","embeddable":true,"href":"http:\/\/klubmamgdynia.pl\/index.php\/wp-json\/wp\/v2\/product_cat?post=8028"},{"taxonomy":"product_tag","embeddable":true,"href":"http:\/\/klubmamgdynia.pl\/index.php\/wp-json\/wp\/v2\/product_tag?post=8028"}],"curies":[{"name":"wp","href":"https:\/\/api.w.org\/{rel}","templated":true}]}}