{"id":8030,"date":"2011-05-22T01:25:01","date_gmt":"2011-05-21T23:25:01","guid":{"rendered":"http:\/\/klubmamgdynia.pl\/index.php\/produkt\/barbie-colour-reveal-kolorowa-niespodzianka-bobasek-seria-wakacyjna-ast-gtt12\/"},"modified":"2026-05-17T22:33:48","modified_gmt":"2026-05-17T20:33:48","slug":"barbie-colour-reveal-kolorowa-niespodzianka-bobasek-seria-wakacyjna-ast-gtt12","status":"publish","type":"product","link":"http:\/\/klubmamgdynia.pl\/index.php\/produkt\/barbie-colour-reveal-kolorowa-niespodzianka-bobasek-seria-wakacyjna-ast-gtt12\/","title":{"rendered":"Barbie Colour Reveal Kolorowa Niespodzianka BOBASEK SERIA WAKACYJNA AST. GTT12"},"content":{"rendered":"<p>Te wspania\u0142e zestawy Barbie\u00ae Color Reveal\u2122 Wakacyjny Bobasek kryj\u0105 mn\u00f3stwo niespodzianek!W ka\u017cdym z nich jest s\u0142odki wakacyjny bobas ,ale jego wygl\u0105d pozostaje na razie tajemnic\u0105.Dziewczynki b\u0119d\u0105 si\u0119 \u015bwietnie bawi\u0107 odkrywaj\u0105c t\u0105 wspania\u0142\u0105 seri\u0119 bobask\u00f3w.Na pocz\u0105tek otw\u00f3rz opakowanie i wyjmij ma\u0142\u0105 laleczk\u0119 od st\u00f3p do g\u0142\u00f3w w kolorze fioletowym oraz 3 woreczki z niespodziankami.Nape\u0142nij pojemniczek ciep\u0142\u0105 wod\u0105, umie\u015b\u0107 nadgarstek i mieszaj przez kilka chwil: woda zmieni kolor na pastelowy fiolet. Wyci\u0105gnij laleczk\u0119, aby ods\u0142oni\u0107 jej wygl\u0105d.Ka\u017cda z laleczek ma inn\u0105 kombinacj\u0119 odcienia sk\u00f3ry, koloru w\u0142os\u00f3w, koloru oczu i kostiumu k\u0105pielowego.Otw\u00f3rz 3 tajemnicze woreczki, aby odkry\u0107 swoje niespodzianki: kapelusz przeciws\u0142oneczny, r\u0119cznik i smoczek lub butelk\u0119 dla bobaska.<\/p>\n<h2>Barbie Colour Reveal Kolorowa Niespodzianka BOBASEK SERIA WAKACYJNA AST. GTT12 Barbie<\/h2>\n<p>traktor do druku, atrakcje dla dzieci wroc\u0142aw 2021, m\u0105dre bajki dla dzieci do czytania, zagadki dla dzieci 10-12 lat, gwiazda do wydruku, trudne \u0142amig\u0142\u00f3wki, roczek prezenty, po\u0142\u0105cz kropki do druku \u0142atwe, kwiaty polne nazwy i zdj\u0119cia, halszka, znaki drogowe test online, znaki drogowe do druku, wr\u00f3\u017cby andrzejkowe dla dzieci zawody, prezenty dla nastolatki, zagadki matematyczne dla przedszkolak\u00f3w, zaj\u0119cia kulinarne dla dzieci pomys\u0142y<\/p>\n<p>yyyyy<\/p>\n<p>&nbsp;<\/p>\n","protected":false},"excerpt":{"rendered":"<p>Te wspania\u0142e zestawy Barbie\u00ae Color Reveal\u2122 Wakacyjny Bobasek kryj\u0105 mn\u00f3stwo niespodzianek!W ka\u017cdym z nich jest s\u0142odki wakacyjny bobas ,ale jego wygl\u0105d pozostaje na razie tajemnic\u0105.Dziewczynki b\u0119d\u0105 si\u0119 \u015bwietnie bawi\u0107 odkrywaj\u0105c t\u0105 wspania\u0142\u0105 seri\u0119 bobask\u00f3w.Na pocz\u0105tek otw\u00f3rz opakowanie i wyjmij ma\u0142\u0105 laleczk\u0119 od st\u00f3p do g\u0142\u00f3w w kolorze fioletowym oraz 3 woreczki z niespodziankami.Nape\u0142nij pojemniczek ciep\u0142\u0105 [&hellip;]<\/p>\n","protected":false},"featured_media":8031,"comment_status":"closed","ping_status":"open","template":"","meta":[],"product_cat":[173,65],"product_tag":[619,583,850,634],"class_list":["post-8030","product","type-product","status-publish","has-post-thumbnail","hentry","product_cat-barbie","product_cat-lalki","product_tag-iwo-imie","product_tag-kolysanki-dla-dzieci-tekst","product_tag-wroclaw-atrakcje-dla-dzieci","product_tag-zagadki-wielkanocne-dla-dzieci"],"_links":{"self":[{"href":"http:\/\/klubmamgdynia.pl\/index.php\/wp-json\/wp\/v2\/product\/8030","targetHints":{"allow":["GET"]}}],"collection":[{"href":"http:\/\/klubmamgdynia.pl\/index.php\/wp-json\/wp\/v2\/product"}],"about":[{"href":"http:\/\/klubmamgdynia.pl\/index.php\/wp-json\/wp\/v2\/types\/product"}],"replies":[{"embeddable":true,"href":"http:\/\/klubmamgdynia.pl\/index.php\/wp-json\/wp\/v2\/comments?post=8030"}],"wp:featuredmedia":[{"embeddable":true,"href":"http:\/\/klubmamgdynia.pl\/index.php\/wp-json\/wp\/v2\/media\/8031"}],"wp:attachment":[{"href":"http:\/\/klubmamgdynia.pl\/index.php\/wp-json\/wp\/v2\/media?parent=8030"}],"wp:term":[{"taxonomy":"product_cat","embeddable":true,"href":"http:\/\/klubmamgdynia.pl\/index.php\/wp-json\/wp\/v2\/product_cat?post=8030"},{"taxonomy":"product_tag","embeddable":true,"href":"http:\/\/klubmamgdynia.pl\/index.php\/wp-json\/wp\/v2\/product_tag?post=8030"}],"curies":[{"name":"wp","href":"https:\/\/api.w.org\/{rel}","templated":true}]}}