{"id":8034,"date":"2012-06-08T06:44:10","date_gmt":"2012-06-08T04:44:10","guid":{"rendered":"http:\/\/klubmamgdynia.pl\/index.php\/produkt\/ramiz-metalowy-mega-crawler-18\/"},"modified":"2026-04-29T20:46:03","modified_gmt":"2026-04-29T18:46:03","slug":"ramiz-metalowy-mega-crawler-18","status":"publish","type":"product","link":"http:\/\/klubmamgdynia.pl\/index.php\/produkt\/ramiz-metalowy-mega-crawler-18\/","title":{"rendered":"Ramiz Metalowy Mega Crawler 1:8"},"content":{"rendered":"<p>OpisMetalowy Mega Crawler 1:8Mega du\u017cy, terenowy pojazd zdalnie sterowany z nap\u0119dem na cztery ko\u0142a to propozycja dla dzieci od 3 roku \u017cycia. Du\u017ce gumowe opony, spr\u0119\u017cynowe zawieszenie sprawia, ze pojazd bez problemu pokona ka\u017cd\u0105 powierzchni\u0119. Pojazd wykonany jest z wysokiej jako\u015bci materia\u0142\u00f3w, ma metalow\u0105 karoseri\u0119, co zapewnia mu wytrzyma\u0142o\u015b\u0107. O\u015bwietlenie LED umo\u017cliwia jazd\u0119 ju\u017c po zmroku. Zabawka zasilana jest bateriami typu 8,4VAuto (w zestawie) i 2 x AA 1,5V (brak w zestawie) &#8211; pilot. Czas \u0142adowania pojazdu to oko\u0142o 3 godziny, czas jazdy oko\u0142o 10 minut.Wymiary- pojazd ok. 49 cm x 27 cm x 30 cm,- opakowanie ok. 62 cm x 33 cm x 31 cmZawarto\u015b\u0107 zestawu- auto,- pilot,- akumulator 8,4V 2000mAh,- kabel USB do \u0142adowania akumulatora.<\/p>\n<h2>Ramiz Metalowy Mega Crawler 1:8 Ramiz<\/h2>\n<p>rysunki dla pocz\u0105tkuj\u0105cych, dzie\u0144 dziecka dla nastolatk\u00f3w, \u015bmieszne kanapki kanapki dla dzieci, bajka terapeutyczna o z\u0142o\u015bci pdf, dyplomy do druku pdf, aurelia, pani wiosna do druku<\/p>\n<p>yyyyy<\/p>\n<p>&nbsp;<\/p>\n","protected":false},"excerpt":{"rendered":"<p>OpisMetalowy Mega Crawler 1:8Mega du\u017cy, terenowy pojazd zdalnie sterowany z nap\u0119dem na cztery ko\u0142a to propozycja dla dzieci od 3 roku \u017cycia. Du\u017ce gumowe opony, spr\u0119\u017cynowe zawieszenie sprawia, ze pojazd bez problemu pokona ka\u017cd\u0105 powierzchni\u0119. Pojazd wykonany jest z wysokiej jako\u015bci materia\u0142\u00f3w, ma metalow\u0105 karoseri\u0119, co zapewnia mu wytrzyma\u0142o\u015b\u0107. O\u015bwietlenie LED umo\u017cliwia jazd\u0119 ju\u017c po [&hellip;]<\/p>\n","protected":false},"featured_media":8035,"comment_status":"closed","ping_status":"open","template":"","meta":[],"product_cat":[36,337],"product_tag":[825,629,672,788,694],"class_list":["post-8034","product","type-product","status-publish","has-post-thumbnail","hentry","product_cat-ramiz","product_cat-zabawki-zdalnie-sterowane","product_tag-bajka-na-dobranoc-do-czytania","product_tag-smieszne-zagadki-z-odpowiedziami","product_tag-trudne-zagadki-z-odpowiedziami","product_tag-zagadki-krotkie","product_tag-zagadki-swiateczne-dla-dzieci"],"_links":{"self":[{"href":"http:\/\/klubmamgdynia.pl\/index.php\/wp-json\/wp\/v2\/product\/8034","targetHints":{"allow":["GET"]}}],"collection":[{"href":"http:\/\/klubmamgdynia.pl\/index.php\/wp-json\/wp\/v2\/product"}],"about":[{"href":"http:\/\/klubmamgdynia.pl\/index.php\/wp-json\/wp\/v2\/types\/product"}],"replies":[{"embeddable":true,"href":"http:\/\/klubmamgdynia.pl\/index.php\/wp-json\/wp\/v2\/comments?post=8034"}],"wp:featuredmedia":[{"embeddable":true,"href":"http:\/\/klubmamgdynia.pl\/index.php\/wp-json\/wp\/v2\/media\/8035"}],"wp:attachment":[{"href":"http:\/\/klubmamgdynia.pl\/index.php\/wp-json\/wp\/v2\/media?parent=8034"}],"wp:term":[{"taxonomy":"product_cat","embeddable":true,"href":"http:\/\/klubmamgdynia.pl\/index.php\/wp-json\/wp\/v2\/product_cat?post=8034"},{"taxonomy":"product_tag","embeddable":true,"href":"http:\/\/klubmamgdynia.pl\/index.php\/wp-json\/wp\/v2\/product_tag?post=8034"}],"curies":[{"name":"wp","href":"https:\/\/api.w.org\/{rel}","templated":true}]}}