{"id":8036,"date":"2022-08-26T08:39:06","date_gmt":"2022-08-26T06:39:06","guid":{"rendered":"http:\/\/klubmamgdynia.pl\/index.php\/produkt\/russell-maly-zestaw-do-tatuazu-z-brokatem\/"},"modified":"2026-04-06T02:51:28","modified_gmt":"2026-04-06T00:51:28","slug":"russell-maly-zestaw-do-tatuazu-z-brokatem","status":"publish","type":"product","link":"http:\/\/klubmamgdynia.pl\/index.php\/produkt\/russell-maly-zestaw-do-tatuazu-z-brokatem\/","title":{"rendered":"Russell Ma\u0142y Zestaw Do Tatua\u017cu Z Brokatem"},"content":{"rendered":"<p>Super zestaw dla mi\u0142o\u015bniczek brokatu i zmywalnych tatua\u017cy! Zmywalne tatua\u017ce b\u0119d\u0105 wspania\u0142\u0105 ozdob\u0105 podczas wakacji lub imprezy. NAZWA MA\u0141Y ZESTAW DO TATUA\u017bU Z BROKATEM PRODUCENT RUSSELL WIEK 8+ EAN 8056779020833 Znajd\u017a podobne wed\u0142ug klucza: RUSSELL ZESTAW (493819)<\/p>\n<h2>Russell Ma\u0142y Zestaw Do Tatua\u017cu Z Brokatem Russell<\/h2>\n<p>gry i zabawy dla dzieci, kolorowanki lego ninjago, lego ninjago kolorowanki, traktor z przyczep\u0105 kolorowanka, prezent dla ch\u0142opca na roczek, miko\u0142ajek sprawdzian z lektury z odpowiedziami, zagadki na myslenie, cytat o dziecku, imie iwo, historia pluszowego misia dla dzieci, cytaty o dzieciach i rodzicach, zagadki \u015bmieszne, bo\u017ce narodzenie quiz, co kupi\u0107 dziewczynce na roczek, opisy do zdj\u0119\u0107 dziecka, dobranoc zimowo, opowie\u015bci z narnii lew czarownica i stara szafa test do wydruku, wzory zaprosze\u0144 zaproszenie na urodziny szablon do druku<\/p>\n<p>yyyyy<\/p>\n<p>&nbsp;<\/p>\n","protected":false},"excerpt":{"rendered":"<p>Super zestaw dla mi\u0142o\u015bniczek brokatu i zmywalnych tatua\u017cy! Zmywalne tatua\u017ce b\u0119d\u0105 wspania\u0142\u0105 ozdob\u0105 podczas wakacji lub imprezy. NAZWA MA\u0141Y ZESTAW DO TATUA\u017bU Z BROKATEM PRODUCENT RUSSELL WIEK 8+ EAN 8056779020833 Znajd\u017a podobne wed\u0142ug klucza: RUSSELL ZESTAW (493819) Russell Ma\u0142y Zestaw Do Tatua\u017cu Z Brokatem Russell gry i zabawy dla dzieci, kolorowanki lego ninjago, lego ninjago [&hellip;]<\/p>\n","protected":false},"featured_media":8037,"comment_status":"closed","ping_status":"open","template":"","meta":[],"product_cat":[422,21],"product_tag":[684,631,800],"class_list":["post-8036","product","type-product","status-publish","has-post-thumbnail","hentry","product_cat-russell","product_cat-zabawki-plastyczne","product_tag-prezent-dla-dziewczynki-na-roczek","product_tag-prezent-na-roczek","product_tag-zagadki-smieszne"],"_links":{"self":[{"href":"http:\/\/klubmamgdynia.pl\/index.php\/wp-json\/wp\/v2\/product\/8036","targetHints":{"allow":["GET"]}}],"collection":[{"href":"http:\/\/klubmamgdynia.pl\/index.php\/wp-json\/wp\/v2\/product"}],"about":[{"href":"http:\/\/klubmamgdynia.pl\/index.php\/wp-json\/wp\/v2\/types\/product"}],"replies":[{"embeddable":true,"href":"http:\/\/klubmamgdynia.pl\/index.php\/wp-json\/wp\/v2\/comments?post=8036"}],"wp:featuredmedia":[{"embeddable":true,"href":"http:\/\/klubmamgdynia.pl\/index.php\/wp-json\/wp\/v2\/media\/8037"}],"wp:attachment":[{"href":"http:\/\/klubmamgdynia.pl\/index.php\/wp-json\/wp\/v2\/media?parent=8036"}],"wp:term":[{"taxonomy":"product_cat","embeddable":true,"href":"http:\/\/klubmamgdynia.pl\/index.php\/wp-json\/wp\/v2\/product_cat?post=8036"},{"taxonomy":"product_tag","embeddable":true,"href":"http:\/\/klubmamgdynia.pl\/index.php\/wp-json\/wp\/v2\/product_tag?post=8036"}],"curies":[{"name":"wp","href":"https:\/\/api.w.org\/{rel}","templated":true}]}}