{"id":8038,"date":"2021-12-22T08:22:16","date_gmt":"2021-12-22T07:22:16","guid":{"rendered":"http:\/\/klubmamgdynia.pl\/index.php\/produkt\/hipp-bio-przysmak-na-dobranoc-kaszka-manna-z-mlekiem-i-bananami-po-4-m-190g\/"},"modified":"2026-05-17T22:39:51","modified_gmt":"2026-05-17T20:39:51","slug":"hipp-bio-przysmak-na-dobranoc-kaszka-manna-z-mlekiem-i-bananami-po-4-m-190g","status":"publish","type":"product","link":"http:\/\/klubmamgdynia.pl\/index.php\/produkt\/hipp-bio-przysmak-na-dobranoc-kaszka-manna-z-mlekiem-i-bananami-po-4-m-190g\/","title":{"rendered":"Hipp Bio Przysmak Na Dobranoc Kaszka Manna Z Mlekiem I Bananami Po 4 M 190G"},"content":{"rendered":"<p>HiPP BIO Przysmak Na Dobranoc &#8211; kaszka manna z mlekiem i bananami dla dzieci po 4. miesi\u0105cu \u017cyciaProdukt z certyfikatem ekologicznym &#8211; zgodnie z prawem UE. Znak HiPP BIO to gwarancja ponad 260 kontroli ka\u017cdego s\u0142oiczka oraz 60 lat do\u015bwiadczenia w rolnictwie ekologicznym.- bez dodatku cukru &#8211; zawiera naturalnie wyst\u0119puj\u0105ce cukry- zgodnie z przepisami prawa z wapniem oraz witaminami: A, D i B1- zgodnie z przepisami prawa nie zawiera substancji konserwuj\u0105cych ani barwnik\u00f3w; bez aromat\u00f3<\/p>\n<h2>Hipp Bio Przysmak Na Dobranoc Kaszka Manna Z Mlekiem I Bananami Po 4 M 190G Hipp<\/h2>\n<p>kolorowanka wakacje, motto dla nauczyciela, filmy rodzinne na halloween, na wyspach bergamuta, jak narysowa\u0107 psa, anastazja imi\u0119, zagadki dla dzieci 4-5 lat online, ksi\u0105\u017cka dla dzieci online, kamila, dzien matki cytaty, laura, rzadkie imiona dla dziewczynek, dobranoc zimowo<\/p>\n<p>yyyyy<\/p>\n<p>&nbsp;<\/p>\n","protected":false},"excerpt":{"rendered":"<p>HiPP BIO Przysmak Na Dobranoc &#8211; kaszka manna z mlekiem i bananami dla dzieci po 4. miesi\u0105cu \u017cyciaProdukt z certyfikatem ekologicznym &#8211; zgodnie z prawem UE. Znak HiPP BIO to gwarancja ponad 260 kontroli ka\u017cdego s\u0142oiczka oraz 60 lat do\u015bwiadczenia w rolnictwie ekologicznym.- bez dodatku cukru &#8211; zawiera naturalnie wyst\u0119puj\u0105ce cukry- zgodnie z przepisami prawa [&hellip;]<\/p>\n","protected":false},"featured_media":8039,"comment_status":"closed","ping_status":"open","template":"","meta":[],"product_cat":[66,107],"product_tag":[674,628],"class_list":["post-8038","product","type-product","status-publish","has-post-thumbnail","hentry","product_cat-hipp","product_cat-kaszki-dla-dzieci","product_tag-miasto-dzieci","product_tag-zagadka"],"_links":{"self":[{"href":"http:\/\/klubmamgdynia.pl\/index.php\/wp-json\/wp\/v2\/product\/8038","targetHints":{"allow":["GET"]}}],"collection":[{"href":"http:\/\/klubmamgdynia.pl\/index.php\/wp-json\/wp\/v2\/product"}],"about":[{"href":"http:\/\/klubmamgdynia.pl\/index.php\/wp-json\/wp\/v2\/types\/product"}],"replies":[{"embeddable":true,"href":"http:\/\/klubmamgdynia.pl\/index.php\/wp-json\/wp\/v2\/comments?post=8038"}],"wp:featuredmedia":[{"embeddable":true,"href":"http:\/\/klubmamgdynia.pl\/index.php\/wp-json\/wp\/v2\/media\/8039"}],"wp:attachment":[{"href":"http:\/\/klubmamgdynia.pl\/index.php\/wp-json\/wp\/v2\/media?parent=8038"}],"wp:term":[{"taxonomy":"product_cat","embeddable":true,"href":"http:\/\/klubmamgdynia.pl\/index.php\/wp-json\/wp\/v2\/product_cat?post=8038"},{"taxonomy":"product_tag","embeddable":true,"href":"http:\/\/klubmamgdynia.pl\/index.php\/wp-json\/wp\/v2\/product_tag?post=8038"}],"curies":[{"name":"wp","href":"https:\/\/api.w.org\/{rel}","templated":true}]}}