{"id":8040,"date":"2019-07-12T00:35:04","date_gmt":"2019-07-11T22:35:04","guid":{"rendered":"http:\/\/klubmamgdynia.pl\/index.php\/produkt\/barbie-klub-opiekunki-niemowle-w-pizamce-owieczka-grp01-grp04\/"},"modified":"2026-04-29T11:23:12","modified_gmt":"2026-04-29T09:23:12","slug":"barbie-klub-opiekunki-niemowle-w-pizamce-owieczka-grp01-grp04","status":"publish","type":"product","link":"http:\/\/klubmamgdynia.pl\/index.php\/produkt\/barbie-klub-opiekunki-niemowle-w-pizamce-owieczka-grp01-grp04\/","title":{"rendered":"Barbie &#8211; Klub opiekunki Niemowl\u0119 w pi\u017camce Owieczka GRP01 GRP04"},"content":{"rendered":"<p>Lalki i zabawki Barbie z linii Skipper Klub Opiekunek pozwalaj\u0105 dzieciom wcieli\u0107 si\u0119 w rol\u0119 niani, a dzi\u0119ki tym lalkom bobaskom w uroczych zwierz\u0119cych przebraniach zabawa jest jeszcze ciekawsza. Do wyboru jest lalka dziecko w zdejmowanym kostiumie kr\u00f3liczka, pieska lub owieczki. Ka\u017cda lalka ma te\u017c na sobie pieluszk\u0119, kt\u00f3r\u0105 mo\u017cna \u0142atwo za\u0142o\u017cy\u0107 i zdj\u0105\u0107 podczas zabawy w przewijanie. Te lalki s\u0105 tak urocze, \u017ce rozbudz\u0105 w dzieciach empati\u0119 i trosk\u0119 oraz zainspiruj\u0105 do wymy\u015blania niesko\u0144czonych przyg\u00f3d zwi\u0105zanych z opiek\u0105 nad maluchami! \u015awie\u017co upieczone rodze\u0144stwo i ma\u0142e opiekunki mog\u0105 na wiele sposob\u00f3w rozwija\u0107 empati\u0119 oraz opieku\u0144czo\u015b\u0107. Zbierz wszystkie lalki i zabawki Barbie Skipper z linii Klub Opiekunek, aby uatrakcyjni\u0107 zabaw\u0119 oraz tworzy\u0107 w\u0142asne historyjki.Te zestawy Barbie z linii Skipper Klub Opiekunek z lalk\u0105 bobaskiem ubran\u0105 w zwierz\u0119cy kostium umo\u017cliwiaj\u0105 dzieciom klasyczne zabawy w odgrywanie roli rodzic\u00f3w.Aby urozmaici\u0107 zabaw\u0119, kostium mo\u017cna zdj\u0105\u0107.Lalki dzieci maj\u0105 \u0142atwe do zak\u0142adania i zdejmowania pieluszki \u2013 prawie jak prawdziwe \u2013 to zach\u0119ta do zabawy w odgrywanie r\u00f3l!Dzieci pokochaj\u0105 zajmowanie si\u0119 maluchami \u2013 to wspania\u0142y prezent z okazji narodzin rodze\u0144stwa.G\u0142\u00f3wne cechy produktu:Producent MattelLicencja BarbieDla dzieci od 3 roku \u017cyciaBobas w przebraniu Zdejmowany kostiumDzieci pokochaj\u0105 zajmowanie si\u0119 maluchamiWysoka jako\u015b\u0107 wykonania<\/p>\n<h2>Barbie &#8211; Klub opiekunki Niemowl\u0119 w pi\u017camce Owieczka GRP01 GRP04 Barbie<\/h2>\n<p>kolorowanki do druku pokemon, quiz o bajkach, malowanka, quiz o polsce dla dzieci, p\u0142onie ognisko w lesie, kanapki dla dzieci, marcel imie, quiz psi patrol, jak zrobi\u0107 samolot z papieru, zabawy dla 5 latka, kolorowanka wakacje, by\u0142a sobie \u017cabka ma\u0142a tekst, maska do druku<\/p>\n<p>yyyyy<\/p>\n<p>&nbsp;<\/p>\n","protected":false},"excerpt":{"rendered":"<p>Lalki i zabawki Barbie z linii Skipper Klub Opiekunek pozwalaj\u0105 dzieciom wcieli\u0107 si\u0119 w rol\u0119 niani, a dzi\u0119ki tym lalkom bobaskom w uroczych zwierz\u0119cych przebraniach zabawa jest jeszcze ciekawsza. Do wyboru jest lalka dziecko w zdejmowanym kostiumie kr\u00f3liczka, pieska lub owieczki. Ka\u017cda lalka ma te\u017c na sobie pieluszk\u0119, kt\u00f3r\u0105 mo\u017cna \u0142atwo za\u0142o\u017cy\u0107 i zdj\u0105\u0107 podczas [&hellip;]<\/p>\n","protected":false},"featured_media":8041,"comment_status":"closed","ping_status":"open","template":"","meta":[],"product_cat":[173,65],"product_tag":[691,682,830],"class_list":["post-8040","product","type-product","status-publish","has-post-thumbnail","hentry","product_cat-barbie","product_cat-lalki","product_tag-gabriel","product_tag-przyjazn-cytaty","product_tag-rodzina-cytaty"],"_links":{"self":[{"href":"http:\/\/klubmamgdynia.pl\/index.php\/wp-json\/wp\/v2\/product\/8040","targetHints":{"allow":["GET"]}}],"collection":[{"href":"http:\/\/klubmamgdynia.pl\/index.php\/wp-json\/wp\/v2\/product"}],"about":[{"href":"http:\/\/klubmamgdynia.pl\/index.php\/wp-json\/wp\/v2\/types\/product"}],"replies":[{"embeddable":true,"href":"http:\/\/klubmamgdynia.pl\/index.php\/wp-json\/wp\/v2\/comments?post=8040"}],"wp:featuredmedia":[{"embeddable":true,"href":"http:\/\/klubmamgdynia.pl\/index.php\/wp-json\/wp\/v2\/media\/8041"}],"wp:attachment":[{"href":"http:\/\/klubmamgdynia.pl\/index.php\/wp-json\/wp\/v2\/media?parent=8040"}],"wp:term":[{"taxonomy":"product_cat","embeddable":true,"href":"http:\/\/klubmamgdynia.pl\/index.php\/wp-json\/wp\/v2\/product_cat?post=8040"},{"taxonomy":"product_tag","embeddable":true,"href":"http:\/\/klubmamgdynia.pl\/index.php\/wp-json\/wp\/v2\/product_tag?post=8040"}],"curies":[{"name":"wp","href":"https:\/\/api.w.org\/{rel}","templated":true}]}}