{"id":8042,"date":"2023-11-15T12:05:08","date_gmt":"2023-11-15T11:05:08","guid":{"rendered":"http:\/\/klubmamgdynia.pl\/?post_type=product&#038;p=8042"},"modified":"2026-05-17T22:13:59","modified_gmt":"2026-05-17T20:13:59","slug":"playmobil-70053-city-life-quad-z-przyczepa-ratunkowa","status":"publish","type":"product","link":"http:\/\/klubmamgdynia.pl\/index.php\/produkt\/playmobil-70053-city-life-quad-z-przyczepa-ratunkowa\/","title":{"rendered":"Playmobil 70053 City Life Quad Z Przyczep\u0105 Ratunkow\u0105"},"content":{"rendered":"<p>PLAYMOBIL City Life Ratownictwo &#8211; to seria, kt\u00f3ra \u0142\u0105czy zabaw\u0119 z \u015bwiadomo\u015bci\u0105 udzielania pierwszej pomocy i bezpiecznego zachowania. Dziecko odgrywa sceny znane z codziennego \u017cycia pomagaj\u0105c potrzebuj\u0105cym pomocy. Zestawy z serii ratowniczej od PLAYMOBIL zosta\u0142y stworzone z my\u015bl\u0105 o dzieciach w wieku przedszkolnym rozwijaj\u0105c empati\u0119 i ch\u0119\u0107 niesienia pomocy potrzebuj\u0105cym. Wypadek w trudnym, niedost\u0119pnym terenie? Quad ratowniczy z przyczep\u0105 PLAYMOBIL 70053 z pewno\u015bci\u0105 dotrze na miejsce i zapewni wszelk\u0105 pomoc potrzebuj\u0105cym! Przyczepa umo\u017cliwi transport najbardziej potrzebuj\u0105cych oraz dost\u0119p do zaawansowanych \u015brodk\u00f3w medycznych! Najwa\u017cniejsze cechy zestawu: EAN: 4008789700537 sygna\u0142 \u015bwietlny i d\u017awi\u0119kowy (baterii brak w zestawie) figurka ratownika medycznego wysuwana szuflada, schodki oraz zdejmowany dach zapewniaj\u0105 doskona\u0142\u0105 zabaw\u0119 wewn\u0105trz przyczepy akcesoria: 1 walizka lekarska, 1 urz\u0105dzenie tlenowe, 1 stojak infuzyjny, 1 butelka infuzyjna z tubk\u0105, 2 podk\u0142adki infuzyjne, 1 tuba, 1 karta indeksowa, 1 koc, 2 kule wy\u017csze, 2 kule ni\u017csze, 1 puszka, 1 zestaw narz\u0119dzi medycznych, 1 arkusz etykiet z opatrunkami, 1 kask wymiary opakowania: 25 x 19 x 9 cm wymiary: 26 x 12 x 10 liczba element\u00f3w: 57 wiek: +4 lata Od 1974r. stworzona przez projektanta Hansa Beck zabawka systemowa PLAYMOBIL zaliczana jest do klasyk\u00f3w zabawek dzieci\u0119cych. PLAYMOBIL to kolekcje dopracowane do najdrobniejszych szczeg\u00f3\u0142\u00f3w \u2013 od statku pirackiego do szpitala dzieci\u0119cego. Od tamtej chwili wyprodukowano ju\u017c ok. 2,9 miliarda ma\u0142ych towarzyszy zabawy z typowym dla nich u\u015bmiechem na ka\u017cdej figurce. Ponad 30 \u015bwiat\u00f3w do zabawy rozpowszechnionych jest w oko\u0142o 100 krajach na \u015bwiecie. Rodzice i pedagodzy widz\u0105 w tej wielokrotnie nagradzanej zabawce systemowej synonim jako\u015bci i dobrej zabawy. PLAYMOBIL od lat s\u0142ynie z bezkompromisowego podej\u015bcia do jako\u015bci wytwarzanych produkt\u00f3w. Wszystkie linie produkcyjnej firmy znajduj\u0105 si\u0119 na terenie Europy. Ciekawostk\u0105 jest fakt, \u017ce \u015bwiat zamieszkuje ju\u017c ponad 2,1 miliarda figurek PLAYMOBIL! To dow\u00f3d na uznanie, jakim mark\u0119 darz\u0105 dzieci i ich rodzice.<\/p>\n<h2>Playmobil 70053 City Life Quad Z Przyczep\u0105 Ratunkow\u0105 Playmobil<\/h2>\n<p>co dla rocznego dziecka, maska psi patrol do druku, piesek kolorowanka, dinozaur bajka, karty matematyczne tabliczka mno\u017cenia do wydruku, zagadki na myslenie<\/p>\n<p>yyyyy<\/p>\n<p>&nbsp;<\/p>\n","protected":false},"excerpt":{"rendered":"<p>PLAYMOBIL City Life Ratownictwo &#8211; to seria, kt\u00f3ra \u0142\u0105czy zabaw\u0119 z \u015bwiadomo\u015bci\u0105 udzielania pierwszej pomocy i bezpiecznego zachowania. Dziecko odgrywa sceny znane z codziennego \u017cycia pomagaj\u0105c potrzebuj\u0105cym pomocy. Zestawy z serii ratowniczej od PLAYMOBIL zosta\u0142y stworzone z my\u015bl\u0105 o dzieciach w wieku przedszkolnym rozwijaj\u0105c empati\u0119 i ch\u0119\u0107 niesienia pomocy potrzebuj\u0105cym. Wypadek w trudnym, niedost\u0119pnym terenie? [&hellip;]<\/p>\n","protected":false},"featured_media":8043,"comment_status":"closed","ping_status":"open","template":"","meta":[],"product_cat":[113,466],"product_tag":[664,579,608,756],"class_list":["post-8042","product","type-product","status-publish","has-post-thumbnail","hentry","product_cat-klocki","product_cat-playmobil","product_tag-atrakcje-dla-dzieci-trojmiasto","product_tag-quiz-opowiesci-z-narnii-lew-czarownica-i-stara-szafa","product_tag-zagadki-i-odpowiedzi","product_tag-zaproszenie-na-urodziny-do-druku"],"_links":{"self":[{"href":"http:\/\/klubmamgdynia.pl\/index.php\/wp-json\/wp\/v2\/product\/8042","targetHints":{"allow":["GET"]}}],"collection":[{"href":"http:\/\/klubmamgdynia.pl\/index.php\/wp-json\/wp\/v2\/product"}],"about":[{"href":"http:\/\/klubmamgdynia.pl\/index.php\/wp-json\/wp\/v2\/types\/product"}],"replies":[{"embeddable":true,"href":"http:\/\/klubmamgdynia.pl\/index.php\/wp-json\/wp\/v2\/comments?post=8042"}],"wp:featuredmedia":[{"embeddable":true,"href":"http:\/\/klubmamgdynia.pl\/index.php\/wp-json\/wp\/v2\/media\/8043"}],"wp:attachment":[{"href":"http:\/\/klubmamgdynia.pl\/index.php\/wp-json\/wp\/v2\/media?parent=8042"}],"wp:term":[{"taxonomy":"product_cat","embeddable":true,"href":"http:\/\/klubmamgdynia.pl\/index.php\/wp-json\/wp\/v2\/product_cat?post=8042"},{"taxonomy":"product_tag","embeddable":true,"href":"http:\/\/klubmamgdynia.pl\/index.php\/wp-json\/wp\/v2\/product_tag?post=8042"}],"curies":[{"name":"wp","href":"https:\/\/api.w.org\/{rel}","templated":true}]}}