{"id":8044,"date":"2020-05-20T06:11:43","date_gmt":"2020-05-20T04:11:43","guid":{"rendered":"http:\/\/klubmamgdynia.pl\/index.php\/produkt\/artyk-promocja-tania-dostawa-zestaw-2-aut-straz-policja\/"},"modified":"2026-04-22T23:44:55","modified_gmt":"2026-04-22T21:44:55","slug":"artyk-promocja-tania-dostawa-zestaw-2-aut-straz-policja","status":"publish","type":"product","link":"http:\/\/klubmamgdynia.pl\/index.php\/produkt\/artyk-promocja-tania-dostawa-zestaw-2-aut-straz-policja\/","title":{"rendered":"Artyk Promocja Tania Dostawa Zestaw 2 Aut Stra\u017c + Policja"},"content":{"rendered":"<p>Zestaw 2 aut s\u0142u\u017cb specjalnych:-w\u00f3z z drabin\u0105 stra\u017cy po\u017carnej,- auto policyjne z otwieranymi drzwiami,Samochody posiadaj\u0105 ruchome elementy oraz efekty \u015bwietlne i d\u017awi\u0119kowe.Zabawki zasilane bateriami 2 x AG 13(w zestawie).Samochody zapakowane w pude\u0142ko z okienkiem.Wymiary opakowania:25 x 10 x 15 cm.Wiek:3+&#8230;<\/p>\n<h2>Artyk Promocja Tania Dostawa Zestaw 2 Aut Stra\u017c + Policja Artyk<\/h2>\n<p>film o \u015bwi\u0119tach dla dzieci, wzruszaj\u0105ce s\u0142owa dla przyjaci\u00f3\u0142ki, bajki dla dzieci do czytania, wszystkie flagi \u015bwiata quiz, nauka pisania literek do wydruku pdf, zdrowe dania dla dzieci, mapa polski do wydrukowania za darmo, kolorowanki do druku dla ch\u0142opc\u00f3w<\/p>\n<p>yyyyy<\/p>\n<p>&nbsp;<\/p>\n","protected":false},"excerpt":{"rendered":"<p>Zestaw 2 aut s\u0142u\u017cb specjalnych:-w\u00f3z z drabin\u0105 stra\u017cy po\u017carnej,- auto policyjne z otwieranymi drzwiami,Samochody posiadaj\u0105 ruchome elementy oraz efekty \u015bwietlne i d\u017awi\u0119kowe.Zabawki zasilane bateriami 2 x AG 13(w zestawie).Samochody zapakowane w pude\u0142ko z okienkiem.Wymiary opakowania:25 x 10 x 15 cm.Wiek:3+&#8230; Artyk Promocja Tania Dostawa Zestaw 2 Aut Stra\u017c + Policja Artyk film o \u015bwi\u0119tach dla [&hellip;]<\/p>\n","protected":false},"featured_media":8045,"comment_status":"closed","ping_status":"open","template":"","meta":[],"product_cat":[336,303],"product_tag":[719,657,642,749,592,714],"class_list":["post-8044","product","type-product","status-publish","has-post-thumbnail","hentry","product_cat-artyk","product_cat-kolekcjonerskie-modele-pojazdow","product_tag-dziecko-cytaty-zlote-mysli","product_tag-lol-kolorowanka","product_tag-mia-imie","product_tag-najlepsze-zarty-na-prima-aprilis","product_tag-zagadki-dla-dzieci","product_tag-zagadki-logiczne"],"_links":{"self":[{"href":"http:\/\/klubmamgdynia.pl\/index.php\/wp-json\/wp\/v2\/product\/8044","targetHints":{"allow":["GET"]}}],"collection":[{"href":"http:\/\/klubmamgdynia.pl\/index.php\/wp-json\/wp\/v2\/product"}],"about":[{"href":"http:\/\/klubmamgdynia.pl\/index.php\/wp-json\/wp\/v2\/types\/product"}],"replies":[{"embeddable":true,"href":"http:\/\/klubmamgdynia.pl\/index.php\/wp-json\/wp\/v2\/comments?post=8044"}],"wp:featuredmedia":[{"embeddable":true,"href":"http:\/\/klubmamgdynia.pl\/index.php\/wp-json\/wp\/v2\/media\/8045"}],"wp:attachment":[{"href":"http:\/\/klubmamgdynia.pl\/index.php\/wp-json\/wp\/v2\/media?parent=8044"}],"wp:term":[{"taxonomy":"product_cat","embeddable":true,"href":"http:\/\/klubmamgdynia.pl\/index.php\/wp-json\/wp\/v2\/product_cat?post=8044"},{"taxonomy":"product_tag","embeddable":true,"href":"http:\/\/klubmamgdynia.pl\/index.php\/wp-json\/wp\/v2\/product_tag?post=8044"}],"curies":[{"name":"wp","href":"https:\/\/api.w.org\/{rel}","templated":true}]}}