{"id":8046,"date":"2023-08-11T14:11:07","date_gmt":"2023-08-11T12:11:07","guid":{"rendered":"http:\/\/klubmamgdynia.pl\/?post_type=product&#038;p=8046"},"modified":"2026-04-24T20:54:49","modified_gmt":"2026-04-24T18:54:49","slug":"paola-reina-hiszpanska-lalka-21cm-02102","status":"publish","type":"product","link":"http:\/\/klubmamgdynia.pl\/index.php\/produkt\/paola-reina-hiszpanska-lalka-21cm-02102\/","title":{"rendered":"Paola Reina Hiszpa\u0144ska Lalka 21Cm (02102)"},"content":{"rendered":"<p>Paola Reina Hiszpa\u0144ska Lalka 21Cm (02102)<\/p>\n<p>Firma Paola Reina tworzy wyj\u0105tkowe i niepowtarzalne lalki,<br \/>\nk\u00f3rych mark\u0105 sta\u0142y si\u0119 pi\u0119kno i najwy\u017csza jako\u015b\u0107 wykonania!Lalki firmy Paola<br \/>\nReina to gwarancja doskona\u0142ej jako\u015bci wykonania. Wytwarzane s\u0105 r\u0119cznie 100% w<br \/>\nHiszpanii.                             <\/p>\n<p>S\u0105 produktami markowymi, spe\u0142niaj\u0105cymi restrykcyjne normy<br \/>\ndotycz\u0105ce bezpiecze\u0144stwa zabawek CE. Triana 02102<\/p>\n<h2>Paola Reina Hiszpa\u0144ska Lalka 21Cm (02102) Paola Reina<\/h2>\n<p>prezenty na roczek, malowanki do druku, logiczne zagadki dla dzieci, zagadki o wio\u015bnie dla dzieci, co kupic na roczek<\/p>\n<p>yyyyy<\/p>\n<p>&nbsp;<\/p>\n","protected":false},"excerpt":{"rendered":"<p>Paola Reina Hiszpa\u0144ska Lalka 21Cm (02102) Firma Paola Reina tworzy wyj\u0105tkowe i niepowtarzalne lalki, k\u00f3rych mark\u0105 sta\u0142y si\u0119 pi\u0119kno i najwy\u017csza jako\u015b\u0107 wykonania!Lalki firmy Paola Reina to gwarancja doskona\u0142ej jako\u015bci wykonania. Wytwarzane s\u0105 r\u0119cznie 100% w Hiszpanii. S\u0105 produktami markowymi, spe\u0142niaj\u0105cymi restrykcyjne normy dotycz\u0105ce bezpiecze\u0144stwa zabawek CE. Triana 02102 Paola Reina Hiszpa\u0144ska Lalka 21Cm (02102) [&hellip;]<\/p>\n","protected":false},"featured_media":8047,"comment_status":"closed","ping_status":"open","template":"","meta":[],"product_cat":[65,1342],"product_tag":[719,853,812],"class_list":["post-8046","product","type-product","status-publish","has-post-thumbnail","hentry","product_cat-lalki","product_cat-paola-reina","product_tag-dziecko-cytaty-zlote-mysli","product_tag-kolorowanki-do-druku-dla-doroslych","product_tag-zagadki-logiczne-na-inteligencje"],"_links":{"self":[{"href":"http:\/\/klubmamgdynia.pl\/index.php\/wp-json\/wp\/v2\/product\/8046","targetHints":{"allow":["GET"]}}],"collection":[{"href":"http:\/\/klubmamgdynia.pl\/index.php\/wp-json\/wp\/v2\/product"}],"about":[{"href":"http:\/\/klubmamgdynia.pl\/index.php\/wp-json\/wp\/v2\/types\/product"}],"replies":[{"embeddable":true,"href":"http:\/\/klubmamgdynia.pl\/index.php\/wp-json\/wp\/v2\/comments?post=8046"}],"wp:featuredmedia":[{"embeddable":true,"href":"http:\/\/klubmamgdynia.pl\/index.php\/wp-json\/wp\/v2\/media\/8047"}],"wp:attachment":[{"href":"http:\/\/klubmamgdynia.pl\/index.php\/wp-json\/wp\/v2\/media?parent=8046"}],"wp:term":[{"taxonomy":"product_cat","embeddable":true,"href":"http:\/\/klubmamgdynia.pl\/index.php\/wp-json\/wp\/v2\/product_cat?post=8046"},{"taxonomy":"product_tag","embeddable":true,"href":"http:\/\/klubmamgdynia.pl\/index.php\/wp-json\/wp\/v2\/product_tag?post=8046"}],"curies":[{"name":"wp","href":"https:\/\/api.w.org\/{rel}","templated":true}]}}