{"id":8048,"date":"2021-11-07T05:49:58","date_gmt":"2021-11-07T04:49:58","guid":{"rendered":"http:\/\/klubmamgdynia.pl\/index.php\/produkt\/barbie-lalka-skipper-babysitters-akcesoria-spacerowe-wozek-fxg94-fxg95\/"},"modified":"2026-04-04T00:02:28","modified_gmt":"2026-04-03T22:02:28","slug":"barbie-lalka-skipper-babysitters-akcesoria-spacerowe-wozek-fxg94-fxg95","status":"publish","type":"product","link":"http:\/\/klubmamgdynia.pl\/index.php\/produkt\/barbie-lalka-skipper-babysitters-akcesoria-spacerowe-wozek-fxg94-fxg95\/","title":{"rendered":"Barbie Lalka SKIPPER BABYSITTERS AKCESORIA SPACEROWE W\u00d3ZEK FXG94 FXG95"},"content":{"rendered":"<p>Odgrywaj klasyczne scenki opieki nad niemowl\u0119ciem razem z zestawami do zabawy!                            <\/p>\n<p>Zestaw z w\u00f3zkiem zawiera spacer\u00f3wk\u0119, bobasa ze zdejmowan\u0105 pieluszk\u0105, kubeczek oraz mat\u0119 do siedzenia.                            <\/p>\n<p>W\u00f3zek pozwala zabra\u0107 na spacer lalk\u0119 niemowl\u0119, a koszyk pod spodem umo\u017cliwia przechowywanie kocyka i butelki, z kt\u00f3rych mo\u017cna skorzysta\u0107, gdy przyjdzie czas na odpoczynek na \u015bwie\u017cym powietrzu.                            <\/p>\n<p>Po wyj\u0119ciu fotelika mo\u017cna go u\u017cy\u0107 jako noside\u0142ka, aby urozmaici\u0107 zabaw\u0119                            <\/p>\n<p>OPIS PRODUKTU                            <\/p>\n<p>Dzieci pokochaj\u0105 zajmowanie si\u0119 maluchami i rozwin\u0105 zmys\u0142 opieku\u0144czo\u015bci razem ze Skipper, jej przyjaci\u00f3\u0142mi i tymi uroczymi zestawami do zabawy \u2013 to wspania\u0142y prezent z okazji narodzin rodze\u0144stwaZbierz wszystkie lalki opiekunki i akcesoria Barbie, aby pobudzi\u0107 wyobra\u017ani\u0119 i odkry\u0107 nowe mo\u017cliwo\u015bci zabawy, bo z Barbie ka\u017cda dziewczynka mo\u017ce by\u0107 kim chce (zabawki sprzedawane oddzielnie, zale\u017cnie od dost\u0119pno\u015bci)<\/p>\n<h2>Barbie Lalka SKIPPER BABYSITTERS AKCESORIA SPACEROWE W\u00d3ZEK FXG94 FXG95 Barbie<\/h2>\n<p>prezent na roczek, opis do zdj\u0119cia dziecka, trudne zagadki logiczne, psi patrol do czytania, bajka dla niemowlaka, prezent dla 15 latka, wakacje kolorowanka, kr\u00f3tkie zagadki dla dzieci<\/p>\n<p>yyyyy<\/p>\n<p>&nbsp;<\/p>\n","protected":false},"excerpt":{"rendered":"<p>Odgrywaj klasyczne scenki opieki nad niemowl\u0119ciem razem z zestawami do zabawy! Zestaw z w\u00f3zkiem zawiera spacer\u00f3wk\u0119, bobasa ze zdejmowan\u0105 pieluszk\u0105, kubeczek oraz mat\u0119 do siedzenia. W\u00f3zek pozwala zabra\u0107 na spacer lalk\u0119 niemowl\u0119, a koszyk pod spodem umo\u017cliwia przechowywanie kocyka i butelki, z kt\u00f3rych mo\u017cna skorzysta\u0107, gdy przyjdzie czas na odpoczynek na \u015bwie\u017cym powietrzu. Po wyj\u0119ciu [&hellip;]<\/p>\n","protected":false},"featured_media":8049,"comment_status":"closed","ping_status":"open","template":"","meta":[],"product_cat":[173,65],"product_tag":[863,728,828,654,602,709],"class_list":["post-8048","product","type-product","status-publish","has-post-thumbnail","hentry","product_cat-barbie","product_cat-lalki","product_tag-bajki-dla-dziewczynek","product_tag-bezwarunkowa-milosc-do-dziecka-cytaty","product_tag-filmy-wigilijne-dla-dzieci","product_tag-krotkie-bajki-dla-dzieci-do-czytania","product_tag-quiz-o-zwierzetach-domowych","product_tag-zagadki-dla-dzieci-6-7-lat"],"_links":{"self":[{"href":"http:\/\/klubmamgdynia.pl\/index.php\/wp-json\/wp\/v2\/product\/8048","targetHints":{"allow":["GET"]}}],"collection":[{"href":"http:\/\/klubmamgdynia.pl\/index.php\/wp-json\/wp\/v2\/product"}],"about":[{"href":"http:\/\/klubmamgdynia.pl\/index.php\/wp-json\/wp\/v2\/types\/product"}],"replies":[{"embeddable":true,"href":"http:\/\/klubmamgdynia.pl\/index.php\/wp-json\/wp\/v2\/comments?post=8048"}],"wp:featuredmedia":[{"embeddable":true,"href":"http:\/\/klubmamgdynia.pl\/index.php\/wp-json\/wp\/v2\/media\/8049"}],"wp:attachment":[{"href":"http:\/\/klubmamgdynia.pl\/index.php\/wp-json\/wp\/v2\/media?parent=8048"}],"wp:term":[{"taxonomy":"product_cat","embeddable":true,"href":"http:\/\/klubmamgdynia.pl\/index.php\/wp-json\/wp\/v2\/product_cat?post=8048"},{"taxonomy":"product_tag","embeddable":true,"href":"http:\/\/klubmamgdynia.pl\/index.php\/wp-json\/wp\/v2\/product_tag?post=8048"}],"curies":[{"name":"wp","href":"https:\/\/api.w.org\/{rel}","templated":true}]}}