{"id":8050,"date":"2017-03-30T03:08:56","date_gmt":"2017-03-30T01:08:56","guid":{"rendered":"http:\/\/klubmamgdynia.pl\/index.php\/produkt\/ekspres-krups-evidence-eco-design-ea897b10\/"},"modified":"2026-05-17T22:23:41","modified_gmt":"2026-05-17T20:23:41","slug":"ekspres-krups-evidence-eco-design-ea897b10","status":"publish","type":"product","link":"http:\/\/klubmamgdynia.pl\/index.php\/produkt\/ekspres-krups-evidence-eco-design-ea897b10\/","title":{"rendered":"Ekspres Krups Evidence Eco Design EA897B10"},"content":{"rendered":"<p>Kawa dla dwojga<br \/>\nw tym samym czasie                            <\/p>\n<p>Intensywny smak<br \/>\ni aromat                            <\/p>\n<p>Funkcja ulubione<\/p>\n<p>Intuicyjna obs\u0142uga<\/p>\n<p>Du\u017cy wyb\u00f3r kaw<br \/>\nza jednym dotkni\u0119ciem                            <\/p>\n<p>\u0141atwo\u015b\u0107<br \/>\nczyszczenia                            <\/p>\n<p>Kawa w ulubionej fili\u017cance<\/p>\n<p>ECO  design<\/p>\n<p>W TROSCE O PLANET\u0118\u00a0                            <\/p>\n<p>Chc\u0105c dba\u0107 o \u015brodowisko zoptymalizowali\u015bmy przy produkcji ekspresu jego konstrukcj\u0119 oraz liczb\u0119 element\u00f3w. Wszystko to odby\u0142o si\u0119 przy zachowaniu wysokiej jako\u015bci oraz efektywno\u015bci ekspresu.                            <\/p>\n<p>DWIE KAWY MLECZNE ZA JEDNYM DOTKNI\u0118CIEM\u00a0                            <\/p>\n<p>Oszcz\u0119dzaj czas przygotowuj\u0105c dwie fili\u017canki kawy mlecznej za jednym dotkni\u0119ciem.<br \/>\n                Funkcja podw\u00f3jnego cappuccino lub caffe latte pozwoli Ci cieszy\u0107 si\u0119 d\u0142u\u017cej wsp\u00f3ln\u0105 chwil\u0105 z najbli\u017cszymi.                            <\/p>\n<p>PERFEKCYJNIE \u015aWIE\u017bO ZMIELONA KAWA\u00a0                            <\/p>\n<p> Smakuj zawsze idealn\u0105 kaw\u0119 z Ekspresem KRUPS Evidence ECO Design.<br \/>\n                Dzi\u0119ki technologii KRUPS Quattro Force urz\u0105dzenie optymalizuje ka\u017cdy etap przygotowywania espresso:<br \/>\n                od ziarna po fili\u017cank\u0119, tak\u00a0by\u015b m\u00f3g\u0142 cieszy\u0107 si\u0119 kaw\u0105 jak od baristy bez wychodzenia z domu.                            <\/p>\n<p>DU\u017bY WYB\u00d3R KAW ZA JEDNYM DOTKNI\u0118CIEM\u00a0                            <\/p>\n<p> Odkryj \u015bwiat pysznej i wyj\u0105tkowo aromatycznej kawy. Wybieraj spo\u015br\u00f3d 8 program\u00f3w automatycznych do\u00a0napoj\u00f3w,<br \/>\n                przygotowanych r\u00f3wnie\u017c w wysokich szklankach dzi\u0119ki regulowanej wysoko\u015bci wylotu kawy.                            <\/p>\n<p>EKO DESIGN\u00a0                            <\/p>\n<p> Ekspres KRUPS Evidence ECO Design wyr\u00f3\u017cnia si\u0119 eleganckim, kamiennym frontem.<br \/>\n                Dzi\u0119ki\u00a0niemu\u00a0urz\u0105dzenie nada wyj\u0105tkowy charakter Twojej kuchni.                            <\/p>\n<p>INDYWIDUALNE USTAWIENIA\u00a0                            <\/p>\n<p>   Ciesz si\u0119 smakiem kawy takiej jak lubisz i pozw\u00f3l, aby ekspres zapami\u0119ta\u0142 2 ulubione napoje!<br \/>\n                Wybierz\u00a0moc i wielko\u015b\u0107 napoju lub skorzystaj z funkcji EXTRA SHOT dodaj\u0105cej mu jeszcze wi\u0119cej intensywno\u015bci.                            <\/p>\n<p>PRZEJRZYSTY INTERFEJS\u00a0                            <\/p>\n<p>Kaw\u0119 dok\u0142adnie tak\u0105 jak lubisz przygotujesz dzi\u0119ki \u0142atwemu w obs\u0142udze czarno-bia\u0142emu panelowi.<br \/>\n                Wyb\u00f3r\u00a0napoju i personalizacja ustawie\u0144 s\u0105 wyj\u0105tkowo proste!                            <\/p>\n<p>DU\u017bY WYB\u00d3R KAW<br \/>\nZA JEDNYM DOTKNI\u0118CIEM\u00a0                            <\/p>\n<p>Ristretto                            <\/p>\n<p>Espresso                            <\/p>\n<p>Lungo<\/p>\n<p>Americano<\/p>\n<p>Cappuccino                            <\/p>\n<p>Caffe Latte                            <\/p>\n<p>Latte Macchiato<\/p>\n<p>Gor\u0105ca woda<\/p>\n<p>POZNAJ SPOSOBY NA WYKORZYSTANIE<br \/>\nKAWY NA NOWO!\u00a0                            <\/p>\n<p>DOWIEDZ SI\u0118 WI\u0118CEJ O EKSPRESIE<br \/>\nKRUPS EVIDENCE ECO DESIGN\u00a0                            <\/p>\n<p>Jak i jak cz\u0119sto czy\u015bci\u0107 ekspres?Wn\u0119trze ekspresu mo\u017cesz wymy\u0107 podobnie jak naczynia w zmywarce. Wrzucasz tabletk\u0119 czyszcz\u0105c\u0105 KRUPS do otworu w g\u00f3rnej cz\u0119\u015bci ekspresu, w\u0142\u0105czasz tryb czyszczenia znajduj\u0105cy si\u0119 w ustawieniach, a reszta robi si\u0119 sama. Czyszczenie ekspresu z t\u0142uszczy i olejk\u00f3w pozosta\u0142ych po kawie pozwala na d\u0142ugotrwa\u0142e i bezawaryjne u\u017cytkowanie ekspresu. Czyszczenie odbywa si\u0119 co ok 360 cykli kawy i ekspres informuje o tym automatycznie. Nie trzeba wywo\u0142ywa\u0107 czyszczenia samemu, a jedynie wykona\u0107 czynno\u015b\u0107, gdy pojawi si\u0119 stosowny komunikat na wy\u015bwietlaczu.                            <\/p>\n<p>Jak czy\u015bci\u0107 system spieniaj\u0105cy? Instrukcje czyszczenia oraz pomocne wskaz\u00f3wki znajduj\u0105 si\u0119 w ustawieniach ekspresu.<br \/>\n        Czyszczenie systemu spieniaj\u0105cego w ekspresie KRUPS Intuition sk\u0142ada si\u0119 z dw\u00f3ch etap\u00f3w:<br \/>\n        automatycznego oraz manualnego. Ekspres posiada automatyczny system p\u0142ukania,<br \/>\n        kt\u00f3ry mo\u017cesz uruchomi\u0107 po ka\u017cdym przygotowaniu kawy mlecznej. Dodatkowo nale\u017cy wyczy\u015bci\u0107 wylewk\u0119,<br \/>\n        sk\u0142adaj\u0105ce si\u0119 na ni\u0105 elementy oraz w\u0119\u017cyk do spieniania mleka. Wystarczy do tego woda z kranu,<br \/>\n        a Tw\u00f3j ekspres poprowadzi Ci\u0119 krok po kroku.                            <\/p>\n<p>Czy ekspres ma mo\u017cliwo\u015b\u0107 regulacji twardo\u015bci wody? Tak, ka\u017cdy ekspres KRUPS Intuition posiada regulacj\u0119 twardo\u015bci wody.                            <\/p>\n<p>Czy do ekspresu do\u0142\u0105czony jest filtr wody? Ka\u017cdy ekspres KRUPS posiada w zestawie startowym filtr do wody Claris,<br \/>\n        kt\u00f3ry nale\u017cy wymienia\u0107 zgodnie ze wskazaniami na wy\u015bwietlaczu ekspresu,<br \/>\n        co nast\u0119puje po przefiltrowaniu 50L wody lub co 3 miesi\u0105ce.<br \/>\n        Wymiana filtra jest bardzo wa\u017cna dla jako\u015bci Twojej kawy oraz prawid\u0142owej pracy ekspresu.                            <\/p>\n<p>Czy mo\u017cna u\u017cywa\u0107 wody niefiltrowanej? Podczas u\u017cytkowania ekspresu mo\u017cna stosowa\u0107 wod\u0119 niefiltrowan\u0105, z uj\u0119cia dopuszczonego do u\u017cytku.<br \/>\n        Odradzamy u\u017cywanie wody ze studni, wody oligoce\u0144skiej lub innych w\u00f3d, w kt\u00f3rych mog\u0105 znajdowa\u0107 si\u0119 du\u017ce ilo\u015bci minera\u0142\u00f3w.<br \/>\n        Stosowanie wody wysoko mineralizowanej lub bogatej w substancje organiczne mo\u017ce spowodowa\u0107 przedwczesnej zu\u017cycie produktu.                            <\/p>\n<p>Czy ekspres przep\u0142ukuje si\u0119 automatycznie po w\u0142\u0105czeniu i wy\u0142\u0105czeniu? Tak, urz\u0105dzenie posiada tak\u0105 funkcj\u0119. Nale\u017cy w\u0142\u0105czy\u0107 j\u0105 w ustawieniach ekspresu.                            <\/p>\n<p>Jakiego rodzaju kawy u\u017cywa\u0107, a jakiej unika\u0107?  Kawa oraz rodzaj ziaren maj\u0105 wp\u0142yw na Tw\u00f3j finalny nap\u00f3j.<br \/>\n        Do produktu mo\u017ce by\u0107 stosowana kawa zar\u00f3wno Arabika jak i Robusta lub mieszanina tych kaw.<br \/>\n        To Twoje preferencje smakowe decyduj\u0105 czy wolisz bardziej neutralny i zbilansowany smak Arabiki czy bardziej wyrazisty i kwasowy smak Robusty.<br \/>\n        Odradzamy natomiast u\u017cywania do produktu kaw tak zwanych zielonych czyli ziaren kawy przed procesem wypalania ziaren.<br \/>\n        R\u00f3wnie\u017c odradzamy stosowania kaw smakowych, karmelizowanych czy te\u017c kaw oleistych. Takie rodzaje ziaren kawy podczas<br \/>\n          obr\u00f3bki mielenia wydzielaj\u0105 dodatkowe substancje kt\u00f3re mog\u0105 spowodowa\u0107 uszkodzenie produktu.<\/p>\n<p>W jaki spos\u00f3b zwi\u0119kszy\u0107 moc kawy? Dostosuj moc kawy wybieraj\u0105c przy ka\u017cdym przepisie odpowiedni\u0105 liczb\u0119 ziarenek 1-3.<\/p>\n<p>Jakie s\u0105 warunki gwarancji dla tego ekspresu?  Gwarancja na ekspres przys\u0142uguje przez dwa lata od daty zakupu i obejmuje 3000 kaw na rok lub 6000 kaw na dwa lata. Ekspres sam zlicza cykle przygotowywanych kaw, kt\u00f3rych bie\u017c\u0105cy stan mo\u017cna sprawdzi\u0107 w ustawieniach ekspresu. Szczeg\u00f3\u0142owe warunki gwarancji znajdziesz na stronie krups.com.pl<\/p>\n<h2>Ekspres Krups Evidence Eco Design EA897B10 KRUPS<\/h2>\n<p>quiz dzieci z bullerbyn, kartka walentynkowa r\u0119cznie robiona \u0142atwa, kartka walentynkowa zrobiona przez dzieci, minecraft quiz, quiz o dinozaurach, kr\u00f3tkie \u017cyczenia wielkanocne dla dzieci, kolorowanka ninjago, zaproszenia na urodziny do wydruku czarno bia\u0142e, zagadki wiosenne dla dzieci, filmy rodzinne na halloween<\/p>\n<p>yyyyy<\/p>\n<p>&nbsp;<\/p>\n","protected":false},"excerpt":{"rendered":"<p>Kawa dla dwojga w tym samym czasie Intensywny smak i aromat Funkcja ulubione Intuicyjna obs\u0142uga Du\u017cy wyb\u00f3r kaw za jednym dotkni\u0119ciem \u0141atwo\u015b\u0107 czyszczenia Kawa w ulubionej fili\u017cance ECO design W TROSCE O PLANET\u0118\u00a0 Chc\u0105c dba\u0107 o \u015brodowisko zoptymalizowali\u015bmy przy produkcji ekspresu jego konstrukcj\u0119 oraz liczb\u0119 element\u00f3w. Wszystko to odby\u0142o si\u0119 przy zachowaniu wysokiej jako\u015bci oraz [&hellip;]<\/p>\n","protected":false},"featured_media":8051,"comment_status":"closed","ping_status":"open","template":"","meta":[],"product_cat":[1658,1691],"product_tag":[685,852,667,751,661],"class_list":["post-8050","product","type-product","status-publish","has-post-thumbnail","hentry","product_cat-ekspresy-cisnieniowe","product_cat-krups","product_tag-cytaty-o-rodzinie","product_tag-jak-zrobic-samolot-z-papieru","product_tag-kolorowanka-lol","product_tag-psi-patrol-kolorowanka","product_tag-swinka-peppa-kolorowanka"],"_links":{"self":[{"href":"http:\/\/klubmamgdynia.pl\/index.php\/wp-json\/wp\/v2\/product\/8050","targetHints":{"allow":["GET"]}}],"collection":[{"href":"http:\/\/klubmamgdynia.pl\/index.php\/wp-json\/wp\/v2\/product"}],"about":[{"href":"http:\/\/klubmamgdynia.pl\/index.php\/wp-json\/wp\/v2\/types\/product"}],"replies":[{"embeddable":true,"href":"http:\/\/klubmamgdynia.pl\/index.php\/wp-json\/wp\/v2\/comments?post=8050"}],"wp:featuredmedia":[{"embeddable":true,"href":"http:\/\/klubmamgdynia.pl\/index.php\/wp-json\/wp\/v2\/media\/8051"}],"wp:attachment":[{"href":"http:\/\/klubmamgdynia.pl\/index.php\/wp-json\/wp\/v2\/media?parent=8050"}],"wp:term":[{"taxonomy":"product_cat","embeddable":true,"href":"http:\/\/klubmamgdynia.pl\/index.php\/wp-json\/wp\/v2\/product_cat?post=8050"},{"taxonomy":"product_tag","embeddable":true,"href":"http:\/\/klubmamgdynia.pl\/index.php\/wp-json\/wp\/v2\/product_tag?post=8050"}],"curies":[{"name":"wp","href":"https:\/\/api.w.org\/{rel}","templated":true}]}}