{"id":8054,"date":"2021-10-14T17:56:34","date_gmt":"2021-10-14T15:56:34","guid":{"rendered":"http:\/\/klubmamgdynia.pl\/index.php\/produkt\/clementoni-puzzle-national-kids-space-explorer-104el\/"},"modified":"2026-04-04T01:12:19","modified_gmt":"2026-04-03T23:12:19","slug":"clementoni-puzzle-national-kids-space-explorer-104el","status":"publish","type":"product","link":"http:\/\/klubmamgdynia.pl\/index.php\/produkt\/clementoni-puzzle-national-kids-space-explorer-104el\/","title":{"rendered":"Clementoni Puzzle National Kids Space Explorer 104El"},"content":{"rendered":"<p>Puzzle National Geographic Space ExplorerPuzzle National Geographic Space Explorer to jedna z uk\u0142adanek nale\u017c\u0105ca do najnowszej kolekcji puzzli edukacyjnych dla dzieci &#8211; National Geographic Kids. Obrazek przedstawia odkrywanie wszech\u015bwiata przez ludzi i wszystko co mo\u017ce si\u0119 z tym kojarzy\u0107 dzieciom. U\u0142\u00f3\u017ccie uk\u0142adank\u0119 i zobaczcie przepi\u0119kne fotografie wykonane z kosmosu.Puzzle National Geographic Space Explorer przeznaczone s\u0105 dla dzieci od 6 roku \u017cycia. Elementy posiadaj\u0105 du\u017c\u0105 wielko\u015b\u0107, co u\u0142atwia dziecku uk\u0142adanie. Obrazek po u\u0142o\u017ceniu posiada wymiary 48,5 x 33,5 cm. Puzzle National Geographic Space Explorer nale\u017c\u0105 do kolekcji Supercolor, kt\u00f3ra potwierdza ich najlepsz\u0105 jako\u015b\u0107.Wyprodukowano we W\u0142oszech.Cechy Puzzli National Geographic Space Explorer:kolorowa uk\u0142adanka dla dzieci przedstawiaj\u0105ca odkrywanie kosmosu,zawiera zdj\u0119cia National Geographic,zach\u0119caj\u0105 do poznawania wszech\u015bwiata,rozwijaj\u0105 spostrzegawczo\u015b\u0107, ucz\u0105 cierpliwo\u015bci i koncentracji,przeznaczone dla dzieci od 6 roku \u017cycia,uk\u0142adanka sk\u0142ada z 104 du\u017cych element\u00f3w,wymiary obrazka po z\u0142o\u017ceniu: 48,5 x 33,5 cm,doskona\u0142e na prezent.<\/p>\n<h2>Clementoni Puzzle National Kids Space Explorer 104El Clementoni<\/h2>\n<p>test narnia lew czarownica i stara szafa, wzory zaprosze\u0144 zaproszenie na urodziny do druku pdf, tezeusz, teksty ko\u0142ysanek, zagadki o wio\u015bnie dla dzieci<\/p>\n<p>yyyyy<\/p>\n<p>&nbsp;<\/p>\n","protected":false},"excerpt":{"rendered":"<p>Puzzle National Geographic Space ExplorerPuzzle National Geographic Space Explorer to jedna z uk\u0142adanek nale\u017c\u0105ca do najnowszej kolekcji puzzli edukacyjnych dla dzieci &#8211; National Geographic Kids. Obrazek przedstawia odkrywanie wszech\u015bwiata przez ludzi i wszystko co mo\u017ce si\u0119 z tym kojarzy\u0107 dzieciom. U\u0142\u00f3\u017ccie uk\u0142adank\u0119 i zobaczcie przepi\u0119kne fotografie wykonane z kosmosu.Puzzle National Geographic Space Explorer przeznaczone s\u0105 [&hellip;]<\/p>\n","protected":false},"featured_media":8055,"comment_status":"closed","ping_status":"open","template":"","meta":[],"product_cat":[163,90],"product_tag":[706,613,614],"class_list":["post-8054","product","type-product","status-publish","has-post-thumbnail","hentry","product_cat-clementoni","product_cat-puzzle","product_tag-imie-kuba","product_tag-na-wyspach-bergamutach","product_tag-pia"],"_links":{"self":[{"href":"http:\/\/klubmamgdynia.pl\/index.php\/wp-json\/wp\/v2\/product\/8054","targetHints":{"allow":["GET"]}}],"collection":[{"href":"http:\/\/klubmamgdynia.pl\/index.php\/wp-json\/wp\/v2\/product"}],"about":[{"href":"http:\/\/klubmamgdynia.pl\/index.php\/wp-json\/wp\/v2\/types\/product"}],"replies":[{"embeddable":true,"href":"http:\/\/klubmamgdynia.pl\/index.php\/wp-json\/wp\/v2\/comments?post=8054"}],"wp:featuredmedia":[{"embeddable":true,"href":"http:\/\/klubmamgdynia.pl\/index.php\/wp-json\/wp\/v2\/media\/8055"}],"wp:attachment":[{"href":"http:\/\/klubmamgdynia.pl\/index.php\/wp-json\/wp\/v2\/media?parent=8054"}],"wp:term":[{"taxonomy":"product_cat","embeddable":true,"href":"http:\/\/klubmamgdynia.pl\/index.php\/wp-json\/wp\/v2\/product_cat?post=8054"},{"taxonomy":"product_tag","embeddable":true,"href":"http:\/\/klubmamgdynia.pl\/index.php\/wp-json\/wp\/v2\/product_tag?post=8054"}],"curies":[{"name":"wp","href":"https:\/\/api.w.org\/{rel}","templated":true}]}}