{"id":8056,"date":"2014-08-31T18:23:25","date_gmt":"2014-08-31T16:23:25","guid":{"rendered":"http:\/\/klubmamgdynia.pl\/index.php\/produkt\/paola-reina-hiszpanska-lalka-nora-04523\/"},"modified":"2026-04-05T21:32:17","modified_gmt":"2026-04-05T19:32:17","slug":"paola-reina-hiszpanska-lalka-nora-04523","status":"publish","type":"product","link":"http:\/\/klubmamgdynia.pl\/index.php\/produkt\/paola-reina-hiszpanska-lalka-nora-04523\/","title":{"rendered":"Paola Reina Hiszpa\u0144ska Lalka Nora 04523"},"content":{"rendered":"<p>Cudowna Hiszpa\u0144ska Lalka Paola Reina 32 CM 04523<\/p>\n<h2>Paola Reina Hiszpa\u0144ska Lalka Nora 04523 Paola Reina<\/h2>\n<p>mira imie, quiz stolice europy, god\u0142o polski do druku, bajka o sowie, karty matematyczne tabliczka mno\u017cenia do wydruku, pia imi\u0119, quizy o minecraft, ko\u0142ysanki dla dzieci tekst, nadia imie, kolorowanka peppa, pierwsze urodziny prezent na roczek dla dziewczynki, zagadki matematyczne dla dzieci 7 lat, u\u015bmiech dziecka wiersz<\/p>\n<p>yyyyy<\/p>\n<p>&nbsp;<\/p>\n","protected":false},"excerpt":{"rendered":"<p>Cudowna Hiszpa\u0144ska Lalka Paola Reina 32 CM 04523 Paola Reina Hiszpa\u0144ska Lalka Nora 04523 Paola Reina mira imie, quiz stolice europy, god\u0142o polski do druku, bajka o sowie, karty matematyczne tabliczka mno\u017cenia do wydruku, pia imi\u0119, quizy o minecraft, ko\u0142ysanki dla dzieci tekst, nadia imie, kolorowanka peppa, pierwsze urodziny prezent na roczek dla dziewczynki, zagadki [&hellip;]<\/p>\n","protected":false},"featured_media":8057,"comment_status":"closed","ping_status":"open","template":"","meta":[],"product_cat":[65,1342],"product_tag":[863,593,605,739,868,709,869],"class_list":["post-8056","product","type-product","status-publish","has-post-thumbnail","hentry","product_cat-lalki","product_cat-paola-reina","product_tag-bajki-dla-dziewczynek","product_tag-jak-narysowac-konia","product_tag-milena","product_tag-prima-aprilis-w-szkole","product_tag-quizy-dla-dzieci","product_tag-zagadki-dla-dzieci-6-7-lat","product_tag-zagadki-na-logike"],"_links":{"self":[{"href":"http:\/\/klubmamgdynia.pl\/index.php\/wp-json\/wp\/v2\/product\/8056","targetHints":{"allow":["GET"]}}],"collection":[{"href":"http:\/\/klubmamgdynia.pl\/index.php\/wp-json\/wp\/v2\/product"}],"about":[{"href":"http:\/\/klubmamgdynia.pl\/index.php\/wp-json\/wp\/v2\/types\/product"}],"replies":[{"embeddable":true,"href":"http:\/\/klubmamgdynia.pl\/index.php\/wp-json\/wp\/v2\/comments?post=8056"}],"wp:featuredmedia":[{"embeddable":true,"href":"http:\/\/klubmamgdynia.pl\/index.php\/wp-json\/wp\/v2\/media\/8057"}],"wp:attachment":[{"href":"http:\/\/klubmamgdynia.pl\/index.php\/wp-json\/wp\/v2\/media?parent=8056"}],"wp:term":[{"taxonomy":"product_cat","embeddable":true,"href":"http:\/\/klubmamgdynia.pl\/index.php\/wp-json\/wp\/v2\/product_cat?post=8056"},{"taxonomy":"product_tag","embeddable":true,"href":"http:\/\/klubmamgdynia.pl\/index.php\/wp-json\/wp\/v2\/product_tag?post=8056"}],"curies":[{"name":"wp","href":"https:\/\/api.w.org\/{rel}","templated":true}]}}