{"id":8058,"date":"2023-12-19T07:18:10","date_gmt":"2023-12-19T06:18:10","guid":{"rendered":"http:\/\/klubmamgdynia.pl\/?post_type=product&#038;p=8058"},"modified":"2026-04-21T02:28:43","modified_gmt":"2026-04-21T00:28:43","slug":"pro-kids-nauka-liczenia-na-patyczkach-drewnianych-zabawka","status":"publish","type":"product","link":"http:\/\/klubmamgdynia.pl\/index.php\/produkt\/pro-kids-nauka-liczenia-na-patyczkach-drewnianych-zabawka\/","title":{"rendered":"Pro Kids Nauka Liczenia Na Patyczkach Drewnianych &#8211; Zabawka"},"content":{"rendered":"<p>Zestaw drewnianych patyczk\u00f3w oraz klock\u00f3w do nauki liczenia. Dzi\u0119ki temu zestawowi dziecko w przyjemny spos\u00f3b przez zabaw\u0119 nauczy si\u0119 liczy\u0107. W zestawie mamy patyczki oraz klocki drewniane z namalowanymi znakami dzia\u0142a\u0144 matematycznych a tak\u017ce cyframi. Dziecko uk\u0142ada odpowiednie elementy i przy pomocy patyczk\u00f3w liczy b\u0105d\u017a uzupe\u0142nia wyniki dzia\u0142a\u0144.Zestaw w szkatu\u0142ce drewnianej do nauki liczenia. Zestaw uczy liczenia dodawania, odejmowania jak i mno\u017cenia i dzielenia&#8230;.<\/p>\n<h2>Pro Kids Nauka Liczenia Na Patyczkach Drewnianych &#8211; Zabawka Pro Kids<\/h2>\n<p>kolorowanki dla ch\u0142opc\u00f3w, zima z\u0142a tekst, sentencje o rodzinie, lody kolorowanka, andrzejki kolorowanki do druku, dyplomy dla dzieci do druku, test z lektury opowie\u015bci z narnii lew czarownica i stara szafa, kolorowanki kotka, starodawne \u017cyczenia bo\u017conarodzeniowe, alfons, mitologia test wiedzy, ka\u0142u\u017cy\u015bci<\/p>\n<p>yyyyy<\/p>\n<p>&nbsp;<\/p>\n","protected":false},"excerpt":{"rendered":"<p>Zestaw drewnianych patyczk\u00f3w oraz klock\u00f3w do nauki liczenia. Dzi\u0119ki temu zestawowi dziecko w przyjemny spos\u00f3b przez zabaw\u0119 nauczy si\u0119 liczy\u0107. W zestawie mamy patyczki oraz klocki drewniane z namalowanymi znakami dzia\u0142a\u0144 matematycznych a tak\u017ce cyframi. Dziecko uk\u0142ada odpowiednie elementy i przy pomocy patyczk\u00f3w liczy b\u0105d\u017a uzupe\u0142nia wyniki dzia\u0142a\u0144.Zestaw w szkatu\u0142ce drewnianej do nauki liczenia. Zestaw [&hellip;]<\/p>\n","protected":false},"featured_media":8059,"comment_status":"closed","ping_status":"open","template":"","meta":[],"product_cat":[53,1229],"product_tag":[722,750,599,804,794,634],"class_list":["post-8058","product","type-product","status-publish","has-post-thumbnail","hentry","product_cat-kaciki-zabaw","product_cat-pro-kids","product_tag-cytaty-o-przyjazni","product_tag-imie-kostek","product_tag-prezent-dla-nastolatkow-2021","product_tag-ryz-z-owocami","product_tag-test-opowiesci-z-narnii-lew-czarownica-i-stara-szafa-do-druku","product_tag-zagadki-wielkanocne-dla-dzieci"],"_links":{"self":[{"href":"http:\/\/klubmamgdynia.pl\/index.php\/wp-json\/wp\/v2\/product\/8058","targetHints":{"allow":["GET"]}}],"collection":[{"href":"http:\/\/klubmamgdynia.pl\/index.php\/wp-json\/wp\/v2\/product"}],"about":[{"href":"http:\/\/klubmamgdynia.pl\/index.php\/wp-json\/wp\/v2\/types\/product"}],"replies":[{"embeddable":true,"href":"http:\/\/klubmamgdynia.pl\/index.php\/wp-json\/wp\/v2\/comments?post=8058"}],"wp:featuredmedia":[{"embeddable":true,"href":"http:\/\/klubmamgdynia.pl\/index.php\/wp-json\/wp\/v2\/media\/8059"}],"wp:attachment":[{"href":"http:\/\/klubmamgdynia.pl\/index.php\/wp-json\/wp\/v2\/media?parent=8058"}],"wp:term":[{"taxonomy":"product_cat","embeddable":true,"href":"http:\/\/klubmamgdynia.pl\/index.php\/wp-json\/wp\/v2\/product_cat?post=8058"},{"taxonomy":"product_tag","embeddable":true,"href":"http:\/\/klubmamgdynia.pl\/index.php\/wp-json\/wp\/v2\/product_tag?post=8058"}],"curies":[{"name":"wp","href":"https:\/\/api.w.org\/{rel}","templated":true}]}}