{"id":8062,"date":"2012-03-31T12:07:01","date_gmt":"2012-03-31T10:07:01","guid":{"rendered":"http:\/\/klubmamgdynia.pl\/index.php\/produkt\/exost-mini-fold-xs-zdalnie-sterowany-samochod-zolty-20204\/"},"modified":"2026-04-06T01:21:40","modified_gmt":"2026-04-05T23:21:40","slug":"exost-mini-fold-xs-zdalnie-sterowany-samochod-zolty-20204","status":"publish","type":"product","link":"http:\/\/klubmamgdynia.pl\/index.php\/produkt\/exost-mini-fold-xs-zdalnie-sterowany-samochod-zolty-20204\/","title":{"rendered":"Exost Mini Fold Xs Zdalnie Sterowany Samoch\u00f3d \u017b\u00f3\u0142ty 20204"},"content":{"rendered":"<p>ZDALNIE STEROWANY SAMOCH\u00d3D MINI FOLD \u017b\u00d3\u0141TYWIEK: 5+Niepowtarzalny pojazd do zada\u0144 specjalnychTo zdalnie sterowane autko w swym niewielkim wn\u0119trzu kryje mn\u00f3stwo funkcji! Pojazd wykonuje najprawdziwsze sztuczki: potrafi kr\u0119ci\u0107 si\u0119 w k\u00f3\u0142ko i je\u017adzi\u0107 na dw\u00f3ch ko\u0142ach.Mini Fold XS wyst\u0119puje w dw\u00f3ch kolorach do wyboru i dw\u00f3ch r\u00f3\u017cnych kana\u0142ach sterowania, A lub B, kt\u00f3re to oznaczenie znale\u017a\u0107 mo\u017cna na opakowaniu zabawki.Dzi\u0119ki temu, dzieci mog\u0105 bawi\u0107 si\u0119 swoimi Mini Foldami XS, dzia\u0142aj\u0105cymi na r\u00f3\u017cnych kana\u0142ach, r\u00f3wnocze\u015bnie, gdy\u017c pojazdy nie b\u0119d\u0105 si\u0119 wzajemnie zak\u0142\u00f3ca\u0142y! W zestawie znajduje si\u0119 samoch\u00f3d oraz pilot.Pojazd przeznaczony jest dla dzieci od 5 roku \u017cyciaCechy zabawkisztuczki: jazda na dw\u00f3ch ko\u0142ach, obracanie si\u0119 w k\u00f3\u0142kotechnologia podczerwieni (do u\u017cytku wewn\u0105trz pomieszcze\u0144)dost\u0119pny w dw\u00f3ch kolorach do wyborupojazd zasilany bateryjnie (baterie niezawarte w zestawie)wymiary zabawki w opakowaniu: 18\/8\/26,5 cmbaterie: 3xAAA; 4xAA (brak w zestawie )wiek: 5+Zestaw zawiera:1 x samoch\u00f3d zdalnie sterowany (kana\u0142 A lub kana\u0142 B)1 x pilot<\/p>\n<h2>Exost Mini Fold Xs Zdalnie Sterowany Samoch\u00f3d \u017b\u00f3\u0142ty 20204 Dumel<\/h2>\n<p>kolorowanki do druku dla doros\u0142ych, quizy \u015bwi\u0105teczne bo\u017ce narodzenie, na wyspach bergamutach tekst, ba\u015bniowe imiona \u017ce\u0144skie, kolorowanki star wars, malowanki do druku, znaczenie imiona alan, lukrecja imie, filmy rodzinne na halloween, wilga, wydarzenia dla dzieci warszawa, jak zrobi\u0107 samolot z papieru, bezwarunkowa mi\u0142o\u015b\u0107 do dziecka cytaty, miasto dzieci.pl, warszawa dla dzieci, krecik bajka, opowie\u015bci z narni test, opisy do zdj\u0119\u0107 dziecka, przyja\u017a\u0144<\/p>\n<p>yyyyy<\/p>\n<p>&nbsp;<\/p>\n","protected":false},"excerpt":{"rendered":"<p>ZDALNIE STEROWANY SAMOCH\u00d3D MINI FOLD \u017b\u00d3\u0141TYWIEK: 5+Niepowtarzalny pojazd do zada\u0144 specjalnychTo zdalnie sterowane autko w swym niewielkim wn\u0119trzu kryje mn\u00f3stwo funkcji! Pojazd wykonuje najprawdziwsze sztuczki: potrafi kr\u0119ci\u0107 si\u0119 w k\u00f3\u0142ko i je\u017adzi\u0107 na dw\u00f3ch ko\u0142ach.Mini Fold XS wyst\u0119puje w dw\u00f3ch kolorach do wyboru i dw\u00f3ch r\u00f3\u017cnych kana\u0142ach sterowania, A lub B, kt\u00f3re to oznaczenie znale\u017a\u0107 [&hellip;]<\/p>\n","protected":false},"featured_media":8063,"comment_status":"closed","ping_status":"open","template":"","meta":[],"product_cat":[83,41],"product_tag":[807,582,876,778,693],"class_list":["post-8062","product","type-product","status-publish","has-post-thumbnail","hentry","product_cat-auta-i-inne-pojazdy-do-zabawy","product_cat-dumel","product_tag-logiczne-zagadki","product_tag-nauka-pisania-literek-do-wydruku-pdf","product_tag-przyjazn","product_tag-zabawki-na-roczek-dla-chlopca","product_tag-zagadki-dla-doroslych"],"_links":{"self":[{"href":"http:\/\/klubmamgdynia.pl\/index.php\/wp-json\/wp\/v2\/product\/8062","targetHints":{"allow":["GET"]}}],"collection":[{"href":"http:\/\/klubmamgdynia.pl\/index.php\/wp-json\/wp\/v2\/product"}],"about":[{"href":"http:\/\/klubmamgdynia.pl\/index.php\/wp-json\/wp\/v2\/types\/product"}],"replies":[{"embeddable":true,"href":"http:\/\/klubmamgdynia.pl\/index.php\/wp-json\/wp\/v2\/comments?post=8062"}],"wp:featuredmedia":[{"embeddable":true,"href":"http:\/\/klubmamgdynia.pl\/index.php\/wp-json\/wp\/v2\/media\/8063"}],"wp:attachment":[{"href":"http:\/\/klubmamgdynia.pl\/index.php\/wp-json\/wp\/v2\/media?parent=8062"}],"wp:term":[{"taxonomy":"product_cat","embeddable":true,"href":"http:\/\/klubmamgdynia.pl\/index.php\/wp-json\/wp\/v2\/product_cat?post=8062"},{"taxonomy":"product_tag","embeddable":true,"href":"http:\/\/klubmamgdynia.pl\/index.php\/wp-json\/wp\/v2\/product_tag?post=8062"}],"curies":[{"name":"wp","href":"https:\/\/api.w.org\/{rel}","templated":true}]}}