{"id":8066,"date":"2022-08-31T14:59:05","date_gmt":"2022-08-31T12:59:05","guid":{"rendered":"http:\/\/klubmamgdynia.pl\/index.php\/produkt\/lol-surprise-omg-dance-dance-dance-virtuelle-572961\/"},"modified":"2026-04-29T16:50:43","modified_gmt":"2026-04-29T14:50:43","slug":"lol-surprise-omg-dance-dance-dance-virtuelle-572961","status":"publish","type":"product","link":"http:\/\/klubmamgdynia.pl\/index.php\/produkt\/lol-surprise-omg-dance-dance-dance-virtuelle-572961\/","title":{"rendered":"LOL Surprise OMG Dance Dance Dance Virtuelle 572961"},"content":{"rendered":"<p>Lalka O.M.G. Dance Dance Dance Virtuelle                            <\/p>\n<p>Wejd\u017a tanecznym krokiem do \u015bwiata L.O.L. Surprise Dance Dance Dance! Zbierz wszystkie absolutnie wyj\u0105tkowe lalki O.M.G. i \u0107wicz ich style taneczne. Ta seria porwie ci\u0119, a zabawa up\u0142ynie w rytmie muzyki. Ty tak\u017ce b\u0105d\u017a Dance!                             <\/p>\n<p>L.O.L. Surprise O.M.G. Dance Dance Dance to odwa\u017cne i stylowe dziewczyny, kt\u00f3re ponad wszystko kochaj\u0105 taniec. Maj\u0105 wspania\u0142e, zapieraj\u0105ce dech w piersi stroje i akcesoria modowe, kt\u00f3re spakowano w pude\u0142eczka i pokrowce, a ich przepi\u0119knie wystylizowane fryzury i makija\u017ce, zachwycaj\u0105 kolorystyk\u0105 i oryginalno\u015bci\u0105. Zbierz wszystkie lalki z kolekcji O.M.G. Dance Dance Dance, by odkrywa\u0107 styl taneczny ka\u017cdej z nich, a tak\u017ce kreowa\u0107 w\u0142asne uk\u0142ady! Czy jeste\u015bcie gotowe na tak\u0105 dawk\u0119 niespodzianek z LOL Surprise?!                            <\/p>\n<p>L.O.L. Surprise O.M.G. Dance Dance Dance to zabawa w odkrywanie z lalk\u0105 typu \u201efashion\u201d, w towarzystwie muzyki i ta\u0144ca! Nowe opakowanie skonstruowano tak, by dziewczynki na ka\u017cdym etapie rozpakowywania kolejnych niespodzianek czu\u0142y dreszczyk emocji, odkrywaj\u0105c a\u017c 15 r\u00f3\u017cnych element\u00f3w zestawu. Kolorowe pude\u0142ko ma form\u0119 telewizora z perforowanym ekranem, dzi\u0119ki czemu osi\u0105gasz efekt ruchu postaci. Magiczna lampka to kolejny hit tej serii. Dzi\u0119ki niej zobaczysz lalk\u0119 w zupe\u0142nie innej &#8211; fluorescencyjnej ods\u0142onie! Opakowanie stanowi cz\u0119\u015b\u0107 zestawu, kt\u00f3ry mo\u017cesz wykorzystywa\u0107 wielokrotnie i bawi\u0107 si\u0119 nim &#8211; pozostaj\u0105c w konwencji eko.                             <\/p>\n<p>Virtuelle to gwiazda tanecznego stylu Virtual &#8211; nowej szko\u0142y. Zaskakuje przepi\u0119knym kostiumem, fantazyjn\u0105 fryzur\u0105 i cudownym makija\u017cem.Zawarto\u015b\u0107 zestawu:<br \/>\nKolorowe, zaskakuj\u0105ce opakowanie w formie telewizorka z perforowanym ekranem 15 r\u00f3\u017cnych niespodzianek \u2013 akcesori\u00f3w do stylizacji lalkiLampka ze \u015bwiat\u0142em ultrafioletowymLalka \u201efashion\u201d &#8211; L.O.L. Surprise O.M.G. Dance Dance Dance &#8211; Virtuelle<\/p>\n<h2>LOL Surprise OMG Dance Dance Dance Virtuelle 572961 LOL Surprise<\/h2>\n<p>r\u00f3\u017ca imie, roza imie, piosenka dla taty przedszkole, motylek, zagadki liczbowe, cytaty o dziecku i mamie, zagadki o owocach<\/p>\n<p>yyyyy<\/p>\n<p>&nbsp;<\/p>\n","protected":false},"excerpt":{"rendered":"<p>Lalka O.M.G. Dance Dance Dance Virtuelle Wejd\u017a tanecznym krokiem do \u015bwiata L.O.L. Surprise Dance Dance Dance! Zbierz wszystkie absolutnie wyj\u0105tkowe lalki O.M.G. i \u0107wicz ich style taneczne. Ta seria porwie ci\u0119, a zabawa up\u0142ynie w rytmie muzyki. Ty tak\u017ce b\u0105d\u017a Dance! L.O.L. Surprise O.M.G. Dance Dance Dance to odwa\u017cne i stylowe dziewczyny, kt\u00f3re ponad wszystko [&hellip;]<\/p>\n","protected":false},"featured_media":8067,"comment_status":"closed","ping_status":"open","template":"","meta":[],"product_cat":[65,294],"product_tag":[703,762,796],"class_list":["post-8066","product","type-product","status-publish","has-post-thumbnail","hentry","product_cat-lalki","product_cat-lol-surprise","product_tag-prezent-dla-nastolatki","product_tag-trudne-zagadki-dla-dzieci","product_tag-zagatki"],"_links":{"self":[{"href":"http:\/\/klubmamgdynia.pl\/index.php\/wp-json\/wp\/v2\/product\/8066","targetHints":{"allow":["GET"]}}],"collection":[{"href":"http:\/\/klubmamgdynia.pl\/index.php\/wp-json\/wp\/v2\/product"}],"about":[{"href":"http:\/\/klubmamgdynia.pl\/index.php\/wp-json\/wp\/v2\/types\/product"}],"replies":[{"embeddable":true,"href":"http:\/\/klubmamgdynia.pl\/index.php\/wp-json\/wp\/v2\/comments?post=8066"}],"wp:featuredmedia":[{"embeddable":true,"href":"http:\/\/klubmamgdynia.pl\/index.php\/wp-json\/wp\/v2\/media\/8067"}],"wp:attachment":[{"href":"http:\/\/klubmamgdynia.pl\/index.php\/wp-json\/wp\/v2\/media?parent=8066"}],"wp:term":[{"taxonomy":"product_cat","embeddable":true,"href":"http:\/\/klubmamgdynia.pl\/index.php\/wp-json\/wp\/v2\/product_cat?post=8066"},{"taxonomy":"product_tag","embeddable":true,"href":"http:\/\/klubmamgdynia.pl\/index.php\/wp-json\/wp\/v2\/product_tag?post=8066"}],"curies":[{"name":"wp","href":"https:\/\/api.w.org\/{rel}","templated":true}]}}