{"id":8068,"date":"2015-03-08T16:42:25","date_gmt":"2015-03-08T15:42:25","guid":{"rendered":"http:\/\/klubmamgdynia.pl\/index.php\/produkt\/animal-planet-puchacz-sniezny\/"},"modified":"2026-04-04T17:45:57","modified_gmt":"2026-04-04T15:45:57","slug":"animal-planet-puchacz-sniezny","status":"publish","type":"product","link":"http:\/\/klubmamgdynia.pl\/index.php\/produkt\/animal-planet-puchacz-sniezny\/","title":{"rendered":"Animal Planet Puchacz \u015anie\u017cny"},"content":{"rendered":"<p>Figurki Animal Planet s\u0105 tworzone r\u0119cznie. Przy produkcji figurek wykorzystano innowacyjn\u0105 technologi\u0119 oraz bardzo solidne materia\u0142y. Dzi\u0119ki temu, oferowane figurki wiernie oddaj\u0105 szczeg\u00f3\u0142y anatomiczne zwierz\u0105t, s\u0105 trwa\u0142e i bezpieczne dla dzieci. Oferowane przez nas figurki doskonale nadaj\u0105 si\u0119 na prezent dla dziecka, s\u0105 r\u00f3wnie\u017c interesuj\u0105c\u0105 propozycj\u0105 dla kolekcjoner\u00f3w&#8230;<\/p>\n<h2>Animal Planet Puchacz \u015anie\u017cny Animal Planet<\/h2>\n<p>imi\u0119 miriam, imi\u0119 adriana, co mo\u017cna zrobi\u0107 z rolki papieru, prezent na roczek nie zabawka, gaja imi\u0119, nauka pisania wyraz\u00f3w dla dzieci do druku pdf, myszka minnie kolorowanka, tymoteusz znaczenie imienia, co kupi\u0107 na roczek dla dziewczynki, kolorowanki dla dzieci do druku, quizy za darmo, prezent pod choink\u0119 dla 7 letniej dziewczynki, quiz zemsta, dzie\u0144 dziecka dla nastolatk\u00f3w, zemsta test wiedzy<\/p>\n<p>yyyyy<\/p>\n<p>&nbsp;<\/p>\n","protected":false},"excerpt":{"rendered":"<p>Figurki Animal Planet s\u0105 tworzone r\u0119cznie. Przy produkcji figurek wykorzystano innowacyjn\u0105 technologi\u0119 oraz bardzo solidne materia\u0142y. Dzi\u0119ki temu, oferowane figurki wiernie oddaj\u0105 szczeg\u00f3\u0142y anatomiczne zwierz\u0105t, s\u0105 trwa\u0142e i bezpieczne dla dzieci. Oferowane przez nas figurki doskonale nadaj\u0105 si\u0119 na prezent dla dziecka, s\u0105 r\u00f3wnie\u017c interesuj\u0105c\u0105 propozycj\u0105 dla kolekcjoner\u00f3w&#8230; Animal Planet Puchacz \u015anie\u017cny Animal Planet imi\u0119 [&hellip;]<\/p>\n","protected":false},"featured_media":8069,"comment_status":"closed","ping_status":"open","template":"","meta":[],"product_cat":[1692,95],"product_tag":[673,643,774],"class_list":["post-8068","product","type-product","status-publish","has-post-thumbnail","hentry","product_cat-animal-planet","product_cat-figurki-makiety-i-zestawy","product_tag-juz-blisko-koleda-tekst","product_tag-prezent-dla-17-latki","product_tag-prezent-na-roczek-nie-zabawka"],"_links":{"self":[{"href":"http:\/\/klubmamgdynia.pl\/index.php\/wp-json\/wp\/v2\/product\/8068","targetHints":{"allow":["GET"]}}],"collection":[{"href":"http:\/\/klubmamgdynia.pl\/index.php\/wp-json\/wp\/v2\/product"}],"about":[{"href":"http:\/\/klubmamgdynia.pl\/index.php\/wp-json\/wp\/v2\/types\/product"}],"replies":[{"embeddable":true,"href":"http:\/\/klubmamgdynia.pl\/index.php\/wp-json\/wp\/v2\/comments?post=8068"}],"wp:featuredmedia":[{"embeddable":true,"href":"http:\/\/klubmamgdynia.pl\/index.php\/wp-json\/wp\/v2\/media\/8069"}],"wp:attachment":[{"href":"http:\/\/klubmamgdynia.pl\/index.php\/wp-json\/wp\/v2\/media?parent=8068"}],"wp:term":[{"taxonomy":"product_cat","embeddable":true,"href":"http:\/\/klubmamgdynia.pl\/index.php\/wp-json\/wp\/v2\/product_cat?post=8068"},{"taxonomy":"product_tag","embeddable":true,"href":"http:\/\/klubmamgdynia.pl\/index.php\/wp-json\/wp\/v2\/product_tag?post=8068"}],"curies":[{"name":"wp","href":"https:\/\/api.w.org\/{rel}","templated":true}]}}