{"id":8070,"date":"2015-01-09T23:16:36","date_gmt":"2015-01-09T22:16:36","guid":{"rendered":"http:\/\/klubmamgdynia.pl\/index.php\/produkt\/biotebal-5mg-90-tabl\/"},"modified":"2026-04-29T18:43:11","modified_gmt":"2026-04-29T16:43:11","slug":"biotebal-5mg-90-tabl","status":"publish","type":"product","link":"http:\/\/klubmamgdynia.pl\/index.php\/produkt\/biotebal-5mg-90-tabl\/","title":{"rendered":"Biotebal 5mg 90 tabl."},"content":{"rendered":"<p>Biotebal 5 mg x 90 tabl.                            <\/p>\n<p>Co to jest lek Biotebal i w jakim celu si\u0119 go stosujeLek nale\u017cy do grupy preparat\u00f3w witaminowych. Wchodz\u0105ca w jego sk\u0142ad biotyna jest witamin\u0105 rozpuszczaln\u0105 w wodzie, zaliczan\u0105 do grupy witamin B.Biotebal stosuje si\u0119 w niedoborze biotyny.Lek mo\u017ce by\u0107 stosowany w wynikaj\u0105cych z niedoboru biotyny przypadkach: wypadania w\u0142os\u00f3w, zaburze\u0144 wzrostu paznokci i w\u0142os\u00f3w oraz ich nadmiernej \u0142amliwo\u015bci oraz stan\u00f3w zapalnych sk\u00f3ry zlokalizowanych wok\u00f3\u0142 oczu, nosa, ust.Biotyna wspomaga procesy powstawania keratyny i r\u00f3\u017cnicowania si\u0119 kom\u00f3rek nask\u00f3rka oraz w\u0142os\u00f3w i paznokci, poprawiaj\u0105c ich stan.\u00a0Informacje wa\u017cne przed zastosowaniem leku BiotebalKiedy nie stosowa\u0107 leku BiotebalJe\u015bli pacjent ma uczulenie na biotyn\u0119 lub kt\u00f3rykolwiek z pozosta\u0142ych sk\u0142adnik\u00f3w tego leku.Ostrze\u017cenia i \u015brodki ostro\u017cno\u015bciPrzed rozpocz\u0119ciem stosowania leku Biotebal nale\u017cy om\u00f3wi\u0107 to z lekarzem lub farmaceut\u0105.Biotebal a inne lekiNale\u017cy powiedzie\u0107 lekarzowi lub farmaceucie o wszystkich lekach przyjmowanych przez pacjentaobecnie lub ostatnio, a tak\u017ce o lekach, kt\u00f3re pacjent planuje przyjmowa\u0107.Biotyna wp\u0142ywa na niekt\u00f3re metody wykonywania oznacze\u0144, czyli mo\u017ce zniekszta\u0142ca\u0107 niekt\u00f3re wyniki bada\u0144 laboratoryjnych, nie ma jednak wp\u0142ywu na rzeczywiste warto\u015bci dotycz\u0105ce hormon\u00f3w, czynnik\u00f3w, parametr\u00f3w oraz lek\u00f3w we krwi. Dlatego przed wykonaniem bada\u0144 (takich jak np. FT4, FT3, 25(OH)D, kortyzol, digoksyna, TSH, hCG, troponina, PSA) zaleca si\u0119 przerwanie stosowania leku Biotebal na 3 dni przed planowanym badaniem, chyba \u017ce laboratorium wyda inne zalecenia w tym zakresie. Nale\u017cy te\u017c pami\u0119ta\u0107, \u017ce inne przyjmowane produkty, takie jak preparaty wielowitaminowe lub suplementy diety stosowane na popraw\u0119 w\u0142os\u00f3w, sk\u00f3ry i paznokci mog\u0105 r\u00f3wnie\u017c zawiera\u0107 biotyn\u0119 i wp\u0142ywa\u0107 na wyniki bada\u0144 laboratoryjnych.Leki przeciwdrgawkowe (fenytoina, karbamazepina, fenobarbital, prymidon) powoduj\u0105 zmniejszenie st\u0119\u017cenia biotyny we krwi.Hormony steroidowe mog\u0105 przyspiesza\u0107 proces rozpadu biotyny w tkankach.Biotebal z jedzeniem, piciem i alkoholemPodczas przyjmowania leku nie nale\u017cy jednocze\u015bnie spo\u017cywa\u0107 surowego bia\u0142ka jaja kurzego, poniewa\u017c mo\u017ce to spowodowa\u0107 zahamowanie wch\u0142aniania biotyny.Alkohol powoduje zmniejszenie st\u0119\u017cenia biotyny we krwi.Ci\u0105\u017ca i karmienie piersi\u0105Je\u015bli pacjentka jest w ci\u0105\u017cy lub karmi piersi\u0105, przypuszcza \u017ce mo\u017ce by\u0107 w ci\u0105\u017cy lub gdy planuje mie\u0107 dziecko, powinna poradzi\u0107 si\u0119 lekarza lub farmaceuty przed zastosowaniem tego leku.Ci\u0105\u017caIlo\u015b\u0107 biotyny zawarta w leku Biotebal znacznie przekracza zalecane dzienne spo\u017cycie dla kobietw ci\u0105\u017cy, dlatego leku nie nale\u017cy stosowa\u0107 u kobiet w tym okresie.Karmienie piersi\u0105Ilo\u015b\u0107 biotyny zawarta w leku Biotebal znacznie przekracza zalecane dzienne spo\u017cycie dla kobiet karmi\u0105cych piersi\u0105. Biotyna przenika do mleka ludzkiego, jednak nie stwierdzono, aby wp\u0142ywa\u0142o to na niemowl\u0119 karmione piersi\u0105. Leku nie nale\u017cy stosowa\u0107 u kobiet karmi\u0105cych piersi\u0105.Prowadzenie pojazd\u00f3w i obs\u0142ugiwanie maszynW\u0142a\u015bciwo\u015bci biotyny oraz rodzaj stwierdzanych dzia\u0142a\u0144 niepo\u017c\u0105danych wskazuj\u0105, \u017ce lek nie wp\u0142ywa niekorzystnie na wykonywanie tych czynno\u015bci.Lek Biotebal zawiera sorbitol (E 420)Biotebal zawiera 111,50 mg sorbitolu (E 420) w ka\u017cdej tabletce.\u00a0Zawarto\u015b\u0107 opakowania i inne informacje\u00a0Co zawiera lek Biotebal\u00a0Substancj\u0105 czynn\u0105 leku jest biotyna. Ka\u017cda tabletka zawiera 5 mg biotyny.\u00a0Pozosta\u0142e sk\u0142adniki leku to: sorbitol (E 420), magnezu stearynian, krzemionka koloidalna.\u00a0Jak wygl\u0105da lek Biotebal i co zawiera opakowanie\u00a0Tabletki Biotebal s\u0105 barwy bia\u0142ej, obustronnie p\u0142askie, o g\u0142adkiej powierzchni.\u00a0Tekturowe pude\u0142ko zawiera odpowiednio: 30, 60 lub 90 tabletek w blistrach z folii Aluminium\/PVC.Nie wszystkie wielko\u015bci i rodzaje opakowa\u0144 musz\u0105 znajdowa\u0107 si\u0119 w obrocie.\u00a0Podmiot odpowiedzialny i wytw\u00f3rca\u00a0Podmiot odpowiedzialny\u00a0Warszawskie Zak\u0142ady Farmaceutyczne Polfa S.A.\u00a0\u00a0ul. Karolkowa 22\/24;\u00a001-207 Warszawa\u00a0tel. 22 691 39 00\u00a0Wytw\u00f3rca\u00a0Warszawskie Zak\u0142ady Farmaceutyczne Polfa S.A.\u00a0ul. Karolkowa 22\/24;\u00a001-207 Warszawa\u00a0Zak\u0142ady Farmaceutyczne POLPHARMA SA\u00a0Oddzia\u0142 Produkcyjny w Nowej D\u0119bie\u00a0ul. Metalowca 2\u00a039-460 Nowa D\u0119ba\u00a0Zak\u0142ady Farmaceutyczne POLPHARMA SA\u00a0ul. Pelpli\u0144ska 19\u00a083-200 Starogard Gda\u0144skiBiotebal. Sk\u0142ad i posta\u0107: Tabletki. 1 tabletka zawiera 5 mg biotyny. Substancja pomocnicza o znanym dzia\u0142aniu: sorbitol (E 420) Wskazania: Niedob\u00f3r biotyny. Przeciwwskazania: Nadwra\u017cliwo\u015b\u0107 na substancj\u0119 czynn\u0105 lub na kt\u00f3r\u0105kolwiek substancj\u0119 pomocnicz\u0105 preparatu. Podmiot odpowiedzialny: Polfa Warszawa S.A. ChPL: 2019.03.15.                            <\/p>\n<p>Przed u\u017cyciem zapoznaj si\u0119 z ulotk\u0105, kt\u00f3ra zawiera wskazania, przeciwwskazania, dane dotycz\u0105ce dzia\u0142a\u0144 niepo\u017c\u0105danych i dawkowanie oraz informacje dotycz\u0105ce stosowania produktu leczniczego, b\u0105d\u017a skonsultuj si\u0119 z lekarzem lub farmaceut\u0105, gdy\u017c ka\u017cdy lek niew\u0142a\u015bciwie stosowany zagra\u017ca Twojemu \u017cyciu lub zdrowiu.                            <\/p>\n<p>Poznaj pozosta\u0142e produkty                            <\/p>\n<p>            Biotebal 5mg 30 tabl.<\/p>\n<p>            Biotebal PLUS w\u0142osy, sk\u00f3ra, paznokcie 30 tabl.<\/p>\n<p>            Biotebal Max 10 mg x 30 tabl.<\/p>\n<p>            Biotebal Mocne Paznokcie Serum wzmacniaj\u0105ce 6,6 ml<\/p>\n<p>            Biotebal rz\u0119sy XXL Serum pobudzaj\u0105ce wzrost rz\u0119s 3ml<\/p>\n<p>            Biotebal Men Szampon przeciw wypadaniu w\u0142os\u00f3w 150 ml<\/p>\n<p>            Biotebal Szampon Przeciw Wypadaniu W\u0142os\u00f3w 200ml<\/p>\n<h2>Biotebal 5mg 90 tabl. ZF Polpharma S.A.<\/h2>\n<p>dinozaur bajka, zadania dla dzieci z ukrainy, co na roczek, wieliczka bon turystyczny, \u0142amig\u0142\u00f3wki logiczne, zabawy urodzinowe dla dzieci, \u0142amig\u0142\u00f3wki logiczne, teksty o rodzinie, 20 pytania do lektury ma\u0142y ksi\u0105\u017c\u0119, wiosenne zagadki, bajka terapeutyczna o dokuczaniu, prezent na pierwsze urodziny, jagna, prezent dla 7 letniej dziewczynki<\/p>\n<p>yyyyy<\/p>\n<p>&nbsp;<\/p>\n","protected":false},"excerpt":{"rendered":"<p>Biotebal 5 mg x 90 tabl. Co to jest lek Biotebal i w jakim celu si\u0119 go stosujeLek nale\u017cy do grupy preparat\u00f3w witaminowych. Wchodz\u0105ca w jego sk\u0142ad biotyna jest witamin\u0105 rozpuszczaln\u0105 w wodzie, zaliczan\u0105 do grupy witamin B.Biotebal stosuje si\u0119 w niedoborze biotyny.Lek mo\u017ce by\u0107 stosowany w wynikaj\u0105cych z niedoboru biotyny przypadkach: wypadania w\u0142os\u00f3w, zaburze\u0144 [&hellip;]<\/p>\n","protected":false},"featured_media":8071,"comment_status":"closed","ping_status":"open","template":"","meta":[],"product_cat":[200,199],"product_tag":[787,703,586,738],"class_list":["post-8070","product","type-product","status-publish","has-post-thumbnail","hentry","product_cat-nutrikosmetyki-i-leki-dermatologiczne","product_cat-zf-polpharma-s-a","product_tag-nauka-pisania-wyrazow-dla-dzieci-do-druku-pdf","product_tag-prezent-dla-nastolatki","product_tag-smieszne-zagadki","product_tag-wroclaw-dla-dzieci"],"_links":{"self":[{"href":"http:\/\/klubmamgdynia.pl\/index.php\/wp-json\/wp\/v2\/product\/8070","targetHints":{"allow":["GET"]}}],"collection":[{"href":"http:\/\/klubmamgdynia.pl\/index.php\/wp-json\/wp\/v2\/product"}],"about":[{"href":"http:\/\/klubmamgdynia.pl\/index.php\/wp-json\/wp\/v2\/types\/product"}],"replies":[{"embeddable":true,"href":"http:\/\/klubmamgdynia.pl\/index.php\/wp-json\/wp\/v2\/comments?post=8070"}],"wp:featuredmedia":[{"embeddable":true,"href":"http:\/\/klubmamgdynia.pl\/index.php\/wp-json\/wp\/v2\/media\/8071"}],"wp:attachment":[{"href":"http:\/\/klubmamgdynia.pl\/index.php\/wp-json\/wp\/v2\/media?parent=8070"}],"wp:term":[{"taxonomy":"product_cat","embeddable":true,"href":"http:\/\/klubmamgdynia.pl\/index.php\/wp-json\/wp\/v2\/product_cat?post=8070"},{"taxonomy":"product_tag","embeddable":true,"href":"http:\/\/klubmamgdynia.pl\/index.php\/wp-json\/wp\/v2\/product_tag?post=8070"}],"curies":[{"name":"wp","href":"https:\/\/api.w.org\/{rel}","templated":true}]}}