{"id":8072,"date":"2014-11-14T12:42:35","date_gmt":"2014-11-14T11:42:35","guid":{"rendered":"http:\/\/klubmamgdynia.pl\/index.php\/produkt\/midex-duza-piramidka-ukladanka-kubeczki-do-kapieli\/"},"modified":"2026-04-28T13:00:36","modified_gmt":"2026-04-28T11:00:36","slug":"midex-duza-piramidka-ukladanka-kubeczki-do-kapieli","status":"publish","type":"product","link":"http:\/\/klubmamgdynia.pl\/index.php\/produkt\/midex-duza-piramidka-ukladanka-kubeczki-do-kapieli\/","title":{"rendered":"Midex Du\u017ca Piramidka uk\u0142adanka Kubeczki Do K\u0105pieli"},"content":{"rendered":"<p>Wie\u017ca z kubeczk\u00f3w to wspania\u0142a zabawka edukacyjna dla ka\u017cdego malucha!Zestaw idealnie sprawdzi si\u0119 podczas zabawy w wannie, piaskownicy oraz w domu.Piramidka z kubeczk\u00f3w rozwija zdolno\u015bci manualne i zr\u0119czno\u015bciowe malucha, \u0107wiczy koncentracj\u0119 i koordynacj\u0119 wzrokow\u0105.Na kubeczkach umieszczone zosta\u0142y cyfry oraz litery.Wymiary opakowania: 25 x 10 x 27cm.<\/p>\n<h2>Midex Du\u017ca Piramidka uk\u0142adanka Kubeczki Do K\u0105pieli Midex<\/h2>\n<p>kr\u00f3tkie zagadki, wierszyk o marzannie, literki do druku, zagadki o lesie, jeremi imi\u0119, ma\u0142y ksi\u0105\u017c\u0119 &#8211; test z odpowiedziami, quiz o wio\u015bnie, test z lektury ania z zielonego wzg\u00f3rza klasa 6 z odpowiedziami, prezenty dla 7 latka, kira imi\u0119, cytaty na dzien dziecka<\/p>\n<p>yyyyy<\/p>\n<p>&nbsp;<\/p>\n","protected":false},"excerpt":{"rendered":"<p>Wie\u017ca z kubeczk\u00f3w to wspania\u0142a zabawka edukacyjna dla ka\u017cdego malucha!Zestaw idealnie sprawdzi si\u0119 podczas zabawy w wannie, piaskownicy oraz w domu.Piramidka z kubeczk\u00f3w rozwija zdolno\u015bci manualne i zr\u0119czno\u015bciowe malucha, \u0107wiczy koncentracj\u0119 i koordynacj\u0119 wzrokow\u0105.Na kubeczkach umieszczone zosta\u0142y cyfry oraz litery.Wymiary opakowania: 25 x 10 x 27cm. Midex Du\u017ca Piramidka uk\u0142adanka Kubeczki Do K\u0105pieli Midex kr\u00f3tkie [&hellip;]<\/p>\n","protected":false},"featured_media":8073,"comment_status":"closed","ping_status":"open","template":"","meta":[],"product_cat":[1091,295],"product_tag":[863,828,753,823],"class_list":["post-8072","product","type-product","status-publish","has-post-thumbnail","hentry","product_cat-midex","product_cat-pozostale-zabawki","product_tag-bajki-dla-dziewczynek","product_tag-filmy-wigilijne-dla-dzieci","product_tag-kamila","product_tag-zagadki-dla-dzieci-7-lat"],"_links":{"self":[{"href":"http:\/\/klubmamgdynia.pl\/index.php\/wp-json\/wp\/v2\/product\/8072","targetHints":{"allow":["GET"]}}],"collection":[{"href":"http:\/\/klubmamgdynia.pl\/index.php\/wp-json\/wp\/v2\/product"}],"about":[{"href":"http:\/\/klubmamgdynia.pl\/index.php\/wp-json\/wp\/v2\/types\/product"}],"replies":[{"embeddable":true,"href":"http:\/\/klubmamgdynia.pl\/index.php\/wp-json\/wp\/v2\/comments?post=8072"}],"wp:featuredmedia":[{"embeddable":true,"href":"http:\/\/klubmamgdynia.pl\/index.php\/wp-json\/wp\/v2\/media\/8073"}],"wp:attachment":[{"href":"http:\/\/klubmamgdynia.pl\/index.php\/wp-json\/wp\/v2\/media?parent=8072"}],"wp:term":[{"taxonomy":"product_cat","embeddable":true,"href":"http:\/\/klubmamgdynia.pl\/index.php\/wp-json\/wp\/v2\/product_cat?post=8072"},{"taxonomy":"product_tag","embeddable":true,"href":"http:\/\/klubmamgdynia.pl\/index.php\/wp-json\/wp\/v2\/product_tag?post=8072"}],"curies":[{"name":"wp","href":"https:\/\/api.w.org\/{rel}","templated":true}]}}