{"id":8074,"date":"2018-02-03T05:19:41","date_gmt":"2018-02-03T04:19:41","guid":{"rendered":"http:\/\/klubmamgdynia.pl\/index.php\/produkt\/bruder-sklep-rowerowy-z-figurka\/"},"modified":"2026-05-17T22:05:42","modified_gmt":"2026-05-17T20:05:42","slug":"bruder-sklep-rowerowy-z-figurka","status":"publish","type":"product","link":"http:\/\/klubmamgdynia.pl\/index.php\/produkt\/bruder-sklep-rowerowy-z-figurka\/","title":{"rendered":"Bruder Sklep rowerowy z figurk\u0105"},"content":{"rendered":"<p>bWorld Sklep rowerowy z figurk\u0105 &#8211; Bruder 63120Zestaw zawiera sklep rowerowy\/serwis wraz z figurk\u0105 pracownika oraz akcesoriami. Wysoko\u015b\u0107 figurki to 11 cm, a skala makiety wynosi 1:16.<\/p>\n<h2>Bruder Sklep rowerowy z figurk\u0105 Bruder<\/h2>\n<p>gry i zabawy ruchowe, alfabet kolorowanka, psi patrol kolorowanka do druku, quiz o zwierz\u0119tach domowych, gry dla m\u0142odzie\u017cy, mega trudne zagadki logiczne, zabawki dla rocznej dziewczynki, prezent dla nastolatk\u00f3w 2021, wycinanki puzzle do druku, szablony zimowe do wydruku, \u015bmigus dyngus lany poniedzia\u0142ek zyczenia, zagadki dla dzieci z odpowiedziami, quiz opowie\u015bci z narnii lew czarownica i stara szafa, imi\u0119 nadia<\/p>\n<p>yyyyy<\/p>\n<p>&nbsp;<\/p>\n","protected":false},"excerpt":{"rendered":"<p>bWorld Sklep rowerowy z figurk\u0105 &#8211; Bruder 63120Zestaw zawiera sklep rowerowy\/serwis wraz z figurk\u0105 pracownika oraz akcesoriami. Wysoko\u015b\u0107 figurki to 11 cm, a skala makiety wynosi 1:16. Bruder Sklep rowerowy z figurk\u0105 Bruder gry i zabawy ruchowe, alfabet kolorowanka, psi patrol kolorowanka do druku, quiz o zwierz\u0119tach domowych, gry dla m\u0142odzie\u017cy, mega trudne zagadki logiczne, [&hellip;]<\/p>\n","protected":false},"featured_media":8075,"comment_status":"closed","ping_status":"open","template":"","meta":[],"product_cat":[1076,95],"product_tag":[744,624,638,732],"class_list":["post-8074","product","type-product","status-publish","has-post-thumbnail","hentry","product_cat-bruder","product_cat-figurki-makiety-i-zestawy","product_tag-kolorowanki-swiateczne-do-wydruku","product_tag-krotkie-zagadki","product_tag-miastodzieci","product_tag-prezent-dla-rocznego-chlopca"],"_links":{"self":[{"href":"http:\/\/klubmamgdynia.pl\/index.php\/wp-json\/wp\/v2\/product\/8074","targetHints":{"allow":["GET"]}}],"collection":[{"href":"http:\/\/klubmamgdynia.pl\/index.php\/wp-json\/wp\/v2\/product"}],"about":[{"href":"http:\/\/klubmamgdynia.pl\/index.php\/wp-json\/wp\/v2\/types\/product"}],"replies":[{"embeddable":true,"href":"http:\/\/klubmamgdynia.pl\/index.php\/wp-json\/wp\/v2\/comments?post=8074"}],"wp:featuredmedia":[{"embeddable":true,"href":"http:\/\/klubmamgdynia.pl\/index.php\/wp-json\/wp\/v2\/media\/8075"}],"wp:attachment":[{"href":"http:\/\/klubmamgdynia.pl\/index.php\/wp-json\/wp\/v2\/media?parent=8074"}],"wp:term":[{"taxonomy":"product_cat","embeddable":true,"href":"http:\/\/klubmamgdynia.pl\/index.php\/wp-json\/wp\/v2\/product_cat?post=8074"},{"taxonomy":"product_tag","embeddable":true,"href":"http:\/\/klubmamgdynia.pl\/index.php\/wp-json\/wp\/v2\/product_tag?post=8074"}],"curies":[{"name":"wp","href":"https:\/\/api.w.org\/{rel}","templated":true}]}}