{"id":8076,"date":"2024-07-17T10:34:01","date_gmt":"2024-07-17T08:34:01","guid":{"rendered":"http:\/\/klubmamgdynia.pl\/?post_type=product&#038;p=8076"},"modified":"2026-04-05T16:22:13","modified_gmt":"2026-04-05T14:22:13","slug":"la-roche-posay-substiane-odbudowujacy-krem-przeciwstarzeniowy-skora-normalna-i-sucha-40ml","status":"publish","type":"product","link":"http:\/\/klubmamgdynia.pl\/index.php\/produkt\/la-roche-posay-substiane-odbudowujacy-krem-przeciwstarzeniowy-skora-normalna-i-sucha-40ml\/","title":{"rendered":"La Roche Posay Substiane Odbudowuj\u0105cy krem przeciwstarzeniowy sk\u00f3ra normalna i sucha 40ml"},"content":{"rendered":"<p>Dzia\u0142anie: Przywraca sk\u00f3rze substancj\u0119 budulcow\u0105, wzmacnia struktur\u0119 podporow\u0105 sk\u00f3ry twarzy. Prekursor sk\u0142adnika sk\u00f3ry Pro-Xylane\u2122 5%. Intensywny komfort. Od chwili rozprowadzenia kremu na sk\u00f3rze jest ona intensywnie nawil\u017cana i wzmacniana. Po 3. miesi\u0105cach sk\u00f3ra jest uj\u0119drniona, napi\u0119ta, ma wi\u0119cej substancji budulcowej. Zmarszczki s\u0105 g\u0142adsze, p\u0142ytsze, a kontury twarzy wyra\u017aniejsze.Zastosowanie: Do codziennej piel\u0119gnacji sk\u00f3ry z g\u0142\u0119bokimi zmrszczkami i utracona j\u0119drno\u015bci\u0105Przyjmowanie: Nak\u0142ada\u0107 rano i\/lub wieczorem na twarz i szyj\u0119. Doskona\u0142a baza pod makija\u017c. Tolerancja testowana pod kontrol\u0105 dermatologa i okulisty.Sk\u0142ad: Pro-Xylane\u2122 5%, arginina, seryna, woda termalna z La Roche-Posay<\/p>\n<h2>La Roche Posay Substiane Odbudowuj\u0105cy krem przeciwstarzeniowy sk\u00f3ra normalna i sucha 40ml La Roche-Posay<\/h2>\n<p>co na roczek, felix net i nika oraz gang niewidzialnych ludzi test z odpowiedziami, cytaty o wychowaniu i nauczaniu, pomys\u0142 na prezent dla nastolatki, pola imie, wycinanki dla dzieci do druku, pierwsze urodziny prezent na roczek dla dziewczynki, zagadki dla 6 latka, zagadki dla przedszkolak\u00f3w, mitologia grecka test wiedzy, mitologia test wiedzy, malowanki, anio\u0142ki do druku<\/p>\n<p>yyyyy<\/p>\n<p>&nbsp;<\/p>\n","protected":false},"excerpt":{"rendered":"<p>Dzia\u0142anie: Przywraca sk\u00f3rze substancj\u0119 budulcow\u0105, wzmacnia struktur\u0119 podporow\u0105 sk\u00f3ry twarzy. Prekursor sk\u0142adnika sk\u00f3ry Pro-Xylane\u2122 5%. Intensywny komfort. Od chwili rozprowadzenia kremu na sk\u00f3rze jest ona intensywnie nawil\u017cana i wzmacniana. Po 3. miesi\u0105cach sk\u00f3ra jest uj\u0119drniona, napi\u0119ta, ma wi\u0119cej substancji budulcowej. Zmarszczki s\u0105 g\u0142adsze, p\u0142ytsze, a kontury twarzy wyra\u017aniejsze.Zastosowanie: Do codziennej piel\u0119gnacji sk\u00f3ry z g\u0142\u0119bokimi zmrszczkami [&hellip;]<\/p>\n","protected":false},"featured_media":8077,"comment_status":"closed","ping_status":"open","template":"","meta":[],"product_cat":[134,196],"product_tag":[827,669,651,634],"class_list":["post-8076","product","type-product","status-publish","has-post-thumbnail","hentry","product_cat-dermokosmetyki","product_cat-la-roche-posay","product_tag-bajki-dla-niemowlat","product_tag-kolorowanki","product_tag-quizy-online","product_tag-zagadki-wielkanocne-dla-dzieci"],"_links":{"self":[{"href":"http:\/\/klubmamgdynia.pl\/index.php\/wp-json\/wp\/v2\/product\/8076","targetHints":{"allow":["GET"]}}],"collection":[{"href":"http:\/\/klubmamgdynia.pl\/index.php\/wp-json\/wp\/v2\/product"}],"about":[{"href":"http:\/\/klubmamgdynia.pl\/index.php\/wp-json\/wp\/v2\/types\/product"}],"replies":[{"embeddable":true,"href":"http:\/\/klubmamgdynia.pl\/index.php\/wp-json\/wp\/v2\/comments?post=8076"}],"wp:featuredmedia":[{"embeddable":true,"href":"http:\/\/klubmamgdynia.pl\/index.php\/wp-json\/wp\/v2\/media\/8077"}],"wp:attachment":[{"href":"http:\/\/klubmamgdynia.pl\/index.php\/wp-json\/wp\/v2\/media?parent=8076"}],"wp:term":[{"taxonomy":"product_cat","embeddable":true,"href":"http:\/\/klubmamgdynia.pl\/index.php\/wp-json\/wp\/v2\/product_cat?post=8076"},{"taxonomy":"product_tag","embeddable":true,"href":"http:\/\/klubmamgdynia.pl\/index.php\/wp-json\/wp\/v2\/product_tag?post=8076"}],"curies":[{"name":"wp","href":"https:\/\/api.w.org\/{rel}","templated":true}]}}