{"id":8078,"date":"2013-11-21T06:31:02","date_gmt":"2013-11-21T05:31:02","guid":{"rendered":"http:\/\/klubmamgdynia.pl\/index.php\/produkt\/norimpex-klocki-drewniane-115el-1004934\/"},"modified":"2026-05-17T23:00:07","modified_gmt":"2026-05-17T21:00:07","slug":"norimpex-klocki-drewniane-115el-1004934","status":"publish","type":"product","link":"http:\/\/klubmamgdynia.pl\/index.php\/produkt\/norimpex-klocki-drewniane-115el-1004934\/","title":{"rendered":"Norimpex Klocki drewniane 115el 1004934"},"content":{"rendered":"<p>Bogaty zestaw drewnianych klock\u00f3w.Zawiera a\u017c 115 element\u00f3w. W tym: mata do zabawy, kolorowe klocki w r\u00f3\u017cnych kolorach i kszta\u0142tach, klocki z nazwami budynk\u00f3w w mie\u015bcie (np szpital), pojazdy.Zabawka rozwija zdolno\u015bci manualne, wyobra\u017ani\u0119 i kreatywno\u015b\u0107.Zbuduj w\u0142asne miasto i prze\u017cywaj niesamowite przygody.Wiek: 3+&#8230;<\/p>\n<h2>Norimpex Klocki drewniane 115el 1004934 Norimpex<\/h2>\n<p>lodowiska w warszawie, szymon znaczenie imiona, bajka o smoku, cytaty o rodzinie i dzieciach, tekst ko\u0142ysanki, ma\u0142y ksi\u0105\u017ce cytaty o przyja\u017ani, co oznacza nazwa jordan, ko\u0142ysanki dla dzieci tekst, przyja\u017a\u0144 cytaty, kr\u00f3tkie czytanki dla dzieci do wydruku, star wars kolorowanki, bajki do czytania, literki do pisania do druku, kolorowanki zwierz\u0119ta, aurelia imi\u0119, bajki na dobranoc dla dzieci<\/p>\n<p>yyyyy<\/p>\n<p>&nbsp;<\/p>\n","protected":false},"excerpt":{"rendered":"<p>Bogaty zestaw drewnianych klock\u00f3w.Zawiera a\u017c 115 element\u00f3w. W tym: mata do zabawy, kolorowe klocki w r\u00f3\u017cnych kolorach i kszta\u0142tach, klocki z nazwami budynk\u00f3w w mie\u015bcie (np szpital), pojazdy.Zabawka rozwija zdolno\u015bci manualne, wyobra\u017ani\u0119 i kreatywno\u015b\u0107.Zbuduj w\u0142asne miasto i prze\u017cywaj niesamowite przygody.Wiek: 3+&#8230; Norimpex Klocki drewniane 115el 1004934 Norimpex lodowiska w warszawie, szymon znaczenie imiona, bajka o [&hellip;]<\/p>\n","protected":false},"featured_media":8079,"comment_status":"closed","ping_status":"open","template":"","meta":[],"product_cat":[554,99],"product_tag":[727,620,824,741],"class_list":["post-8078","product","type-product","status-publish","has-post-thumbnail","hentry","product_cat-norimpex","product_cat-zabawki-ekologiczne","product_tag-godlo-polski-do-druku","product_tag-quiz-opowiesci-z-narnii","product_tag-warszawa-atrakcje-dla-dzieci","product_tag-wlochy"],"_links":{"self":[{"href":"http:\/\/klubmamgdynia.pl\/index.php\/wp-json\/wp\/v2\/product\/8078","targetHints":{"allow":["GET"]}}],"collection":[{"href":"http:\/\/klubmamgdynia.pl\/index.php\/wp-json\/wp\/v2\/product"}],"about":[{"href":"http:\/\/klubmamgdynia.pl\/index.php\/wp-json\/wp\/v2\/types\/product"}],"replies":[{"embeddable":true,"href":"http:\/\/klubmamgdynia.pl\/index.php\/wp-json\/wp\/v2\/comments?post=8078"}],"wp:featuredmedia":[{"embeddable":true,"href":"http:\/\/klubmamgdynia.pl\/index.php\/wp-json\/wp\/v2\/media\/8079"}],"wp:attachment":[{"href":"http:\/\/klubmamgdynia.pl\/index.php\/wp-json\/wp\/v2\/media?parent=8078"}],"wp:term":[{"taxonomy":"product_cat","embeddable":true,"href":"http:\/\/klubmamgdynia.pl\/index.php\/wp-json\/wp\/v2\/product_cat?post=8078"},{"taxonomy":"product_tag","embeddable":true,"href":"http:\/\/klubmamgdynia.pl\/index.php\/wp-json\/wp\/v2\/product_tag?post=8078"}],"curies":[{"name":"wp","href":"https:\/\/api.w.org\/{rel}","templated":true}]}}