{"id":808,"date":"2020-02-13T10:16:36","date_gmt":"2020-02-13T09:16:36","guid":{"rendered":"http:\/\/klubmamgdynia.pl\/index.php\/produkt\/yellowtipi-tipi-110x110x155cm-magic-collection\/"},"modified":"2026-04-15T08:12:40","modified_gmt":"2026-04-15T06:12:40","slug":"yellowtipi-tipi-110x110x155cm-magic-collection","status":"publish","type":"product","link":"http:\/\/klubmamgdynia.pl\/index.php\/produkt\/yellowtipi-tipi-110x110x155cm-magic-collection\/","title":{"rendered":"Yellowtipi Tipi 110X110X155Cm Magic Collection"},"content":{"rendered":"<p>Namiot Tipi to absolutnie ulubione miejsce zabaw dzieci wype\u0142nione po brzegi dzieci\u0119c\u0105 rado\u015bci\u0105. Pe\u0142ni rol\u0119 barwnej kryj\u00f3wki, w kt\u00f3rej maluchy mog\u0105 rozwija\u0107 swoj\u0105 kreatywno\u015b\u0107 i abstrakcyjne my\u015blenie, uci\u0105\u0107 sobie kr\u00f3tk\u0105 drzemk\u0119 lub wsp\u00f3lnie z rodzicami czyta\u0107 ulubione bajki. Nadaje si\u0119 do postawienia w domu, jak r\u00f3wnie\u017c w ogrodzie lub na balkonie.Nasze tipi wyr\u00f3\u017cnia si\u0119 ogromn\u0105 dba\u0142o\u015bci\u0105 o detale i wyj\u0105tkowymi wzorami tkanin. Jest wykonane r\u0119cznie i niepowtarzalne.W naszej ofercie znajdziesz r\u00f3wnie\u017c tipi wykonane ze specjalnej tkaniny Cotton Story odpornej na \u015bcieranie i mechacenie. Dodatkowo, tkanina Cotton Story jest pokryta apretur\u0105 plamoodporn\u0105 powoduj\u0105c\u0105 perlenie rozlanych cieczy, co oznacza, \u017ce nie wch\u0142ania rozlanych p\u0142yn\u00f3w i \u0142atwo j\u0105 wytrze\u0107 za pomoc\u0105 \u015bciereczki!W sk\u0142ad zestawu wchodz\u0105:- namiot wykonany z przyjemnej w dotyku dobrze uk\u0142adaj\u0105cej si\u0119 tkaniny (do wyboru r\u00f3wnie\u017c odporna na plamy tkanina Cotton Story),- cztery drewniane kijki zaokr\u0105glone na ko\u0144cach, zwi\u0105zane naturalnym bawe\u0142nianym sznurkiem, co u\u0142atwia rozk\u0142adanie,- trzy drewniane kije zaokraglone na ko\u0144cach, przeznaczone do specjalnych kanalik\u00f3w na spodzie namiotu, co zapewnia wi\u0119ksz\u0105 stabilno\u015b\u0107 produktu,- wszywki z naszymi wyj\u0105tkowymi wzorami, wykonane ze 100% bawe\u0142ny, kt\u00f3re ka\u017cdemu namiotowi nadaj\u0105 indywidualny charakter,- dekoracyjne detale (grzbiety, okienko z zas\u0142onk\u0105, dwie kieszonki na skarby).Namiot tipi najlepiej prezentuje si\u0119 wyposa\u017cony w mi\u0119kk\u0105 mat\u0119 i kolorowe poduchy, kt\u00f3re znajdziesz w naszej ofercie.UWAGA! Mo\u017cesz zam\u00f3wi\u0107 namiot tipi w innym zestawieniu tkanin, wystarczy, \u017ce napiszesz nam wiadomo\u015b\u0107.Wymiary: 110 cm x 110 cm. D\u0142ugo\u015b\u0107 kijk\u00f3w: 175 cmWysoko\u015b\u0107 namiotu po roz\u0142o\u017ceniu: 155 cm<\/p>\n<h2>Yellowtipi Tipi 110X110X155Cm Magic Collection Yellow Tipi<\/h2>\n<p>karty pracy obrazki do wyklejania plastelin\u0105, piosenki o wakacjach, kotek kolorowanka, 20 pytania do lektury ma\u0142y ksi\u0105\u017c\u0119, prezenty dla 7 latka, trudne zagadki matematyczne, mitologia grecka quiz, dinozaur bajka, kotki dwa tekst, prezent dla trzynastolatki, marcel znaczenie imienia, zagadki dla dzieci do druku, kolorowanki do druku peppa, atrakcje dla dzieci w warszawie dzi\u015b, kolorowanka kotka, cytaty o przyja\u017ani ma\u0142y ksi\u0105\u017c\u0119, kolysanki tekst, prima aprilis pomys\u0142y<\/p>\n<p>yyyyy<\/p>\n<p>&nbsp;<\/p>\n","protected":false},"excerpt":{"rendered":"<p>Namiot Tipi to absolutnie ulubione miejsce zabaw dzieci wype\u0142nione po brzegi dzieci\u0119c\u0105 rado\u015bci\u0105. Pe\u0142ni rol\u0119 barwnej kryj\u00f3wki, w kt\u00f3rej maluchy mog\u0105 rozwija\u0107 swoj\u0105 kreatywno\u015b\u0107 i abstrakcyjne my\u015blenie, uci\u0105\u0107 sobie kr\u00f3tk\u0105 drzemk\u0119 lub wsp\u00f3lnie z rodzicami czyta\u0107 ulubione bajki. Nadaje si\u0119 do postawienia w domu, jak r\u00f3wnie\u017c w ogrodzie lub na balkonie.Nasze tipi wyr\u00f3\u017cnia si\u0119 ogromn\u0105 [&hellip;]<\/p>\n","protected":false},"featured_media":809,"comment_status":"closed","ping_status":"open","template":"","meta":[],"product_cat":[282,287],"product_tag":[734,774,794,600],"class_list":["post-808","product","type-product","status-publish","has-post-thumbnail","hentry","product_cat-domki-i-namioty-dla-dzieci","product_cat-yellow-tipi","product_tag-milan-imie","product_tag-prezent-na-roczek-nie-zabawka","product_tag-test-opowiesci-z-narnii-lew-czarownica-i-stara-szafa-do-druku","product_tag-zaproszenia-na-urodziny-do-druku"],"_links":{"self":[{"href":"http:\/\/klubmamgdynia.pl\/index.php\/wp-json\/wp\/v2\/product\/808","targetHints":{"allow":["GET"]}}],"collection":[{"href":"http:\/\/klubmamgdynia.pl\/index.php\/wp-json\/wp\/v2\/product"}],"about":[{"href":"http:\/\/klubmamgdynia.pl\/index.php\/wp-json\/wp\/v2\/types\/product"}],"replies":[{"embeddable":true,"href":"http:\/\/klubmamgdynia.pl\/index.php\/wp-json\/wp\/v2\/comments?post=808"}],"wp:featuredmedia":[{"embeddable":true,"href":"http:\/\/klubmamgdynia.pl\/index.php\/wp-json\/wp\/v2\/media\/809"}],"wp:attachment":[{"href":"http:\/\/klubmamgdynia.pl\/index.php\/wp-json\/wp\/v2\/media?parent=808"}],"wp:term":[{"taxonomy":"product_cat","embeddable":true,"href":"http:\/\/klubmamgdynia.pl\/index.php\/wp-json\/wp\/v2\/product_cat?post=808"},{"taxonomy":"product_tag","embeddable":true,"href":"http:\/\/klubmamgdynia.pl\/index.php\/wp-json\/wp\/v2\/product_tag?post=808"}],"curies":[{"name":"wp","href":"https:\/\/api.w.org\/{rel}","templated":true}]}}