{"id":8080,"date":"2011-09-10T14:16:16","date_gmt":"2011-09-10T12:16:16","guid":{"rendered":"http:\/\/klubmamgdynia.pl\/index.php\/produkt\/artyk-lalka-anmiya-39cm\/"},"modified":"2026-04-29T13:09:41","modified_gmt":"2026-04-29T11:09:41","slug":"artyk-lalka-anmiya-39cm","status":"publish","type":"product","link":"http:\/\/klubmamgdynia.pl\/index.php\/produkt\/artyk-lalka-anmiya-39cm\/","title":{"rendered":"Artyk Lalka Anmiya 39cm"},"content":{"rendered":"<p>Lalka Anmiya 39cm w r\u00f3\u017cowym ubranku. NAZWA LALKA ANMIYA 39CM PRODUCENT ARTYK WIEK 3+ WYMIARY 200 X 420 X 120 MM EAN 5901811149269 Znajd\u017a podobne wed\u0142ug klucza: ARTYK LALKA (349928)<\/p>\n<h2>Artyk Lalka Anmiya 39cm Artyk<\/h2>\n<p>imi\u0119 adriana, \u017c\u0105rty na prima aprilis, \u017carty na prima aprilis w domu, jak zrobi\u0107 wulkan, niech \u017cyj\u0105 wakacje, \u0142amig\u0142\u00f3wki dla 4 latka do druku<\/p>\n<p>yyyyy<\/p>\n<p>&nbsp;<\/p>\n","protected":false},"excerpt":{"rendered":"<p>Lalka Anmiya 39cm w r\u00f3\u017cowym ubranku. NAZWA LALKA ANMIYA 39CM PRODUCENT ARTYK WIEK 3+ WYMIARY 200 X 420 X 120 MM EAN 5901811149269 Znajd\u017a podobne wed\u0142ug klucza: ARTYK LALKA (349928) Artyk Lalka Anmiya 39cm Artyk imi\u0119 adriana, \u017c\u0105rty na prima aprilis, \u017carty na prima aprilis w domu, jak zrobi\u0107 wulkan, niech \u017cyj\u0105 wakacje, \u0142amig\u0142\u00f3wki dla [&hellip;]<\/p>\n","protected":false},"featured_media":8081,"comment_status":"closed","ping_status":"open","template":"","meta":[],"product_cat":[336,65],"product_tag":[839,748,604],"class_list":["post-8080","product","type-product","status-publish","has-post-thumbnail","hentry","product_cat-artyk","product_cat-lalki","product_tag-bajki-na-dobranoc-do-czytania","product_tag-okolice-wroclawia-atrakcje","product_tag-zagadki-trudne"],"_links":{"self":[{"href":"http:\/\/klubmamgdynia.pl\/index.php\/wp-json\/wp\/v2\/product\/8080","targetHints":{"allow":["GET"]}}],"collection":[{"href":"http:\/\/klubmamgdynia.pl\/index.php\/wp-json\/wp\/v2\/product"}],"about":[{"href":"http:\/\/klubmamgdynia.pl\/index.php\/wp-json\/wp\/v2\/types\/product"}],"replies":[{"embeddable":true,"href":"http:\/\/klubmamgdynia.pl\/index.php\/wp-json\/wp\/v2\/comments?post=8080"}],"wp:featuredmedia":[{"embeddable":true,"href":"http:\/\/klubmamgdynia.pl\/index.php\/wp-json\/wp\/v2\/media\/8081"}],"wp:attachment":[{"href":"http:\/\/klubmamgdynia.pl\/index.php\/wp-json\/wp\/v2\/media?parent=8080"}],"wp:term":[{"taxonomy":"product_cat","embeddable":true,"href":"http:\/\/klubmamgdynia.pl\/index.php\/wp-json\/wp\/v2\/product_cat?post=8080"},{"taxonomy":"product_tag","embeddable":true,"href":"http:\/\/klubmamgdynia.pl\/index.php\/wp-json\/wp\/v2\/product_tag?post=8080"}],"curies":[{"name":"wp","href":"https:\/\/api.w.org\/{rel}","templated":true}]}}