{"id":8084,"date":"2017-09-06T10:18:03","date_gmt":"2017-09-06T08:18:03","guid":{"rendered":"http:\/\/klubmamgdynia.pl\/index.php\/produkt\/zapf-creation-jeansy-i-koszulka-dla-lalki-dolly-moda-43-cm\/"},"modified":"2026-04-07T18:00:53","modified_gmt":"2026-04-07T16:00:53","slug":"zapf-creation-jeansy-i-koszulka-dla-lalki-dolly-moda-43-cm","status":"publish","type":"product","link":"http:\/\/klubmamgdynia.pl\/index.php\/produkt\/zapf-creation-jeansy-i-koszulka-dla-lalki-dolly-moda-43-cm\/","title":{"rendered":"Zapf Creation jeansy i koszulka dla lalki Dolly Moda 43 cm"},"content":{"rendered":"<p>Zapf Creation Dolly Moda Jeans Spodnie Outfit 43cm                            <\/p>\n<p>Jeansy zawsze pasuj\u0105, bez wzgl\u0119du na okazj\u0119. Tak jak Dolly Moda, ona te\u017c zawsze pasuje.<\/p>\n<p>Dzi\u0119ki swobodnemu krojowi, BABY born, Baby Annabell i inne lalki w rozmiarach 39-46 cm mog\u0105 z rado\u015bci\u0105 wymienia\u0107 si\u0119 ubrankami w t\u0119 i z powrotem.<\/p>\n<p>Str\u00f3j sk\u0142ada si\u0119 z jeansowych spodni i bia\u0142ej koszuli. Haftowane aplikacje, takie jak okulary przeciws\u0142oneczne, kwiaty i kraw\u0119dzie gwiazdek dodatkowo przyci\u0105gaj\u0105 wzrok.                            <\/p>\n<p>Szczeg\u00f3\u0142y produktu:<br \/>\nOriginal Zapf Creation Ubranka dla lalek BABY born, Baby Annabell i innych lalek w rozmiarze 39-46 cm.<br \/>\nPoszerza mo\u017cliwo\u015bci zabawy, pobudza wyobra\u017ani\u0119 i promuje kreatywne odgrywanie r\u00f3l<br \/>\nZawarto\u015b\u0107: 1 para d\u017cins\u00f3w, 1 koszulka<br \/>\nWiek: od 3 lat<\/p>\n<h2>Zapf Creation jeansy i koszulka dla lalki Dolly Moda 43 cm Zapf Creation<\/h2>\n<p>rzadkie imiona japo\u0144skie, cicha noc po angielsku tekst, zagadki dla dzieci 7 lat, my little pony kolorowanka, znaki drogowe test online, zagadki logiczne, kartki na dobranoc dla przyjaci\u00f3\u0142, maska batmana do druku, jaki prezent na roczek dla dziewczynki, nietypowe imiona \u017ce\u0144skie, tajemniczy ogr\u00f3d test z lektury, karty pracy polsko ukrai\u0144skie, pi\u0119kne kr\u00f3tkie wiersze<\/p>\n<p>yyyyy<\/p>\n<p>&nbsp;<\/p>\n","protected":false},"excerpt":{"rendered":"<p>Zapf Creation Dolly Moda Jeans Spodnie Outfit 43cm Jeansy zawsze pasuj\u0105, bez wzgl\u0119du na okazj\u0119. Tak jak Dolly Moda, ona te\u017c zawsze pasuje. Dzi\u0119ki swobodnemu krojowi, BABY born, Baby Annabell i inne lalki w rozmiarach 39-46 cm mog\u0105 z rado\u015bci\u0105 wymienia\u0107 si\u0119 ubrankami w t\u0119 i z powrotem. Str\u00f3j sk\u0142ada si\u0119 z jeansowych spodni i [&hellip;]<\/p>\n","protected":false},"featured_media":8085,"comment_status":"closed","ping_status":"open","template":"","meta":[],"product_cat":[50,1694],"product_tag":[864,619,843,672,632,647],"class_list":["post-8084","product","type-product","status-publish","has-post-thumbnail","hentry","product_cat-ubranka-i-buty-dla-lalek","product_cat-zapf-creation","product_tag-basen-warszawa","product_tag-iwo-imie","product_tag-smieszne-zagadki-dla-dzieci","product_tag-trudne-zagadki-z-odpowiedziami","product_tag-warszawa-atrakcje-dla-mlodziezy","product_tag-warszawa-z-dzieckiem"],"_links":{"self":[{"href":"http:\/\/klubmamgdynia.pl\/index.php\/wp-json\/wp\/v2\/product\/8084","targetHints":{"allow":["GET"]}}],"collection":[{"href":"http:\/\/klubmamgdynia.pl\/index.php\/wp-json\/wp\/v2\/product"}],"about":[{"href":"http:\/\/klubmamgdynia.pl\/index.php\/wp-json\/wp\/v2\/types\/product"}],"replies":[{"embeddable":true,"href":"http:\/\/klubmamgdynia.pl\/index.php\/wp-json\/wp\/v2\/comments?post=8084"}],"wp:featuredmedia":[{"embeddable":true,"href":"http:\/\/klubmamgdynia.pl\/index.php\/wp-json\/wp\/v2\/media\/8085"}],"wp:attachment":[{"href":"http:\/\/klubmamgdynia.pl\/index.php\/wp-json\/wp\/v2\/media?parent=8084"}],"wp:term":[{"taxonomy":"product_cat","embeddable":true,"href":"http:\/\/klubmamgdynia.pl\/index.php\/wp-json\/wp\/v2\/product_cat?post=8084"},{"taxonomy":"product_tag","embeddable":true,"href":"http:\/\/klubmamgdynia.pl\/index.php\/wp-json\/wp\/v2\/product_tag?post=8084"}],"curies":[{"name":"wp","href":"https:\/\/api.w.org\/{rel}","templated":true}]}}