{"id":8086,"date":"2025-07-26T03:49:00","date_gmt":"2025-07-26T01:49:00","guid":{"rendered":"http:\/\/klubmamgdynia.pl\/?post_type=product&#038;p=8086"},"modified":"2026-05-17T21:59:22","modified_gmt":"2026-05-17T19:59:22","slug":"holle-bezmleczna-kaszka-ryzowa-od-4-msc-6x250g","status":"publish","type":"product","link":"http:\/\/klubmamgdynia.pl\/index.php\/produkt\/holle-bezmleczna-kaszka-ryzowa-od-4-msc-6x250g\/","title":{"rendered":"Holle Bezmleczna Kaszka Ry\u017cowa Od 4 Msc. 6X250G"},"content":{"rendered":"<p>Kaszka od 4 miesi\u0105ca<\/p>\n<h2>Holle Bezmleczna Kaszka Ry\u017cowa Od 4 Msc. 6X250G Holle<\/h2>\n<p>zagadki halloween dla dzieci, wroc\u0142aw atrakcje dla dzieci 2021, pytania wielkanocne, mapa polski do druku, co kupi\u0107 na roczek dla dziewczynki<\/p>\n<p>yyyyy<\/p>\n<p>&nbsp;<\/p>\n","protected":false},"excerpt":{"rendered":"<p>Kaszka od 4 miesi\u0105ca Holle Bezmleczna Kaszka Ry\u017cowa Od 4 Msc. 6X250G Holle zagadki halloween dla dzieci, wroc\u0142aw atrakcje dla dzieci 2021, pytania wielkanocne, mapa polski do druku, co kupi\u0107 na roczek dla dziewczynki yyyyy &nbsp;<\/p>\n","protected":false},"featured_media":8087,"comment_status":"closed","ping_status":"open","template":"","meta":[],"product_cat":[106,107],"product_tag":[700,744,798,762,724,873],"class_list":["post-8086","product","type-product","status-publish","has-post-thumbnail","hentry","product_cat-holle","product_cat-kaszki-dla-dzieci","product_tag-bajki-do-czytania-dla-dzieci","product_tag-kolorowanki-swiateczne-do-wydruku","product_tag-prezenty-dla-nastolatki","product_tag-trudne-zagadki-dla-dzieci","product_tag-zagadki-podchwytliwe","product_tag-zagadki-z-odpowiedziami-dla-dzieci"],"_links":{"self":[{"href":"http:\/\/klubmamgdynia.pl\/index.php\/wp-json\/wp\/v2\/product\/8086","targetHints":{"allow":["GET"]}}],"collection":[{"href":"http:\/\/klubmamgdynia.pl\/index.php\/wp-json\/wp\/v2\/product"}],"about":[{"href":"http:\/\/klubmamgdynia.pl\/index.php\/wp-json\/wp\/v2\/types\/product"}],"replies":[{"embeddable":true,"href":"http:\/\/klubmamgdynia.pl\/index.php\/wp-json\/wp\/v2\/comments?post=8086"}],"wp:featuredmedia":[{"embeddable":true,"href":"http:\/\/klubmamgdynia.pl\/index.php\/wp-json\/wp\/v2\/media\/8087"}],"wp:attachment":[{"href":"http:\/\/klubmamgdynia.pl\/index.php\/wp-json\/wp\/v2\/media?parent=8086"}],"wp:term":[{"taxonomy":"product_cat","embeddable":true,"href":"http:\/\/klubmamgdynia.pl\/index.php\/wp-json\/wp\/v2\/product_cat?post=8086"},{"taxonomy":"product_tag","embeddable":true,"href":"http:\/\/klubmamgdynia.pl\/index.php\/wp-json\/wp\/v2\/product_tag?post=8086"}],"curies":[{"name":"wp","href":"https:\/\/api.w.org\/{rel}","templated":true}]}}