{"id":8088,"date":"2022-11-10T15:42:12","date_gmt":"2022-11-10T14:42:12","guid":{"rendered":"http:\/\/klubmamgdynia.pl\/?post_type=product&#038;p=8088"},"modified":"2026-05-17T22:03:07","modified_gmt":"2026-05-17T20:03:07","slug":"kiddymoon-partners-plac-zabaw-3w1-100x-z-pileczkami-6cm-mix-zolty-zielony-niebieski-czerwony-pomarancz-1718438","status":"publish","type":"product","link":"http:\/\/klubmamgdynia.pl\/index.php\/produkt\/kiddymoon-partners-plac-zabaw-3w1-100x-z-pileczkami-6cm-mix-zolty-zielony-niebieski-czerwony-pomarancz-1718438\/","title":{"rendered":"Kiddymoon Partners Plac zabaw 3w1 100X z pi\u0142eczkami 6cm mix \u017c\u00f3\u0142ty-zielony-niebieski-czerwony-pomara\u0144cz (1718438)"},"content":{"rendered":"<p>Sk\u0142adany plac zabaw 3w1 z plastikowymi pi\u0142kami zapewni Twojemu dziecku wiele mo\u017cliwo\u015bci do zabawy. Doskonale sprawdzi si\u0119 w pomieszczeniu, jak i na dworze. Podczas upalnej pogody mo\u017ce chroni\u0107 przed s\u0142o\u0144cem i s\u0142u\u017cy\u0107 np. jako rozbudowany namiot pla\u017cowy. Namiot mie\u015bci si\u0119 w pokrowcach, dzi\u0119ki czemu \u0142atwo mo\u017cna go schowa\u0107, lub zabra\u0107 ze sob\u0105 na wczasy, piknik, czy do znajomych. Na zestaw sk\u0142ada si\u0119 kilka element\u00f3w: domek, siatkowy namiot oraz \u0142\u0105cz\u0105cy je tunel.W\u0141A\u015aCIWO\u015aCI- elastyczna, lekka konstrukcja pop up umo\u017cliwia \u0142atwo go z\u0142o\u017cy\u0107 i roz\u0142o\u017cy\u0107- pokrowiec wyposa\u017cony w zamek b\u0142yskawiczny oraz r\u0105czki dla \u0142atwego przenoszenia- metalowe struny utrzymuj\u0105 kszta\u0142t i zapewniaj\u0105 odpowiedni\u0105 sztywno\u015b\u0107 konstrukcji- delikatne kolory materia\u0142u i mn\u00f3stwo kombinacji pi\u0142ek pozwalaj\u0105 dobra\u0107 odpowiedni wariant dla Twojego malucha lub dostosowa\u0107 zestaw do ka\u017cdego wn\u0119trza- wykonany z bezpiecznych, nietoksycznych materia\u0142\u00f3w- g\u0142adka powierzchnia, \u0142atwa do utrzymania w czysto\u015bciSK\u0141AD: ortalion &#8211; 100% poliesterWYMIARY:namiot 120x120x80 cmtunel 45&#215;170 cmdomek 85x85x100 cmd\u0142ugo\u015b\u0107 ca\u0142kowita 375 cmW zestawie znajduje si\u0119 200-600 kolorowych pi\u0142ek o \u015brednicy 6 cm. Pi\u0142eczki wyprodukowane s\u0105 w Europie z nietoksycznego materia\u0142u. Posiadaj\u0105 certyfikat CE. Przyjemne i lekkie, a zarazem elastyczne i odporne na zniekszta\u0142cenia : po \u015bci\u015bni\u0119ciu odzyskuj\u0105 sw\u00f3j pierwotny kszta\u0142t nie robi\u0105c dziecku krzywdy.SK\u0141AD: 100% polietylenZabawa powinna odbywa\u0107 si\u0119 pod nadzorem osoby doros\u0142ej.<\/p>\n<h2>Kiddymoon Partners Plac zabaw 3w1 100X z pi\u0142eczkami 6cm mix \u017c\u00f3\u0142ty-zielony-niebieski-czerwony-pomara\u0144cz (1718438) Selonis<\/h2>\n<p>test z lektury asiunia, transformers kolorowanka, zagadki dla dzieci 6-7 lat, cytaty o przyja\u017ani kr\u00f3tkie, cytaty o wychowaniu dzieci, zagadki matematyczne dla dzieci 7 lat, na wyspach bergamutach, kolorowanki do wydruku, co dla rocznego dziecka, cytaty o dzieciach, trudne zagadki i odpowiedzi, kolorowanki do druku dla doros\u0142ych, imi\u0119 r\u00f3\u017ca, zemsta test wiedzy, kolorowanka ze zdj\u0119cia<\/p>\n<p>yyyyy<\/p>\n<p>&nbsp;<\/p>\n","protected":false},"excerpt":{"rendered":"<p>Sk\u0142adany plac zabaw 3w1 z plastikowymi pi\u0142kami zapewni Twojemu dziecku wiele mo\u017cliwo\u015bci do zabawy. Doskonale sprawdzi si\u0119 w pomieszczeniu, jak i na dworze. Podczas upalnej pogody mo\u017ce chroni\u0107 przed s\u0142o\u0144cem i s\u0142u\u017cy\u0107 np. jako rozbudowany namiot pla\u017cowy. Namiot mie\u015bci si\u0119 w pokrowcach, dzi\u0119ki czemu \u0142atwo mo\u017cna go schowa\u0107, lub zabra\u0107 ze sob\u0105 na wczasy, piknik, [&hellip;]<\/p>\n","protected":false},"featured_media":8089,"comment_status":"closed","ping_status":"open","template":"","meta":[],"product_cat":[282,1263],"product_tag":[831,792,726],"class_list":["post-8088","product","type-product","status-publish","has-post-thumbnail","hentry","product_cat-domki-i-namioty-dla-dzieci","product_cat-selonis","product_tag-bruno","product_tag-cytaty-o-mamie","product_tag-quiz-zemsta"],"_links":{"self":[{"href":"http:\/\/klubmamgdynia.pl\/index.php\/wp-json\/wp\/v2\/product\/8088","targetHints":{"allow":["GET"]}}],"collection":[{"href":"http:\/\/klubmamgdynia.pl\/index.php\/wp-json\/wp\/v2\/product"}],"about":[{"href":"http:\/\/klubmamgdynia.pl\/index.php\/wp-json\/wp\/v2\/types\/product"}],"replies":[{"embeddable":true,"href":"http:\/\/klubmamgdynia.pl\/index.php\/wp-json\/wp\/v2\/comments?post=8088"}],"wp:featuredmedia":[{"embeddable":true,"href":"http:\/\/klubmamgdynia.pl\/index.php\/wp-json\/wp\/v2\/media\/8089"}],"wp:attachment":[{"href":"http:\/\/klubmamgdynia.pl\/index.php\/wp-json\/wp\/v2\/media?parent=8088"}],"wp:term":[{"taxonomy":"product_cat","embeddable":true,"href":"http:\/\/klubmamgdynia.pl\/index.php\/wp-json\/wp\/v2\/product_cat?post=8088"},{"taxonomy":"product_tag","embeddable":true,"href":"http:\/\/klubmamgdynia.pl\/index.php\/wp-json\/wp\/v2\/product_tag?post=8088"}],"curies":[{"name":"wp","href":"https:\/\/api.w.org\/{rel}","templated":true}]}}