{"id":8090,"date":"2019-12-21T21:28:30","date_gmt":"2019-12-21T20:28:30","guid":{"rendered":"http:\/\/klubmamgdynia.pl\/index.php\/produkt\/simba-toys-kevin-hipster-w-swetrze\/"},"modified":"2026-05-01T15:58:37","modified_gmt":"2026-05-01T13:58:37","slug":"simba-toys-kevin-hipster-w-swetrze","status":"publish","type":"product","link":"http:\/\/klubmamgdynia.pl\/index.php\/produkt\/simba-toys-kevin-hipster-w-swetrze\/","title":{"rendered":"Simba Toys Kevin Hipster W Swetrze"},"content":{"rendered":"<p>Kevin Hipster, w swetrzeKevin z modn\u0105 brod\u0105 jest ubrany w stylu sportowej elegancji.Wysoko\u015bc lalki 30 cm.Zabawka przeznaczona dla dzieci powy\u017cej 3 roku \u017cycia.EAN:  5902002964524Kod dostawcy:  105733241-2Nr katalogowy:  105733241-2Marka:  Steffi LoveWymagania wiekowe:  od 3 latP\u0142e\u0107:  DziewczynkiWysoko\u015b\u0107:  30 cmPozosta\u0142e parametry:  Wymiary opakowania: 5 x 10.5 x 33 cm<\/p>\n<h2>Simba Toys Kevin Hipster W Swetrze Simba<\/h2>\n<p>szlaczki literopodobne, quiz online, bajka o biedronce, \u015bwinka peppa kolorowanka do druku, izabela imie, zagadki dla dzieci, \u0142amig\u0142owki do druku, zagadki dla dzieci 5 lat, malowanki, imiona postaci z bajek, eksperyment dla dzieci wulkan, cukierku ty \u0142obuzie test, znaczenie imiona justyna, lol kolorowanki do druku, znaczenie imienia paula, cytaty dla nauczycieli, ozdoby choinkowe dla dzieci, quiz o akademii pana kleksa, cytaty o dzieciach<\/p>\n<p>yyyyy<\/p>\n<p>&nbsp;<\/p>\n","protected":false},"excerpt":{"rendered":"<p>Kevin Hipster, w swetrzeKevin z modn\u0105 brod\u0105 jest ubrany w stylu sportowej elegancji.Wysoko\u015bc lalki 30 cm.Zabawka przeznaczona dla dzieci powy\u017cej 3 roku \u017cycia.EAN: 5902002964524Kod dostawcy: 105733241-2Nr katalogowy: 105733241-2Marka: Steffi LoveWymagania wiekowe: od 3 latP\u0142e\u0107: DziewczynkiWysoko\u015b\u0107: 30 cmPozosta\u0142e parametry: Wymiary opakowania: 5 x 10.5 x 33 cm Simba Toys Kevin Hipster W Swetrze Simba szlaczki literopodobne, [&hellip;]<\/p>\n","protected":false},"featured_media":8091,"comment_status":"closed","ping_status":"open","template":"","meta":[],"product_cat":[65,279],"product_tag":[722,688,624,840],"class_list":["post-8090","product","type-product","status-publish","has-post-thumbnail","hentry","product_cat-lalki","product_cat-simba","product_tag-cytaty-o-przyjazni","product_tag-kolysanki-tekst","product_tag-krotkie-zagadki","product_tag-stare-bajki"],"_links":{"self":[{"href":"http:\/\/klubmamgdynia.pl\/index.php\/wp-json\/wp\/v2\/product\/8090","targetHints":{"allow":["GET"]}}],"collection":[{"href":"http:\/\/klubmamgdynia.pl\/index.php\/wp-json\/wp\/v2\/product"}],"about":[{"href":"http:\/\/klubmamgdynia.pl\/index.php\/wp-json\/wp\/v2\/types\/product"}],"replies":[{"embeddable":true,"href":"http:\/\/klubmamgdynia.pl\/index.php\/wp-json\/wp\/v2\/comments?post=8090"}],"wp:featuredmedia":[{"embeddable":true,"href":"http:\/\/klubmamgdynia.pl\/index.php\/wp-json\/wp\/v2\/media\/8091"}],"wp:attachment":[{"href":"http:\/\/klubmamgdynia.pl\/index.php\/wp-json\/wp\/v2\/media?parent=8090"}],"wp:term":[{"taxonomy":"product_cat","embeddable":true,"href":"http:\/\/klubmamgdynia.pl\/index.php\/wp-json\/wp\/v2\/product_cat?post=8090"},{"taxonomy":"product_tag","embeddable":true,"href":"http:\/\/klubmamgdynia.pl\/index.php\/wp-json\/wp\/v2\/product_tag?post=8090"}],"curies":[{"name":"wp","href":"https:\/\/api.w.org\/{rel}","templated":true}]}}