{"id":8092,"date":"2024-05-30T16:16:42","date_gmt":"2024-05-30T14:16:42","guid":{"rendered":"http:\/\/klubmamgdynia.pl\/?post_type=product&#038;p=8092"},"modified":"2026-05-17T22:07:00","modified_gmt":"2026-05-17T20:07:00","slug":"rastar-ferrari-f1-samochod-zdalnie-sterowany-118","status":"publish","type":"product","link":"http:\/\/klubmamgdynia.pl\/index.php\/produkt\/rastar-ferrari-f1-samochod-zdalnie-sterowany-118\/","title":{"rendered":"Rastar Ferrari F1 samoch\u00f3d zdalnie sterowany 1:18"},"content":{"rendered":"<p>Samoch\u00f3d zdalnie sterowany renomowanego producenta &#8211; firmy Rastar produkuj\u0105cej wysokiej jako\u015bci modele na rynki ca\u0142ego \u015bwiata.Model to Ferrari F1 1:18 &#8211; samoch\u00f3d zdalnie sterowany.Produkt cechuje si\u0119 bardzo szczeg\u00f3\u0142owym odwzorowaniem detali.<\/p>\n<h2>Rastar Ferrari F1 samoch\u00f3d zdalnie sterowany 1:18 Rastar<\/h2>\n<p>znaczenie imienia alan, kontynenty do druku, r\u00f3\u017ca imie, kiedy dzieci chodz\u0105 na halloween, darmowy szablon list do miko\u0142aja, quiz o bo\u017cym narodzeniu, miriam imi\u0119, glupie zagadki, lol kolorowanka, platformy edukacyjne dla dzieci<\/p>\n<p>yyyyy<\/p>\n<p>&nbsp;<\/p>\n","protected":false},"excerpt":{"rendered":"<p>Samoch\u00f3d zdalnie sterowany renomowanego producenta &#8211; firmy Rastar produkuj\u0105cej wysokiej jako\u015bci modele na rynki ca\u0142ego \u015bwiata.Model to Ferrari F1 1:18 &#8211; samoch\u00f3d zdalnie sterowany.Produkt cechuje si\u0119 bardzo szczeg\u00f3\u0142owym odwzorowaniem detali. Rastar Ferrari F1 samoch\u00f3d zdalnie sterowany 1:18 Rastar znaczenie imienia alan, kontynenty do druku, r\u00f3\u017ca imie, kiedy dzieci chodz\u0105 na halloween, darmowy szablon list do [&hellip;]<\/p>\n","protected":false},"featured_media":8093,"comment_status":"closed","ping_status":"open","template":"","meta":[],"product_cat":[504,337],"product_tag":[703,804,581],"class_list":["post-8092","product","type-product","status-publish","has-post-thumbnail","hentry","product_cat-rastar","product_cat-zabawki-zdalnie-sterowane","product_tag-prezent-dla-nastolatki","product_tag-ryz-z-owocami","product_tag-zagadki-dla-8-latka"],"_links":{"self":[{"href":"http:\/\/klubmamgdynia.pl\/index.php\/wp-json\/wp\/v2\/product\/8092","targetHints":{"allow":["GET"]}}],"collection":[{"href":"http:\/\/klubmamgdynia.pl\/index.php\/wp-json\/wp\/v2\/product"}],"about":[{"href":"http:\/\/klubmamgdynia.pl\/index.php\/wp-json\/wp\/v2\/types\/product"}],"replies":[{"embeddable":true,"href":"http:\/\/klubmamgdynia.pl\/index.php\/wp-json\/wp\/v2\/comments?post=8092"}],"wp:featuredmedia":[{"embeddable":true,"href":"http:\/\/klubmamgdynia.pl\/index.php\/wp-json\/wp\/v2\/media\/8093"}],"wp:attachment":[{"href":"http:\/\/klubmamgdynia.pl\/index.php\/wp-json\/wp\/v2\/media?parent=8092"}],"wp:term":[{"taxonomy":"product_cat","embeddable":true,"href":"http:\/\/klubmamgdynia.pl\/index.php\/wp-json\/wp\/v2\/product_cat?post=8092"},{"taxonomy":"product_tag","embeddable":true,"href":"http:\/\/klubmamgdynia.pl\/index.php\/wp-json\/wp\/v2\/product_tag?post=8092"}],"curies":[{"name":"wp","href":"https:\/\/api.w.org\/{rel}","templated":true}]}}