{"id":8094,"date":"2025-08-04T10:31:28","date_gmt":"2025-08-04T08:31:28","guid":{"rendered":"http:\/\/klubmamgdynia.pl\/?post_type=product&#038;p=8094"},"modified":"2026-04-06T02:52:06","modified_gmt":"2026-04-06T00:52:06","slug":"zabawki-zestaw-piotrus-krolik-gry","status":"publish","type":"product","link":"http:\/\/klubmamgdynia.pl\/index.php\/produkt\/zabawki-zestaw-piotrus-krolik-gry\/","title":{"rendered":"Zabawki Zestaw Piotru\u015b Kr\u00f3lik Gry"},"content":{"rendered":"<p>Zestaw 9 zabawek gier serii Piotru\u015b Kr\u00f3likGor\u0105cy drut &#8211; przeprowad\u017a obr\u0119cz nie dotykaj\u0105c drutu\u0141apanie pi\u0142eczek &#8211; gra dla 2 os\u00f3b , skocz kr\u00f3liczkiem i zabierz pi\u0142k\u0119 do norkiRzucanie obr\u0119cz\u0105 ringo &#8211; traf najwi\u0119ksz\u0105 ilo\u015bci\u0105 obr\u0119czy na kr\u00f3likaDart &#8211; Traf marchewk\u0105 w przycisk a kr\u00f3lik natychmiast wyskoczyPi\u0142ka &#8211; Gra 2 osobowa , Gracz 1 strzela , gracz drugi broni bramkiZ\u0142ap kr\u00f3lika &#8211; gra 2-4 osobowa , po naci\u015bni\u0119ciu przycisku wyskakuje kr\u00f3lik kto go pierwszy z\u0142apie otrzymuje punktRzut do celu &#8211; Kr\u00f3lik trzyma marchewk\u0119 , naci\u015bni\u0119cie przycisku spowoduje ruch r\u0119ki , spr\u00f3buj trafi\u0107 do celu i zdoby\u0107 punktyGra Labirynt &#8211; Przeprowad\u017a kulk\u0119 przez labirynt magnetyczn\u0105 marchewk\u0105 do jednego z 3 do\u0142k\u00f3wGra Labirynt &#8211; poprowad\u017a kulk\u0119 do celu. Prowadzenie kulk\u0119 za pomoc\u0105 d\u017awigni zmieniaj\u0105cych pochylenie planszyZabawki NOWE. Ka\u017cda zapakowana w oddzielny woreczek.Najd\u0142u\u017cszy wymiar zabawek: min. 10cm max. 15cm!Tagi: zabawki zestaw piotru\u015b kr\u00f3lik dla dziecka dzieci zabawa gra gry super<\/p>\n<h2>Zabawki Zestaw Piotru\u015b Kr\u00f3lik Gry Inny<\/h2>\n<p>pan twardowski na ksi\u0119\u017cycu wiersz, kolorowanki dla dziewczynek do druku, wiosna zagadki, maska kota do druku, zagadki matematyczne, julian imie, kolorowanki kotka, opis do zdj\u0119cia dziecka na fb, zagadki dla nastolatk\u00f3w, cytaty rodzina, logiczne zagadki, prezent dla 15 latka, bajki z misiami, kajko i kokosz szko\u0142a latania test z odpowiedziami, delfinarium polska, lol kolorowanki do druku, trudne zagadki dla dzieci, gra planszowa dla nastolatk\u00f3w, magiczne drzewo czerwone krzes\u0142o test<\/p>\n<p>yyyyy<\/p>\n<p>&nbsp;<\/p>\n","protected":false},"excerpt":{"rendered":"<p>Zestaw 9 zabawek gier serii Piotru\u015b Kr\u00f3likGor\u0105cy drut &#8211; przeprowad\u017a obr\u0119cz nie dotykaj\u0105c drutu\u0141apanie pi\u0142eczek &#8211; gra dla 2 os\u00f3b , skocz kr\u00f3liczkiem i zabierz pi\u0142k\u0119 do norkiRzucanie obr\u0119cz\u0105 ringo &#8211; traf najwi\u0119ksz\u0105 ilo\u015bci\u0105 obr\u0119czy na kr\u00f3likaDart &#8211; Traf marchewk\u0105 w przycisk a kr\u00f3lik natychmiast wyskoczyPi\u0142ka &#8211; Gra 2 osobowa , Gracz 1 strzela , [&hellip;]<\/p>\n","protected":false},"featured_media":8095,"comment_status":"closed","ping_status":"open","template":"","meta":[],"product_cat":[169,295],"product_tag":[668,837,802,627,796],"class_list":["post-8094","product","type-product","status-publish","has-post-thumbnail","hentry","product_cat-inny","product_cat-pozostale-zabawki","product_tag-atrakcje-dla-dzieci-wroclaw","product_tag-cicha-noc-po-angielsku","product_tag-co-kupic-dziewczynce-na-roczek","product_tag-quiz-dzieci-z-bullerbyn","product_tag-zagatki"],"_links":{"self":[{"href":"http:\/\/klubmamgdynia.pl\/index.php\/wp-json\/wp\/v2\/product\/8094","targetHints":{"allow":["GET"]}}],"collection":[{"href":"http:\/\/klubmamgdynia.pl\/index.php\/wp-json\/wp\/v2\/product"}],"about":[{"href":"http:\/\/klubmamgdynia.pl\/index.php\/wp-json\/wp\/v2\/types\/product"}],"replies":[{"embeddable":true,"href":"http:\/\/klubmamgdynia.pl\/index.php\/wp-json\/wp\/v2\/comments?post=8094"}],"wp:featuredmedia":[{"embeddable":true,"href":"http:\/\/klubmamgdynia.pl\/index.php\/wp-json\/wp\/v2\/media\/8095"}],"wp:attachment":[{"href":"http:\/\/klubmamgdynia.pl\/index.php\/wp-json\/wp\/v2\/media?parent=8094"}],"wp:term":[{"taxonomy":"product_cat","embeddable":true,"href":"http:\/\/klubmamgdynia.pl\/index.php\/wp-json\/wp\/v2\/product_cat?post=8094"},{"taxonomy":"product_tag","embeddable":true,"href":"http:\/\/klubmamgdynia.pl\/index.php\/wp-json\/wp\/v2\/product_tag?post=8094"}],"curies":[{"name":"wp","href":"https:\/\/api.w.org\/{rel}","templated":true}]}}