{"id":8096,"date":"2021-08-23T12:20:59","date_gmt":"2021-08-23T10:20:59","guid":{"rendered":"http:\/\/klubmamgdynia.pl\/index.php\/produkt\/tiny-love-mata-gigant-zabawa-na-lace-tl120520003\/"},"modified":"2026-05-17T22:29:13","modified_gmt":"2026-05-17T20:29:13","slug":"tiny-love-mata-gigant-zabawa-na-lace-tl120520003","status":"publish","type":"product","link":"http:\/\/klubmamgdynia.pl\/index.php\/produkt\/tiny-love-mata-gigant-zabawa-na-lace-tl120520003\/","title":{"rendered":"Tiny Love Mata Gigant Zabawa Na \u0141\u0105ce (Tl120520003)"},"content":{"rendered":"<p>Mata interaktywna Gigant &#8211; Zabawa na \u0142\u0105ce to jedna z najwi\u0119kszych mat firmy Tiny Love.Du\u017cy rozmiar zapewnia komfort i bezpiecze\u0144stwo. Ta kolorowa, mi\u0119ciutka przestrze\u0144 oferuje miejsce do motorycznych i sensorycznych do\u015bwiadcze\u0144 dziecka le\u017c\u0105cego na pleckach, brzuszku lub turlaj\u0105cego si\u0119. Stymulowanie r\u00f3\u017cnych zmys\u0142\u00f3w pozwala na \u0107wiczenie koordynacji, r\u00f3wnowagi i postawy oraz uczy niemowl\u0119 kontroli ruch\u00f3w swojego cia\u0142a.Ekstra du\u017cy obszar do rozwoju dziecka kt\u00f3ry go zaciekawi i zach\u0119ci do rozwoju ruch\u00f3w ca\u0142ego cia\u0142aRegulowane, wolnostoj\u0105ce lusterko anga\u017cuj\u0105ce dziecko i pomagaj\u0105ce wyd\u0142u\u017cy\u0107 czas na brzuszku.\u0141atwa do z\u0142o\u017cenia i przenoszenia z du\u017c\u0105 ilo\u015bci\u0105 aktywizuj\u0105cych element\u00f3w. Do zastosowania zar\u00f3wno w domu jak i na zewn\u0105trz.Mata z kolekcji Zabawa na \u0142\u0105ce! Zach\u0119ca do rozwoju dziecka poprzez inspiruj\u0105ce momenty zaskoczenia.Mata posiada:stoj\u0105ce bezpieczne lusterko, kt\u00f3re zach\u0119ca do zabawy na brzuszku (czas dla brzuszka)zr\u00f3\u017cnicowan\u0105 struktur\u0119, kt\u00f3ra zach\u0119ca do dotykania i odkrywaniaanga\u017cuj\u0105cy element a ku-ku w drzewkuszeleszcz\u0105ca korona drzewaszeleszcz\u0105cy ogon liska\u0142atwy do chwycenia gryzaczek marchewka3 delikatne, satynowe wst\u0105\u017ceczkimateria\u0142owe li\u015bcie buraczkamateria\u0142owa, delikatna chmurkaszeleszcz\u0105ca sztruksowa kieszonka a ku-kuk\u00f3\u0142eczko umo\u017cliwiaj\u0105ce dopi\u0119cie dodatkowej zabawkiguzik umo\u017cliwiaj\u0105cy zapi\u0119cie z\u0142o\u017conej maty i uchwyt dla \u0142atwego przenoszeniamo\u017cliwo\u015b\u0107 prania w pralceMata mo\u017ce by\u0107 u\u017cywana jako miejsce do przewijania maluszka lub jako kolorowy kocyk do zabawy w domu i na podw\u00f3rku.1. Szeleszcz\u0105cy element drzewka z mo\u017cliwo\u015bci\u0105 zabawy w a ku-ku.2. Zabawne mi\u0119kkie tekstury.3. Lusterko dla przed\u0142u\u017cenia czasu na brzuszku.4. Dodatkowe k\u00f3\u0142eczko do zamocowania ulubionej zabawki.5. Guziczek oraz p\u0119telka umo\u017cliwiaj\u0105ce spi\u0119cie maty po z\u0142o\u017ceniu.6. Szeleszcz\u0105cy ogon liska.7. Gryzak w kszta\u0142cie marchewki &#8211; \u0142atwy do uchwycenia.8. Sztruksowa kieszonka do zabawy w a ku-ku.9. Satynowe wst\u0105\u017ceczki. Wskaz\u00f3wki rozwojowe:1-2 miesi\u0105cePo\u0142\u00f3\u017c si\u0119 obok dziecka, przytulaj, go, baw si\u0119 z nim. Ciesz si\u0119 mo\u017cliwo\u015bci\u0105 poznawania si\u0119 z dzieckiem.2-4 miesi\u0105ceZach\u0119caj dziecko do le\u017cenia na brzuszku, po\u0142\u00f3\u017c dziecko tak, by znalaz\u0142o si\u0119 przed jakim\u015b elementem maty b\u0105d\u017a obrazkiem. Wska\u017c na element i powiedz &#8222;To jest lisek!&#8221; Zaszeleszcz ogonkiem by zwr\u00f3ci\u0107 uwag\u0119 dziecka, umie\u015b\u0107 przed dzieckiem lusterko i zach\u0119\u0107 by si\u0119 w nie wpatrywa\u0142o.5+ miesi\u0119cyKiedy dziecko siedzi, pozw\u00f3l mu cieszy\u0107 si\u0119 przytulnym miejscem do zabawy i odkrywania r\u00f3\u017cnych element\u00f3w maty.U\u017cyj malunk\u00f3w zwierz\u0105t w celu opowiadania zabawych historii. Ta zabawa zaanga\u017cuje dziecko do rozwijania s\u0142ownictwa.Poni\u017cej znajdziesz kluczowe elementy rozwoju, kt\u00f3re Twoje dziecko mo\u017ce rozwija\u0107 za pomoc\u0105 tej zabawki:Ruchy ca\u0142ego cia\u0142aDu\u017cy obszar do zabawy pozwala dziecku na rozci\u0105ganie swojego cia\u0142a, eksperymentowanie z ruchem oraz turlaniem si\u0119, wyd\u0142u\u017caniem czasu na brzuszku czy siedzeniem ciesz\u0105c si\u0119 wieloma aktywizuj\u0105cymi elementami maty.Zmys\u0142yKolorowy design oraz wyra\u017anie zdefiniowane ilustracje, grzechocz\u0105ce i szeleszcz\u0105ce elementy oraz r\u00f3\u017cne faktury stymuluj\u0105 zmys\u0142y dziecka.Wyobra\u017ania i kreatywno\u015b\u0107Urocze rysunki na macie oraz jej r\u00f3\u017cne aktywizuj\u0105ce elementy otwieraj\u0105 \u015bwiat wyobra\u017ani i zach\u0119caj\u0105 do rozwijania wrodzonej kreatywno\u015bci u dziecka.Czy wiesz, \u017ce?Od czwartego miesi\u0105ca \u017cycia dzieci zaczyna fascynowa\u0107 znikanie i pojawianie si\u0119 przedmiot\u00f3w, dlatego w tym okresie doskona\u0142ym sposobem zabawy s\u0105 dla nich r\u00f3\u017cne wariacje gry &#8222;A ku-ku&#8221;.<\/p>\n<h2>Tiny Love Mata Gigant Zabawa Na \u0141\u0105ce (Tl120520003) Tiny love<\/h2>\n<p>karty matematyczne tabliczka mno\u017cenia do wydruku, gra kulki, miriam imi\u0119, prezent na roczek dla dziecka, wzruszaj\u0105ce s\u0142owa dla przyjaciela<\/p>\n<p>yyyyy<\/p>\n<p>&nbsp;<\/p>\n","protected":false},"excerpt":{"rendered":"<p>Mata interaktywna Gigant &#8211; Zabawa na \u0142\u0105ce to jedna z najwi\u0119kszych mat firmy Tiny Love.Du\u017cy rozmiar zapewnia komfort i bezpiecze\u0144stwo. Ta kolorowa, mi\u0119ciutka przestrze\u0144 oferuje miejsce do motorycznych i sensorycznych do\u015bwiadcze\u0144 dziecka le\u017c\u0105cego na pleckach, brzuszku lub turlaj\u0105cego si\u0119. Stymulowanie r\u00f3\u017cnych zmys\u0142\u00f3w pozwala na \u0107wiczenie koordynacji, r\u00f3wnowagi i postawy oraz uczy niemowl\u0119 kontroli ruch\u00f3w swojego [&hellip;]<\/p>\n","protected":false},"featured_media":8097,"comment_status":"closed","ping_status":"open","template":"","meta":[],"product_cat":[55,499],"product_tag":[702,678,846,587],"class_list":["post-8096","product","type-product","status-publish","has-post-thumbnail","hentry","product_cat-maty-edukacyjne","product_cat-tiny-love","product_tag-co-kupic-na-roczek-dla-dziewczynki","product_tag-prezent-na-roczek-dla-dziewczynki","product_tag-rysowanki","product_tag-skalne-miasto"],"_links":{"self":[{"href":"http:\/\/klubmamgdynia.pl\/index.php\/wp-json\/wp\/v2\/product\/8096","targetHints":{"allow":["GET"]}}],"collection":[{"href":"http:\/\/klubmamgdynia.pl\/index.php\/wp-json\/wp\/v2\/product"}],"about":[{"href":"http:\/\/klubmamgdynia.pl\/index.php\/wp-json\/wp\/v2\/types\/product"}],"replies":[{"embeddable":true,"href":"http:\/\/klubmamgdynia.pl\/index.php\/wp-json\/wp\/v2\/comments?post=8096"}],"wp:featuredmedia":[{"embeddable":true,"href":"http:\/\/klubmamgdynia.pl\/index.php\/wp-json\/wp\/v2\/media\/8097"}],"wp:attachment":[{"href":"http:\/\/klubmamgdynia.pl\/index.php\/wp-json\/wp\/v2\/media?parent=8096"}],"wp:term":[{"taxonomy":"product_cat","embeddable":true,"href":"http:\/\/klubmamgdynia.pl\/index.php\/wp-json\/wp\/v2\/product_cat?post=8096"},{"taxonomy":"product_tag","embeddable":true,"href":"http:\/\/klubmamgdynia.pl\/index.php\/wp-json\/wp\/v2\/product_tag?post=8096"}],"curies":[{"name":"wp","href":"https:\/\/api.w.org\/{rel}","templated":true}]}}