{"id":8098,"date":"2013-11-24T21:08:40","date_gmt":"2013-11-24T20:08:40","guid":{"rendered":"http:\/\/klubmamgdynia.pl\/index.php\/produkt\/dante-klacz-rasy-thoroughbred-masci-chestnut-deluxe-112-konie-dl\/"},"modified":"2026-04-26T09:36:12","modified_gmt":"2026-04-26T07:36:12","slug":"dante-klacz-rasy-thoroughbred-masci-chestnut-deluxe-112-konie-dl","status":"publish","type":"product","link":"http:\/\/klubmamgdynia.pl\/index.php\/produkt\/dante-klacz-rasy-thoroughbred-masci-chestnut-deluxe-112-konie-dl\/","title":{"rendered":"Dante Klacz Rasy Thoroughbred Ma\u015bci Chestnut Deluxe 1:12 (Konie Dl)"},"content":{"rendered":"<p>KLACZ RASY THOROUGHBRED MA\u015aCI CHESTNUT &#8211; DELUXE to figurka najwy\u017cszej jako\u015bci pod wzgl\u0119dem rzeczywistego odwzorowania kszta\u0142tu i koloru. Collecta to jeden z najwi\u0119kszych na \u015bwiecie producent\u00f3w replik zwierz\u0105t oraz postaci mitologicznych. Firma Collecta z pomoc\u0105 paleontolog\u00f3w z Wielkiej Brytanii stworzy\u0142a jedn\u0105 z nawi\u0119kszych kolekcji dinozaur\u00f3w na \u015bwiecie.Zabawka dla dzieci w wieku od 3 lat&#8230;<\/p>\n<h2>Dante Klacz Rasy Thoroughbred Ma\u015bci Chestnut Deluxe 1:12 (Konie Dl) Dante<\/h2>\n<p>znaczenie imienia julian, lol kolorowanki, tajemniczy ogr\u00f3d test z lektury, \u0142amig\u0142\u00f3wki logiczne dla dzieci, kamila, m\u0105dre cytaty dla dzieci, kucyki pony kolorowanka, piesek do kolorowania, maurycy, kwiaty polne nazwy i zdj\u0119cia, oryginalny prezent dla nastolatk\u00f3w, literki, andrea, policja kolorowanka<\/p>\n<p>yyyyy<\/p>\n<p>&nbsp;<\/p>\n","protected":false},"excerpt":{"rendered":"<p>KLACZ RASY THOROUGHBRED MA\u015aCI CHESTNUT &#8211; DELUXE to figurka najwy\u017cszej jako\u015bci pod wzgl\u0119dem rzeczywistego odwzorowania kszta\u0142tu i koloru. Collecta to jeden z najwi\u0119kszych na \u015bwiecie producent\u00f3w replik zwierz\u0105t oraz postaci mitologicznych. Firma Collecta z pomoc\u0105 paleontolog\u00f3w z Wielkiej Brytanii stworzy\u0142a jedn\u0105 z nawi\u0119kszych kolekcji dinozaur\u00f3w na \u015bwiecie.Zabawka dla dzieci w wieku od 3 lat&#8230; Dante [&hellip;]<\/p>\n","protected":false},"featured_media":8099,"comment_status":"closed","ping_status":"open","template":"","meta":[],"product_cat":[249,95],"product_tag":[680,842,629],"class_list":["post-8098","product","type-product","status-publish","has-post-thumbnail","hentry","product_cat-dante","product_cat-figurki-makiety-i-zestawy","product_tag-cytaty-z-malego-ksiecia","product_tag-plac-zabaw-poznan","product_tag-smieszne-zagadki-z-odpowiedziami"],"_links":{"self":[{"href":"http:\/\/klubmamgdynia.pl\/index.php\/wp-json\/wp\/v2\/product\/8098","targetHints":{"allow":["GET"]}}],"collection":[{"href":"http:\/\/klubmamgdynia.pl\/index.php\/wp-json\/wp\/v2\/product"}],"about":[{"href":"http:\/\/klubmamgdynia.pl\/index.php\/wp-json\/wp\/v2\/types\/product"}],"replies":[{"embeddable":true,"href":"http:\/\/klubmamgdynia.pl\/index.php\/wp-json\/wp\/v2\/comments?post=8098"}],"wp:featuredmedia":[{"embeddable":true,"href":"http:\/\/klubmamgdynia.pl\/index.php\/wp-json\/wp\/v2\/media\/8099"}],"wp:attachment":[{"href":"http:\/\/klubmamgdynia.pl\/index.php\/wp-json\/wp\/v2\/media?parent=8098"}],"wp:term":[{"taxonomy":"product_cat","embeddable":true,"href":"http:\/\/klubmamgdynia.pl\/index.php\/wp-json\/wp\/v2\/product_cat?post=8098"},{"taxonomy":"product_tag","embeddable":true,"href":"http:\/\/klubmamgdynia.pl\/index.php\/wp-json\/wp\/v2\/product_tag?post=8098"}],"curies":[{"name":"wp","href":"https:\/\/api.w.org\/{rel}","templated":true}]}}