{"id":810,"date":"2015-03-01T05:06:34","date_gmt":"2015-03-01T04:06:34","guid":{"rendered":"http:\/\/klubmamgdynia.pl\/index.php\/produkt\/sd-namiot-tipi-krolewny-1423\/"},"modified":"2026-05-17T22:05:20","modified_gmt":"2026-05-17T20:05:20","slug":"sd-namiot-tipi-krolewny-1423","status":"publish","type":"product","link":"http:\/\/klubmamgdynia.pl\/index.php\/produkt\/sd-namiot-tipi-krolewny-1423\/","title":{"rendered":"SD Namiot Tipi Kr\u00f3lewny 1423"},"content":{"rendered":"<p>Namiot Tipi dla dzieciTipi to bezpieczny azyl dla Twojej pociechy. Jest miejscem, gdzie dziecko mo\u017ce si\u0119 schowa\u0107, wyciszy\u0107 i odpocz\u0105\u0107 od bod\u017ac\u00f3w zewn\u0119trznych. Sprzyja r\u00f3wnie\u017c rozwojowej zabawie kszta\u0142tuj\u0105c wyobra\u017ani\u0119 i kreatywno\u015b\u0107. Stanowi pewnego rodzaju w\u0142asne terytorium, gdzie dziecko mo\u017ce zamieni\u0107 si\u0119 nie tylko w Indianina, ale tak\u017ce w kosmonaut\u0119 w rakiecie, ksi\u0119\u017cniczk\u0119 we w\u0142asnym kr\u00f3lestwie, czy pirata na statku. Jest miejscem gdzie dziecko mo\u017ce bawi\u0107 zar\u00f3wno samodzielnie jak i z r\u00f3wie\u015bnikami, czy rodzicami podczas wieczornego czytania ksi\u0105\u017cek. W cieplejsze dni mo\u017cna wynie\u015b\u0107 tipi do ogrodu, umilaj\u0105c przy tym zabaw\u0119 na \u015bwie\u017cym powietrzu.Kt\u00f3\u017c z nas nie budowa\u0142 domk\u00f3w z koc\u00f3w czy prze\u015bcierade\u0142? Najwi\u0119kszym dramatem by\u0142 moment gdy po zabawie mama kaza\u0142a wszystko od\u0142o\u017cy\u0107 na swoje miejsce. Dzi\u015b na szcz\u0119\u015bcie mamy namioty tipi, kt\u00f3re stanowi\u0119 wspania\u0142y element dekoracyjny pokoju dzieci\u0119cego, a w razie konieczno\u015bci z\u0142o\u017cenia nie zajmuj\u0105 du\u017co miejsca.Co wchodzi w sk\u0142ad zestawu namiotu tipi:namiot o wymiarach podstawy 1,10 mdrewniane kije (sk\u0142adane &#8211; aby u\u0142atwi\u0107 transport namiotu)jedno okienkogruba przywi\u0105zywana mato &#8211; ko\u0142derka (3-4 cm)stabilizator (zapobiega rozje\u017cd\u017caniu kijk\u00f3w)GRATIS dwie poduszki pasuj\u0105ce kolorystycznie do zestawuCa\u0142kowita wysoko\u015b\u0107 namiotu to 160cm, ka\u017cdy kijek ma d\u0142ugo\u015b\u0107 180cm.Wszystkie elementy zestawu mo\u017cna spokojnie pra\u0107 w pralce automatycznej.Ca\u0142o\u015b\u0107 uszyta z wysokiej jako\u015bci tkanin z certyfikatem bezpieczny dla dziecka (bawe\u0142na g\u0142adka i sur\u00f3wka naturalna bawe\u0142niana z charakterystyczn\u0105 struktur\u0105, 100% ekologiczna, bezpieczna, niebarwiona, w naturalnym kolorze ecru.Jak z\u0142o\u017cy\u0107 namiot tipi?To bardzo \u0142atwe. Wystarczy w\u0142o\u017cy\u0107 kije w tunele, ca\u0142o\u015b\u0107 rozstawi\u0107 i zwi\u0105za\u0107 wystaj\u0105ce ko\u0144ce kijk\u00f3w sznurkiem. Dodatkowo ka\u017cde tipi wyposa\u017cone jest w stabilizator namiotu, dzi\u0119ki kt\u00f3remu ca\u0142a konstrukcja jest bezpieczna dla dziecka, nie sk\u0142ada si\u0119 podczas zabawy, a poszycie jest odpowiednio naci\u0105gni\u0119te. Zamontowanie jest bardzo proste, wystarczy po roz\u0142o\u017ceniu namiotu prze\u0142o\u017cy\u0107 \u015brub\u0119 przez drewniane kr\u0105\u017cki i ca\u0142o\u015b\u0107 skr\u0119ci\u0107.<\/p>\n<h2>SD Namiot Tipi Kr\u00f3lewny 1423 S\u00f3wka Design<\/h2>\n<p>leonardo imi\u0119, magiczne drzewo czerwone krzes\u0142o test, test z lektury ania z zielonego wzg\u00f3rza klasa 6 z odpowiedziami, wydarzenia dla dzieci warszawa, znaczenie imienia paula, wiersz o wakacjach, psikusy na prima aprilis, teksty ko\u0142ysanek, test z lektury spos\u00f3b na alcybiadesa, imie paula, zagadki z odpowiedziami, kolorowanki jesie\u0144 do druku, test z dynastii mizio\u0142k\u00f3w<\/p>\n<p>yyyyy<\/p>\n<p>&nbsp;<\/p>\n","protected":false},"excerpt":{"rendered":"<p>Namiot Tipi dla dzieciTipi to bezpieczny azyl dla Twojej pociechy. Jest miejscem, gdzie dziecko mo\u017ce si\u0119 schowa\u0107, wyciszy\u0107 i odpocz\u0105\u0107 od bod\u017ac\u00f3w zewn\u0119trznych. Sprzyja r\u00f3wnie\u017c rozwojowej zabawie kszta\u0142tuj\u0105c wyobra\u017ani\u0119 i kreatywno\u015b\u0107. Stanowi pewnego rodzaju w\u0142asne terytorium, gdzie dziecko mo\u017ce zamieni\u0107 si\u0119 nie tylko w Indianina, ale tak\u017ce w kosmonaut\u0119 w rakiecie, ksi\u0119\u017cniczk\u0119 we w\u0142asnym kr\u00f3lestwie, [&hellip;]<\/p>\n","protected":false},"featured_media":811,"comment_status":"closed","ping_status":"open","template":"","meta":[],"product_cat":[282,288],"product_tag":[611,598,718,751,602,872],"class_list":["post-810","product","type-product","status-publish","has-post-thumbnail","hentry","product_cat-domki-i-namioty-dla-dzieci","product_cat-sowka-design","product_tag-bajki-do-czytania-psi-patrol","product_tag-co-na-roczek-dla-dziewczynki","product_tag-prezent-na-roczek-dla-chrzesniaka","product_tag-psi-patrol-kolorowanka","product_tag-quiz-o-zwierzetach-domowych","product_tag-zagadki-dla-dzieci-6-lat"],"_links":{"self":[{"href":"http:\/\/klubmamgdynia.pl\/index.php\/wp-json\/wp\/v2\/product\/810","targetHints":{"allow":["GET"]}}],"collection":[{"href":"http:\/\/klubmamgdynia.pl\/index.php\/wp-json\/wp\/v2\/product"}],"about":[{"href":"http:\/\/klubmamgdynia.pl\/index.php\/wp-json\/wp\/v2\/types\/product"}],"replies":[{"embeddable":true,"href":"http:\/\/klubmamgdynia.pl\/index.php\/wp-json\/wp\/v2\/comments?post=810"}],"wp:featuredmedia":[{"embeddable":true,"href":"http:\/\/klubmamgdynia.pl\/index.php\/wp-json\/wp\/v2\/media\/811"}],"wp:attachment":[{"href":"http:\/\/klubmamgdynia.pl\/index.php\/wp-json\/wp\/v2\/media?parent=810"}],"wp:term":[{"taxonomy":"product_cat","embeddable":true,"href":"http:\/\/klubmamgdynia.pl\/index.php\/wp-json\/wp\/v2\/product_cat?post=810"},{"taxonomy":"product_tag","embeddable":true,"href":"http:\/\/klubmamgdynia.pl\/index.php\/wp-json\/wp\/v2\/product_tag?post=810"}],"curies":[{"name":"wp","href":"https:\/\/api.w.org\/{rel}","templated":true}]}}