{"id":8100,"date":"2012-10-02T10:25:36","date_gmt":"2012-10-02T08:25:36","guid":{"rendered":"http:\/\/klubmamgdynia.pl\/index.php\/produkt\/milly-mally-fiat-500-jezdzik-rozowy-pojazd-12-36-msc\/"},"modified":"2026-04-04T04:16:47","modified_gmt":"2026-04-04T02:16:47","slug":"milly-mally-fiat-500-jezdzik-rozowy-pojazd-12-36-msc","status":"publish","type":"product","link":"http:\/\/klubmamgdynia.pl\/index.php\/produkt\/milly-mally-fiat-500-jezdzik-rozowy-pojazd-12-36-msc\/","title":{"rendered":"Milly Mally Fiat 500 Je\u017adzik R\u00f3\u017cowy Pojazd 12-36 Msc."},"content":{"rendered":"<p>Samoch\u00f3d r\u00f3\u017cowy pojazd dla dziecka 1+ je\u017adzik Fiat 500 Malutkie, zgrabne i bezpieczne autko dla dzieci. Licencjonowany je\u017adzik dla dziewczynki FIAT 500 to autko, w kt\u00f3rym zadbano o najmniejsze nawet detale i jako\u015b\u0107 wykorzystanych materia\u0142\u00f3w. Pojazd jest ma\u0142\u0105 kopi\u0105 sportowej wersji prawdziwego samochodu Fiat 500 Sport. Bogato wyposa\u017cony. Ka\u017cdy ma\u0142y fan motoryzacji zachwyci si\u0119 intuicyjn\u0105 kierownic\u0105 i realistycznymi odg\u0142osami klaksonu. Przemy\u015blane przez specjalist\u00f3w od bezpiecznych zabawek podwozie daje dziecku bezpiecze\u0144stwo, a rodzicom spok\u00f3j podczas zabawy. Samoch\u00f3d r\u00f3\u017cowy je\u017adzik posiada zabezpieczenie przed wywr\u00f3ceniem. Pojazd Fiat 500 to rado\u015b\u0107 z jazdy. Samoch\u00f3d r\u00f3\u017cowy dla dziewczynki rozwija zmys\u0142 r\u00f3wnowagi oraz og\u00f3ln\u0105 sprawno\u015b\u0107 motoryczn\u0105 dziecka. Samoch\u00f3d je\u017adzik ma lekk\u0105 plastikow\u0105 konstrukcj\u0119 i ergonomiczne kszta\u0142ty. Zapewnia dziecku komfort jazdy. Zabawa poprzez aktywno\u015b\u0107 ruchow\u0105 to wspania\u0142y spos\u00f3b wspomagaj\u0105cy prawid\u0142owy rozw\u00f3j naszych maluszk\u00f3w. Je\u017adzik autko mo\u017ce pos\u0142u\u017cy\u0107 dziecku jako pierwszy pojazd z prawdziw\u0105 skr\u0119caj\u0105c\u0105 kierownic\u0105 i klaksonem. Samoch\u00f3d dla dzieci Fiat 500 ma pod siedziskiem sprytny schowek na skarby i zabawki do ukrycia. Je\u017adzik dla dziewczynki samoch\u00f3d jest bardzo \u0142atwy w monta\u017cu i demonta\u017cu. Pojazd bezpieczny i wyj\u0105tkowo stabilny. Malutki pojazd nie zagraca mieszkania. Przeznaczony dla dzieci od 12-36 miesi\u0119cy. Super prezent na roczek. Polecam \ud83d\ude42 Charakterystyka r\u00f3\u017cowego samochodu dla dziewczynki: kierownica &#8211; skr\u0119tne przednie ko\u0142a kierownica z logo Fiat, wyposa\u017cona w panel muzyczny: klakson oraz weso\u0142e melodyjki schowek umieszczony pod siedziskiem wygodne i eleganckie siedzisko z oparciem siedzisko ze wzorem imituj\u0105cym pikowan\u0105 sk\u00f3r\u0119 metalowe osie k\u00f3\u0142 realistyczny wygl\u0105d zabezpieczenie przed wywr\u00f3ceniem pojazdu zabawka wykonana z materia\u0142\u00f3w bezpiecznych dla dziecka maksymalne obci\u0105\u017cenie do 25kg \u015brednica k\u00f3\u0142 &#8211; 14 cm certyfikat bezpiecze\u0144stwa CE zasilanie: 2 baterie AA (brak w zestawie) dost\u0119pny w 4 kolorach (r\u00f3\u017cowy, bia\u0142y, czerwony, niebieski) przedzia\u0142 wiekowy 12-36 miesi\u0119cy Wymiary je\u017adzika: Wysoko\u015b\u0107 ca\u0142kowita: 39 cm Wysoko\u015b\u0107 do siedziska: 23 cm Szeroko\u015b\u0107: 28 cm D\u0142ugo\u015b\u0107: 60 cm D\u0142ugo\u015b\u0107 siedziska: 19,5 cm Wymiary opakowania: D\u0142ugo\u015b\u0107: 62 cm Szeroko\u015b\u0107: 28 cm Wysoko\u015b\u0107: 29,5 cm Waga netto: 2,6 kg Waga brutto: 3,3 kg<\/p>\n<h2>Milly Mally Fiat 500 Je\u017adzik R\u00f3\u017cowy Pojazd 12-36 Msc. Milly Mally<\/h2>\n<p>atrakcje dla dzieci wroc\u0142aw 2021, \u0142atwe zagadki, mini kanapki dla dzieci, quizy ma\u0142y ksi\u0105\u017c\u0119, alfons, co kupi\u0107 nastolatce na urodziny, pomys\u0142 na prezent dla 7 latki, kwiaty polne nazwy i zdj\u0119cia, \u017carty na prima aprilis dla ch\u0142opaka, przedszkole drugi dom, motto dla nauczyciela, alan imi\u0119, \u0142amig\u0142\u00f3wki dla dzieci do wydruku, konie quiz, motto dla nauczyciela, lucjan, spongebob kolorowanka, piesek kolorowanka<\/p>\n<p>yyyyy<\/p>\n<p>&nbsp;<\/p>\n","protected":false},"excerpt":{"rendered":"<p>Samoch\u00f3d r\u00f3\u017cowy pojazd dla dziecka 1+ je\u017adzik Fiat 500 Malutkie, zgrabne i bezpieczne autko dla dzieci. Licencjonowany je\u017adzik dla dziewczynki FIAT 500 to autko, w kt\u00f3rym zadbano o najmniejsze nawet detale i jako\u015b\u0107 wykorzystanych materia\u0142\u00f3w. Pojazd jest ma\u0142\u0105 kopi\u0105 sportowej wersji prawdziwego samochodu Fiat 500 Sport. Bogato wyposa\u017cony. Ka\u017cdy ma\u0142y fan motoryzacji zachwyci si\u0119 intuicyjn\u0105 [&hellip;]<\/p>\n","protected":false},"featured_media":8101,"comment_status":"closed","ping_status":"open","template":"","meta":[],"product_cat":[74,1323],"product_tag":[819,605,639,586,633],"class_list":["post-8100","product","type-product","status-publish","has-post-thumbnail","hentry","product_cat-jezdziki","product_cat-milly-mally","product_tag-co-kupic-nastolatce-na-swieta","product_tag-milena","product_tag-nela-imie","product_tag-smieszne-zagadki","product_tag-zagadki-z-odpowiedziami"],"_links":{"self":[{"href":"http:\/\/klubmamgdynia.pl\/index.php\/wp-json\/wp\/v2\/product\/8100","targetHints":{"allow":["GET"]}}],"collection":[{"href":"http:\/\/klubmamgdynia.pl\/index.php\/wp-json\/wp\/v2\/product"}],"about":[{"href":"http:\/\/klubmamgdynia.pl\/index.php\/wp-json\/wp\/v2\/types\/product"}],"replies":[{"embeddable":true,"href":"http:\/\/klubmamgdynia.pl\/index.php\/wp-json\/wp\/v2\/comments?post=8100"}],"wp:featuredmedia":[{"embeddable":true,"href":"http:\/\/klubmamgdynia.pl\/index.php\/wp-json\/wp\/v2\/media\/8101"}],"wp:attachment":[{"href":"http:\/\/klubmamgdynia.pl\/index.php\/wp-json\/wp\/v2\/media?parent=8100"}],"wp:term":[{"taxonomy":"product_cat","embeddable":true,"href":"http:\/\/klubmamgdynia.pl\/index.php\/wp-json\/wp\/v2\/product_cat?post=8100"},{"taxonomy":"product_tag","embeddable":true,"href":"http:\/\/klubmamgdynia.pl\/index.php\/wp-json\/wp\/v2\/product_tag?post=8100"}],"curies":[{"name":"wp","href":"https:\/\/api.w.org\/{rel}","templated":true}]}}