{"id":8104,"date":"2021-05-01T10:43:34","date_gmt":"2021-05-01T08:43:34","guid":{"rendered":"http:\/\/klubmamgdynia.pl\/index.php\/produkt\/ekspres-philips-5400-lattego-ep5441-50-czarny\/"},"modified":"2026-04-05T20:12:44","modified_gmt":"2026-04-05T18:12:44","slug":"ekspres-philips-5400-lattego-ep5441-50-czarny","status":"publish","type":"product","link":"http:\/\/klubmamgdynia.pl\/index.php\/produkt\/ekspres-philips-5400-lattego-ep5441-50-czarny\/","title":{"rendered":"Ekspres PHILIPS 5400 LatteGo EP5441\/50 czarny"},"content":{"rendered":"<p>E-book z przepisami kawowymi w prezencie!\u00a0\u00a0Kup automatyczny ekspres do kawy Philips, a otrzymasz 18 przepis\u00f3w kawowych na r\u00f3\u017cne okazje stworzonych przez barist\u0119 Marcina Kozickiego.\u00a0\u00a0Jak otrzyma\u0107 przepisy?\u00a01.\u00a0 \u00a0 \u00a0 \u00a0 \u00a0 \u00a0 Kup ekspres automatyczny Philips obj\u0119ty promocj\u0105.\u00a02.\u00a0 \u00a0 \u00a0 \u00a0 \u00a0Zarejestruj urz\u0105dzenie w ci\u0105gu 30 dni od daty zakupu na philips.pl\/welcome3.\u00a0 \u00a0 \u00a0 \u00a0 \u00a0Po weryfikacji zg\u0142oszenia nagroda zostanie przes\u0142ana na adres e-mail wskazany przez Uczestnika przy rejestracji.\u00a0\u00a0Promocja trwa od 14\/02\/2022 do 28\/02\/2023r.                            <\/p>\n<p>                                Regulamin promocji &#8211; Sprawd\u017a!<\/p>\n<h2>Ekspres PHILIPS 5400 LatteGo EP5441\/50 czarny Philips<\/h2>\n<p>zabawy dla 6 latk\u00f3w, zadania logiczne, kolorowanka anio\u0142ek, bursztynek bursztynek, test z lektury magiczne drzewo czerwone krzes\u0142o, zagadki dla dzieci 4-5 lat online, quiz o zwierz\u0119tach domowych, ch\u0142opcy z placu broni &#8211; test z odpowiedziami, jazda konna dla dzieci, cytaty dla mamy od c\u00f3rki, zagadki logiczne<\/p>\n<p>yyyyy<\/p>\n<p>&nbsp;<\/p>\n","protected":false},"excerpt":{"rendered":"<p>E-book z przepisami kawowymi w prezencie!\u00a0\u00a0Kup automatyczny ekspres do kawy Philips, a otrzymasz 18 przepis\u00f3w kawowych na r\u00f3\u017cne okazje stworzonych przez barist\u0119 Marcina Kozickiego.\u00a0\u00a0Jak otrzyma\u0107 przepisy?\u00a01.\u00a0 \u00a0 \u00a0 \u00a0 \u00a0 \u00a0 Kup ekspres automatyczny Philips obj\u0119ty promocj\u0105.\u00a02.\u00a0 \u00a0 \u00a0 \u00a0 \u00a0Zarejestruj urz\u0105dzenie w ci\u0105gu 30 dni od daty zakupu na philips.pl\/welcome3.\u00a0 \u00a0 \u00a0 \u00a0 \u00a0Po [&hellip;]<\/p>\n","protected":false},"featured_media":8105,"comment_status":"closed","ping_status":"open","template":"","meta":[],"product_cat":[1658,261],"product_tag":[719,593,795,643],"class_list":["post-8104","product","type-product","status-publish","has-post-thumbnail","hentry","product_cat-ekspresy-cisnieniowe","product_cat-philips","product_tag-dziecko-cytaty-zlote-mysli","product_tag-jak-narysowac-konia","product_tag-mini-zoo-warszawa","product_tag-prezent-dla-17-latki"],"_links":{"self":[{"href":"http:\/\/klubmamgdynia.pl\/index.php\/wp-json\/wp\/v2\/product\/8104","targetHints":{"allow":["GET"]}}],"collection":[{"href":"http:\/\/klubmamgdynia.pl\/index.php\/wp-json\/wp\/v2\/product"}],"about":[{"href":"http:\/\/klubmamgdynia.pl\/index.php\/wp-json\/wp\/v2\/types\/product"}],"replies":[{"embeddable":true,"href":"http:\/\/klubmamgdynia.pl\/index.php\/wp-json\/wp\/v2\/comments?post=8104"}],"wp:featuredmedia":[{"embeddable":true,"href":"http:\/\/klubmamgdynia.pl\/index.php\/wp-json\/wp\/v2\/media\/8105"}],"wp:attachment":[{"href":"http:\/\/klubmamgdynia.pl\/index.php\/wp-json\/wp\/v2\/media?parent=8104"}],"wp:term":[{"taxonomy":"product_cat","embeddable":true,"href":"http:\/\/klubmamgdynia.pl\/index.php\/wp-json\/wp\/v2\/product_cat?post=8104"},{"taxonomy":"product_tag","embeddable":true,"href":"http:\/\/klubmamgdynia.pl\/index.php\/wp-json\/wp\/v2\/product_tag?post=8104"}],"curies":[{"name":"wp","href":"https:\/\/api.w.org\/{rel}","templated":true}]}}