{"id":8106,"date":"2022-10-30T11:44:40","date_gmt":"2022-10-30T10:44:40","guid":{"rendered":"http:\/\/klubmamgdynia.pl\/?post_type=product&#038;p=8106"},"modified":"2026-04-07T04:50:33","modified_gmt":"2026-04-07T02:50:33","slug":"janod-magnetyczna-gra-w-rzutki-potwory-j02076","status":"publish","type":"product","link":"http:\/\/klubmamgdynia.pl\/index.php\/produkt\/janod-magnetyczna-gra-w-rzutki-potwory-j02076\/","title":{"rendered":"Janod Magnetyczna Gra W Rzutki Potwory J02076"},"content":{"rendered":"<p>Janod Magnetyczna Gra W Rzutki Potwory                            <\/p>\n<p>a                            <\/p>\n<p>Magnetyczna gra w rzutki Potwory francuskiej marki JANOD to wspania\u0142a zabawa dla dwojga \u2013 zar\u00f3wno dzieci, jak i ich rodzic\u00f3w. Zestaw sk\u0142ada si\u0119 ze zwijanej na rolk\u0119 tarczy ze sznurkiem do jej zawieszenia np. na \u015bcianie oraz z 6 magnetycznych rzutek w dw\u00f3ch kolorach (3 czerwone i 3 \u017c\u00f3\u0142te). Czarna tkanina tarczy ilustrowana jest dwustronnie postaciami kolorowych potwor\u00f3w, paj\u0119czyny i nawiedzonego zamku. Rzutkami nale\u017cy celowa\u0107 w tarcz\u0119 z odpowiedniej, ustalonej przez graczy odleg\u0142o\u015bci, w taki spos\u00f3b, by trafi\u0107 w oznaczone na niej punktowane miejsca. Celem gry jest zgromadzenie w trzech rzutach jak najwi\u0119kszej ilo\u015bci punkt\u00f3w. Gracz, kt\u00f3remu si\u0119 to uda, wygrywa. Gra ta \u0107wiczy koncentracj\u0119 i zr\u0119czno\u015b\u0107.                            <\/p>\n<p>a                            <\/p>\n<p>Gry rozbudzaj\u0105 wyobra\u017ani\u0119, my\u015blenie strategiczne i planowanie. To wspania\u0142a rozrywka dla ca\u0142ej rodziny. Gra zosta\u0142a zaprojektowana we Francji. Zapakowana jest w estetyczne pude\u0142ko. Idealnie nadaje si\u0119 na prezent..wiek: 4-8 latliczba element\u00f3w: 6 rzutek + tarczamateria\u0142: tkanina, tworzywo, magnesdesign: Francjawymiary produktu: \u00a044 x 4 x 65 cmwaga produktu: 0,84 kgwymiary opakowania: 8,5 x 8,5 x 45 cmbezpiecze\u0144stwo i jako\u015b\u0107: EN71-1; EN71-2, EN71-3; REACH                            <\/p>\n<p>a                            <\/p>\n<p>a                            <\/p>\n<p>Janod od 1970 roku niezmiennie projektuje zabawki, kt\u00f3re s\u0105 synonimem innowacyjno\u015bci, francuskiego designu i najwy\u017cszej jako\u015bci. Unikalne zabawki Janod tworzone s\u0105 z drewna i innych doskona\u0142ych materia\u0142\u00f3w, a przede wszystkim z dzieci\u0119cych marze\u0144!\u00a0W obecnej ofercie Janod jest ponad 500 produkt\u00f3w, z kt\u00f3rych kluczowe to zabawki drewniane, puzzle, uk\u0142adanki i zabawki magnetyczne. Wszystkie produkty projektowane s\u0105 we Francji przez w\u0142asnych designer\u00f3w. St\u0105d wiele motyw\u00f3w i wzor\u00f3w powtarza si\u0119 w kolekcjach, tworz\u0105c wyj\u0105tkowy, bajkowy \u015bwiat Janod.\u00a0Wszystkie zabawki tworzone s\u0105 z dba\u0142o\u015bci\u0105 o szczeg\u00f3\u0142y, z najwy\u017cszej jako\u015bci materia\u0142\u00f3w, bezpiecznych dla dzieci. Zabawki spe\u0142niaj\u0105 restrykcyjne normy bezpiecze\u0144stwa, takie jak EN71-1, EN71-2, EN71-3 oraz REACH.<\/p>\n<h2>Janod Magnetyczna Gra W Rzutki Potwory J02076 Janod<\/h2>\n<p>zagadki logiczne na inteligencj\u0119, \u015bwinka peppa bajki do czytania, filmy disneya, cytaty na dzie\u0144 nauczyciela, zabawy z 7 latkiem, przyja\u017a\u0144 cytaty, prezent na roczek<\/p>\n<p>yyyyy<\/p>\n<p>&nbsp;<\/p>\n","protected":false},"excerpt":{"rendered":"<p>Janod Magnetyczna Gra W Rzutki Potwory a Magnetyczna gra w rzutki Potwory francuskiej marki JANOD to wspania\u0142a zabawa dla dwojga \u2013 zar\u00f3wno dzieci, jak i ich rodzic\u00f3w. Zestaw sk\u0142ada si\u0119 ze zwijanej na rolk\u0119 tarczy ze sznurkiem do jej zawieszenia np. na \u015bcianie oraz z 6 magnetycznych rzutek w dw\u00f3ch kolorach (3 czerwone i 3 [&hellip;]<\/p>\n","protected":false},"featured_media":8107,"comment_status":"closed","ping_status":"open","template":"","meta":[],"product_cat":[130,557],"product_tag":[685,618,795,600],"class_list":["post-8106","product","type-product","status-publish","has-post-thumbnail","hentry","product_cat-gry-dzieciece","product_cat-janod","product_tag-cytaty-o-rodzinie","product_tag-lato-lato-lato-czeka-tekst","product_tag-mini-zoo-warszawa","product_tag-zaproszenia-na-urodziny-do-druku"],"_links":{"self":[{"href":"http:\/\/klubmamgdynia.pl\/index.php\/wp-json\/wp\/v2\/product\/8106","targetHints":{"allow":["GET"]}}],"collection":[{"href":"http:\/\/klubmamgdynia.pl\/index.php\/wp-json\/wp\/v2\/product"}],"about":[{"href":"http:\/\/klubmamgdynia.pl\/index.php\/wp-json\/wp\/v2\/types\/product"}],"replies":[{"embeddable":true,"href":"http:\/\/klubmamgdynia.pl\/index.php\/wp-json\/wp\/v2\/comments?post=8106"}],"wp:featuredmedia":[{"embeddable":true,"href":"http:\/\/klubmamgdynia.pl\/index.php\/wp-json\/wp\/v2\/media\/8107"}],"wp:attachment":[{"href":"http:\/\/klubmamgdynia.pl\/index.php\/wp-json\/wp\/v2\/media?parent=8106"}],"wp:term":[{"taxonomy":"product_cat","embeddable":true,"href":"http:\/\/klubmamgdynia.pl\/index.php\/wp-json\/wp\/v2\/product_cat?post=8106"},{"taxonomy":"product_tag","embeddable":true,"href":"http:\/\/klubmamgdynia.pl\/index.php\/wp-json\/wp\/v2\/product_tag?post=8106"}],"curies":[{"name":"wp","href":"https:\/\/api.w.org\/{rel}","templated":true}]}}