{"id":8108,"date":"2018-03-08T19:33:25","date_gmt":"2018-03-08T18:33:25","guid":{"rendered":"http:\/\/klubmamgdynia.pl\/index.php\/produkt\/playmais-one-dinozaur-160064\/"},"modified":"2026-04-22T23:47:21","modified_gmt":"2026-04-22T21:47:21","slug":"playmais-one-dinozaur-160064","status":"publish","type":"product","link":"http:\/\/klubmamgdynia.pl\/index.php\/produkt\/playmais-one-dinozaur-160064\/","title":{"rendered":"Playmais\u00ae One Dinozaur 160064"},"content":{"rendered":"<p>Kreatywny zestaw tematyczny PlayMais umo\u017cliwiaj\u0105cy zbudowanie DINOZAURA.W zestawie Pojedynczym znajduj\u0119 si\u0119: ponad 70 PlayMais, g\u0105beczka do nawil\u017cania czytelna instrukcja ukazuj\u0105ca jak krok po kroku jak zbudowa\u0107 DINOZAURA. Nie trzeba kleju! &#8230; wystarczy troch\u0119 wody Koniec z brudnymi dywanami i sto\u0142ami. Wyprodukowany w Niemczech ze skrobi kukurydzianej i barwnik\u00f3w spo\u017cywczych, PlayMais jest ekologicznym materia\u0142em kreatywnym, kt\u00f3ry gwarantuje \u015bwietn\u0105 i przede wszystkim bezpieczn\u0105 zabaw\u0119. Nie zawiera \u017cadnych substancji szkodliwych dla zdrowia. Nie istnieje te\u017c ryzyko zad\u0142awienia w wypadku przypadkowego po\u0142kni\u0119cia przez dziecko &#8211; PlayMais rozpu\u015bci si\u0119. Wystarczy jedynie wilgotna \u015bciereczka aby go ze sob\u0105 \u0142\u0105czy\u0107. Mo\u017cna go dowolnie kszta\u0142towa\u0107 d\u0142o\u0144mi, ci\u0105\u0107 no\u017cykiem plastikowym, czy no\u017cyczkami dla uzyskania bardziej szczeg\u00f3\u0142owych detali. Co charakteryzuje PlayMais: jest plastyczny jak plastelina, kolorowy jak t\u0119cza, bezpieczny i lekki jak chrupek. Mo\u017cna po nim pisa\u0107 jak po papierze. Mo\u017ce s\u0142u\u017cy\u0107 do: &#8211; budowania du\u017cych budowli (doskona\u0142a no\u015bno\u015b\u0107), do dekorowania doniczek, obiekt\u00f3w zar\u00f3wno plastikowych jak i szklanych &#8211; stworzenia p\u0142askiej &#8222;kartki&#8221;, aby z niej wyci\u0105\u0107 dowolny motyw &#8211; uzyskania efekt\u00f3w kt\u00f3re nie s\u0105 dost\u0119pne dla innym mas plastycznych np. efekt &#8222;pierza&#8221; Produkt zdoby\u0142 wiele nagr\u00f3d i wyr\u00f3\u017cnie\u0144, m. in. elitarn\u0105 nagrod\u0119 \u201eSpiel gut\u201d i ToyTalk. PlayMais stymuluje wszechstronny rozw\u00f3j dziecka m. in.: &#8211; rozw\u00f3j kreatywno\u015bci i rozpoznawania kolor\u00f3w &#8211; odkrywanie kszta\u0142t\u00f3w i form &#8211; rozw\u00f3j zmys\u0142u dotyku i prawid\u0142owych umiej\u0119tno\u015bci motorycznych &#8211; rozw\u00f3j osobowo\u015bci &#8211; rozw\u00f3j umiej\u0119tno\u015bci interpersonalnych w grupach &#8211; rozw\u00f3j wyobra\u017ani przestrzennej i zdolno\u015bci my\u015blenia bez ram czasowych &#8211; \u015bwietne rezultaty podczas zaj\u0119\u0107 terapeutycznych &#8211; wspania\u0142a integracja ca\u0142ej rodziny poprzez zabaw\u0119.<\/p>\n<h2>Playmais\u00ae One Dinozaur 160064 Playmais<\/h2>\n<p>kr\u00f3tkie zagadki logiczne, maly kotek kotek kolorowanka, nastolatka, bajeczki na dobranoc, lody kolorowanka, gdzie nad wod\u0119 ko\u0142o warszawy, hejka tu lenka quizy, nietypowe imiona damskie, kolorowanki antystresowe do druku, zagadki dla dzieci z odpowiedziami, kolorowanka kotek, inteligentne zagadki, prezent dla 17 latki, wy\u015bcig but\u00f3w, labirynty dla dzieci<\/p>\n<p>yyyyy<\/p>\n<p>&nbsp;<\/p>\n","protected":false},"excerpt":{"rendered":"<p>Kreatywny zestaw tematyczny PlayMais umo\u017cliwiaj\u0105cy zbudowanie DINOZAURA.W zestawie Pojedynczym znajduj\u0119 si\u0119: ponad 70 PlayMais, g\u0105beczka do nawil\u017cania czytelna instrukcja ukazuj\u0105ca jak krok po kroku jak zbudowa\u0107 DINOZAURA. Nie trzeba kleju! &#8230; wystarczy troch\u0119 wody Koniec z brudnymi dywanami i sto\u0142ami. Wyprodukowany w Niemczech ze skrobi kukurydzianej i barwnik\u00f3w spo\u017cywczych, PlayMais jest ekologicznym materia\u0142em kreatywnym, kt\u00f3ry [&hellip;]<\/p>\n","protected":false},"featured_media":8109,"comment_status":"closed","ping_status":"open","template":"","meta":[],"product_cat":[1666,21],"product_tag":[650,671,743,641,713,733],"class_list":["post-8108","product","type-product","status-publish","has-post-thumbnail","hentry","product_cat-playmais","product_cat-zabawki-plastyczne","product_tag-choinka-z-bibuly","product_tag-cicha-noc-po-angielsku-tekst","product_tag-quiz-dla-dzieci","product_tag-trudne-zagadki-logiczne","product_tag-zagadki-logiczne-z-odpowiedziami","product_tag-zarty-na-prima-aprilis"],"_links":{"self":[{"href":"http:\/\/klubmamgdynia.pl\/index.php\/wp-json\/wp\/v2\/product\/8108","targetHints":{"allow":["GET"]}}],"collection":[{"href":"http:\/\/klubmamgdynia.pl\/index.php\/wp-json\/wp\/v2\/product"}],"about":[{"href":"http:\/\/klubmamgdynia.pl\/index.php\/wp-json\/wp\/v2\/types\/product"}],"replies":[{"embeddable":true,"href":"http:\/\/klubmamgdynia.pl\/index.php\/wp-json\/wp\/v2\/comments?post=8108"}],"wp:featuredmedia":[{"embeddable":true,"href":"http:\/\/klubmamgdynia.pl\/index.php\/wp-json\/wp\/v2\/media\/8109"}],"wp:attachment":[{"href":"http:\/\/klubmamgdynia.pl\/index.php\/wp-json\/wp\/v2\/media?parent=8108"}],"wp:term":[{"taxonomy":"product_cat","embeddable":true,"href":"http:\/\/klubmamgdynia.pl\/index.php\/wp-json\/wp\/v2\/product_cat?post=8108"},{"taxonomy":"product_tag","embeddable":true,"href":"http:\/\/klubmamgdynia.pl\/index.php\/wp-json\/wp\/v2\/product_tag?post=8108"}],"curies":[{"name":"wp","href":"https:\/\/api.w.org\/{rel}","templated":true}]}}