{"id":8110,"date":"2016-01-22T13:33:21","date_gmt":"2016-01-22T12:33:21","guid":{"rendered":"http:\/\/klubmamgdynia.pl\/index.php\/produkt\/janod-magnetyczna-ukladanka-drzewo-j05461\/"},"modified":"2026-04-03T21:11:46","modified_gmt":"2026-04-03T19:11:46","slug":"janod-magnetyczna-ukladanka-drzewo-j05461","status":"publish","type":"product","link":"http:\/\/klubmamgdynia.pl\/index.php\/produkt\/janod-magnetyczna-ukladanka-drzewo-j05461\/","title":{"rendered":"Janod Magnetyczna Uk\u0142adanka Drzewo J05461"},"content":{"rendered":"<p>Janod Magnetyczna Uk\u0142adanka Drzewo                            <\/p>\n<p>a                            <\/p>\n<p>Magnetyczna uk\u0142adanka Drzewo francuskiej marki JANOD to doskona\u0142a zabawka rozwijaj\u0105ca kreatywno\u015b\u0107 i wyobra\u017ani\u0119. Zabawa polega na uk\u0142adaniu magnes\u00f3w na du\u017cej, drewnianej, rozk\u0142adanej podw\u00f3jnej planszy w kszta\u0142cie roz\u0142o\u017cystego drzewa. W zestawie jest 30 magnes\u00f3w, przedstawiaj\u0105cych r\u00f3\u017cne zwierz\u0119ta, zamieszkuj\u0105ce koron\u0119 drzewa, dziuple czy okolice korzeni, m.in.: wiewi\u00f3rk\u0119, sow\u0119, je\u017ca, mr\u00f3wki, pszczo\u0142y oraz elementy dodatkowe, jak ul, huba czy ptasie gniazdo. Uk\u0142adanka ta b\u0119dzie s\u0142u\u017cy\u0107 dziecku przez bardzo d\u0142ugi czas i niepr\u0119dko si\u0119 znudzi, bo daje wiele mo\u017cliwo\u015bci kreowania drzewnego lokum i jego okolic. Jest pi\u0119knie wykonana, co dodatkowo rozbudza zmys\u0142 artystyczny, a ponadto \u0107wiczy logiczne my\u015blenie oraz sprawno\u015b\u0107 manualn\u0105 u dziecka. To tak\u017ce \u015bwietny spos\u00f3b na nauk\u0119 przyrody. Po sko\u0144czonej zabawie mo\u017cna j\u0105 zamkn\u0105\u0107 z magnesami w \u015brodku, co u\u0142atwia jej przechowywanie.<\/p>\n<p>Zabawka zosta\u0142a zaprojektowana we Francji. Prezentuje si\u0119 bardzo estetycznie i doskonale nadaje si\u0119 na prezent.                            <\/p>\n<p>a                            <\/p>\n<p>Zabawki magnetyczne JANOD to inspiruj\u0105cy pomys\u0142 na pobudzanie dzieci\u0119cej wyobra\u017ani i rozw\u00f3j jego sprawno\u015bci manualnej. Wielko\u015b\u0107 magnes\u00f3w jest odpowiednia dla wieku dziecka, a zestawy maj\u0105 ciekaw\u0105 tematyk\u0119 i wiele mo\u017cliwo\u015bci zastosowa\u0144. Wyr\u00f3\u017cnia je wysoka jako\u015b\u0107 materia\u0142\u00f3w i estetyka wykonania.wiek: 3-6 latliczba element\u00f3w: plansza + 30 magnes\u00f3wmateria\u0142:\u00a0drewno, magnes\/twardy kartondesign: Francjawaga produktu: 0,96 kgwymiary produktu: 46,5 x 1 x 32,2 cmwymiary opakowania:\u00a047 x 33 x 4 cmbezpiecze\u0144stwo i jako\u015b\u0107: EN71-1; EN71-2, EN71-3; REACH                            <\/p>\n<p>a                            <\/p>\n<p>a                            <\/p>\n<p>Janod od 1970 roku niezmiennie projektuje zabawki, kt\u00f3re s\u0105 synonimem innowacyjno\u015bci, francuskiego designu i najwy\u017cszej jako\u015bci. Unikalne zabawki Janod tworzone s\u0105 z drewna i innych doskona\u0142ych materia\u0142\u00f3w, a przede wszystkim z dzieci\u0119cych marze\u0144!\u00a0W obecnej ofercie Janod jest ponad 500 produkt\u00f3w, z kt\u00f3rych kluczowe to zabawki drewniane, puzzle, uk\u0142adanki i zabawki magnetyczne. Wszystkie produkty projektowane s\u0105 we Francji przez w\u0142asnych designer\u00f3w. St\u0105d wiele motyw\u00f3w i wzor\u00f3w powtarza si\u0119 w kolekcjach, tworz\u0105c wyj\u0105tkowy, bajkowy \u015bwiat Janod.\u00a0Wszystkie zabawki tworzone s\u0105 z dba\u0142o\u015bci\u0105 o szczeg\u00f3\u0142y, z najwy\u017cszej jako\u015bci materia\u0142\u00f3w, bezpiecznych dla dzieci. Zabawki spe\u0142niaj\u0105 restrykcyjne normy bezpiecze\u0144stwa, takie jak EN71-1, EN71-2, EN71-3 oraz REACH.<\/p>\n<h2>Janod Magnetyczna Uk\u0142adanka Drzewo J05461 Janod<\/h2>\n<p>stare piosenki, liwia imi\u0119, god\u0142o polski do druku, dekorowanie kanapek dla dzieci, piosenka na dzie\u0144 mamy tekst, trudne zagadki wielkanocne, najrzadsze imiona, wierszyki na lany poniedzia\u0142ek, fajne \u017carty na prima aprilis, kartka walentynkowa r\u0119cznie robiona \u0142atwa, prezenty na urodziny dla nastolatk\u00f3w, domki nad morzem z atrakcjami dla dzieci, \u015bwinka peppa kolorowanka, gloria imie, zagadki z odpowiedziami, quiz flagi europy, \u015bwi\u0105teczny film dla dzieci, ciekawe zagadki, jak narysowa\u0107 sanie miko\u0142aja, kolorowanka pikachu<\/p>\n<p>yyyyy<\/p>\n<p>&nbsp;<\/p>\n","protected":false},"excerpt":{"rendered":"<p>Janod Magnetyczna Uk\u0142adanka Drzewo a Magnetyczna uk\u0142adanka Drzewo francuskiej marki JANOD to doskona\u0142a zabawka rozwijaj\u0105ca kreatywno\u015b\u0107 i wyobra\u017ani\u0119. Zabawa polega na uk\u0142adaniu magnes\u00f3w na du\u017cej, drewnianej, rozk\u0142adanej podw\u00f3jnej planszy w kszta\u0142cie roz\u0142o\u017cystego drzewa. W zestawie jest 30 magnes\u00f3w, przedstawiaj\u0105cych r\u00f3\u017cne zwierz\u0119ta, zamieszkuj\u0105ce koron\u0119 drzewa, dziuple czy okolice korzeni, m.in.: wiewi\u00f3rk\u0119, sow\u0119, je\u017ca, mr\u00f3wki, pszczo\u0142y oraz [&hellip;]<\/p>\n","protected":false},"featured_media":8111,"comment_status":"closed","ping_status":"open","template":"","meta":[],"product_cat":[557,21],"product_tag":[825,598,832,771,736,679],"class_list":["post-8110","product","type-product","status-publish","has-post-thumbnail","hentry","product_cat-janod","product_cat-zabawki-plastyczne","product_tag-bajka-na-dobranoc-do-czytania","product_tag-co-na-roczek-dla-dziewczynki","product_tag-desery-dla-dzieci","product_tag-stolice-europy-quiz","product_tag-zabawki-na-roczek","product_tag-zabawki-na-roczek-dla-dziewczynki"],"_links":{"self":[{"href":"http:\/\/klubmamgdynia.pl\/index.php\/wp-json\/wp\/v2\/product\/8110","targetHints":{"allow":["GET"]}}],"collection":[{"href":"http:\/\/klubmamgdynia.pl\/index.php\/wp-json\/wp\/v2\/product"}],"about":[{"href":"http:\/\/klubmamgdynia.pl\/index.php\/wp-json\/wp\/v2\/types\/product"}],"replies":[{"embeddable":true,"href":"http:\/\/klubmamgdynia.pl\/index.php\/wp-json\/wp\/v2\/comments?post=8110"}],"wp:featuredmedia":[{"embeddable":true,"href":"http:\/\/klubmamgdynia.pl\/index.php\/wp-json\/wp\/v2\/media\/8111"}],"wp:attachment":[{"href":"http:\/\/klubmamgdynia.pl\/index.php\/wp-json\/wp\/v2\/media?parent=8110"}],"wp:term":[{"taxonomy":"product_cat","embeddable":true,"href":"http:\/\/klubmamgdynia.pl\/index.php\/wp-json\/wp\/v2\/product_cat?post=8110"},{"taxonomy":"product_tag","embeddable":true,"href":"http:\/\/klubmamgdynia.pl\/index.php\/wp-json\/wp\/v2\/product_tag?post=8110"}],"curies":[{"name":"wp","href":"https:\/\/api.w.org\/{rel}","templated":true}]}}