{"id":8112,"date":"2017-12-13T00:51:05","date_gmt":"2017-12-12T23:51:05","guid":{"rendered":"http:\/\/klubmamgdynia.pl\/index.php\/produkt\/barbie-chelsea-i-przyjaciolki-mala-lalka-kotek-dwj33-frl82\/"},"modified":"2026-04-06T13:41:03","modified_gmt":"2026-04-06T11:41:03","slug":"barbie-chelsea-i-przyjaciolki-mala-lalka-kotek-dwj33-frl82","status":"publish","type":"product","link":"http:\/\/klubmamgdynia.pl\/index.php\/produkt\/barbie-chelsea-i-przyjaciolki-mala-lalka-kotek-dwj33-frl82\/","title":{"rendered":"Barbie Chelsea i Przyjaci\u00f3\u0142ki Ma\u0142a Lalka Kotek DWJ33 FRL82"},"content":{"rendered":"<p>Chelsea i jej przyjaci\u00f3\u0142ki mog\u0105 odgrywa\u0107 tak wiele fantastycznych historii! Siedem przes\u0142odkich lalek, ka\u017cda w wyrazi\u015bcie kolorowych ubrankach oraz z tekturowymi elementami rozwijaj\u0105cymi opowiadane historyjki. Doczep je do d\u0142oni lalki, aby twoje historie nabra\u0142y realizmu.\u00a0                            <\/p>\n<p>Wybieraj spo\u015br\u00f3d popularnych motyw\u00f3w, takich jak p\u0142ywanie, kwiaty, lody, motyle, latawce, filmy i \u0142akocie. Dodatkowa r\u00f3\u017cnorodno\u015b\u0107 stylizacji i fryzur to niesko\u0144czenie wiele mo\u017cliwo\u015bci rozbudzenia wyobra\u017ani i mn\u00f3stwo scenariuszy przyg\u00f3d.                            <\/p>\n<p>            Barbie Chelsea i Przyjaci\u00f3\u0142ki Ma\u0142a Lalka z motywem kotka DWJ33 FXG77<\/p>\n<p>            Barbie Chelsea i Przyjaci\u00f3\u0142ki Ma\u0142a Lalka Movie Night<\/p>\n<p>            Barbie Chelsea i Przyjaci\u00f3\u0142ki Ma\u0142a Lalka Ch\u0142opiec Kaktus DWJ33 FHK94<\/p>\n<p>            Barbie Chelsea i Przyjaci\u00f3\u0142ki Ma\u0142a Lalka 4 Dwj33 Dyt90<\/p>\n<p>            Barbie Chelsea i Przyjaci\u00f3\u0142ki Ma\u0142a Lalka Kotek DWJ33 FRL82<\/p>\n<p>            Barbie Chelsea i Przyjaci\u00f3\u0142ki Ma\u0142a Lalka Piesek DWJ33 FRL81<\/p>\n<p>Zbierz je wszystkie, aby odkry\u0107 jeszcze wi\u0119cej mo\u017cliwo\u015bci przyg\u00f3d. Zestaw zawiera lalk\u0119 w ubranku i tematycznie dobrany tekturowy element. Sprzedawane oddzielnie w zale\u017cno\u015bci od dost\u0119pno\u015bci. Kolory i elementy dekoracyjne mog\u0105 si\u0119 r\u00f3\u017cni\u0107.<\/p>\n<h2>Barbie Chelsea i Przyjaci\u00f3\u0142ki Ma\u0142a Lalka Kotek DWJ33 FRL82 Barbie<\/h2>\n<p>mia imi\u0119, mia, mitologia grecka quiz, roszpunka kolorowanka, atrakcje dla dzieci mazowieckie<\/p>\n<p>yyyyy<\/p>\n<p>&nbsp;<\/p>\n","protected":false},"excerpt":{"rendered":"<p>Chelsea i jej przyjaci\u00f3\u0142ki mog\u0105 odgrywa\u0107 tak wiele fantastycznych historii! Siedem przes\u0142odkich lalek, ka\u017cda w wyrazi\u015bcie kolorowych ubrankach oraz z tekturowymi elementami rozwijaj\u0105cymi opowiadane historyjki. Doczep je do d\u0142oni lalki, aby twoje historie nabra\u0142y realizmu.\u00a0 Wybieraj spo\u015br\u00f3d popularnych motyw\u00f3w, takich jak p\u0142ywanie, kwiaty, lody, motyle, latawce, filmy i \u0142akocie. Dodatkowa r\u00f3\u017cnorodno\u015b\u0107 stylizacji i fryzur to [&hellip;]<\/p>\n","protected":false},"featured_media":8113,"comment_status":"closed","ping_status":"open","template":"","meta":[],"product_cat":[173,65],"product_tag":[744,589,843],"class_list":["post-8112","product","type-product","status-publish","has-post-thumbnail","hentry","product_cat-barbie","product_cat-lalki","product_tag-kolorowanki-swiateczne-do-wydruku","product_tag-prezent-dla-rocznego-dziecka","product_tag-smieszne-zagadki-dla-dzieci"],"_links":{"self":[{"href":"http:\/\/klubmamgdynia.pl\/index.php\/wp-json\/wp\/v2\/product\/8112","targetHints":{"allow":["GET"]}}],"collection":[{"href":"http:\/\/klubmamgdynia.pl\/index.php\/wp-json\/wp\/v2\/product"}],"about":[{"href":"http:\/\/klubmamgdynia.pl\/index.php\/wp-json\/wp\/v2\/types\/product"}],"replies":[{"embeddable":true,"href":"http:\/\/klubmamgdynia.pl\/index.php\/wp-json\/wp\/v2\/comments?post=8112"}],"wp:featuredmedia":[{"embeddable":true,"href":"http:\/\/klubmamgdynia.pl\/index.php\/wp-json\/wp\/v2\/media\/8113"}],"wp:attachment":[{"href":"http:\/\/klubmamgdynia.pl\/index.php\/wp-json\/wp\/v2\/media?parent=8112"}],"wp:term":[{"taxonomy":"product_cat","embeddable":true,"href":"http:\/\/klubmamgdynia.pl\/index.php\/wp-json\/wp\/v2\/product_cat?post=8112"},{"taxonomy":"product_tag","embeddable":true,"href":"http:\/\/klubmamgdynia.pl\/index.php\/wp-json\/wp\/v2\/product_tag?post=8112"}],"curies":[{"name":"wp","href":"https:\/\/api.w.org\/{rel}","templated":true}]}}