{"id":8114,"date":"2019-03-31T12:20:21","date_gmt":"2019-03-31T10:20:21","guid":{"rendered":"http:\/\/klubmamgdynia.pl\/index.php\/produkt\/norimpex-dinozaur-figurka-exclusive-4-wzory-1005940\/"},"modified":"2026-04-06T05:51:56","modified_gmt":"2026-04-06T03:51:56","slug":"norimpex-dinozaur-figurka-exclusive-4-wzory-1005940","status":"publish","type":"product","link":"http:\/\/klubmamgdynia.pl\/index.php\/produkt\/norimpex-dinozaur-figurka-exclusive-4-wzory-1005940\/","title":{"rendered":"Norimpex Dinozaur Figurka Exclusive 4 Wzory 1005940"},"content":{"rendered":"<p>SUPER CENA &#8211; TANIA DOSTAWA ! &#8211; norimpex Dinozaur figurka exclusive 4 wzory 1005940 &#8211; PACZKOMAT, POCZTA, KURIER<\/p>\n<h2>Norimpex Dinozaur Figurka Exclusive 4 Wzory 1005940 Lena<\/h2>\n<p>fajne \u017carty na prima aprilis, dobre \u017carty na prima aprilis, plac zabaw pozna\u0144, lokomotywa kolorowanka, quiz o usa, jak narysowa\u0107 pikachu, domki z rolek po papierze toaletowym, quiz dla dzieci, co na prezent dla nastolatk\u00f3w, dzie\u0144 matki w\u0142asnor\u0119czny prezent dla mamy od dziecka, zagadki dla 7 latk\u00f3w, piosenki dla dzieci o jesieni, quiz bo\u017ce narodzenie, anio\u0142 rysunek prosty<\/p>\n<p>yyyyy<\/p>\n<p>&nbsp;<\/p>\n","protected":false},"excerpt":{"rendered":"<p>SUPER CENA &#8211; TANIA DOSTAWA ! &#8211; norimpex Dinozaur figurka exclusive 4 wzory 1005940 &#8211; PACZKOMAT, POCZTA, KURIER Norimpex Dinozaur Figurka Exclusive 4 Wzory 1005940 Lena fajne \u017carty na prima aprilis, dobre \u017carty na prima aprilis, plac zabaw pozna\u0144, lokomotywa kolorowanka, quiz o usa, jak narysowa\u0107 pikachu, domki z rolek po papierze toaletowym, quiz dla [&hellip;]<\/p>\n","protected":false},"featured_media":8115,"comment_status":"closed","ping_status":"open","template":"","meta":[],"product_cat":[95,531],"product_tag":[640,665,849],"class_list":["post-8114","product","type-product","status-publish","has-post-thumbnail","hentry","product_cat-figurki-makiety-i-zestawy","product_cat-lena","product_tag-prezent-dla-rocznej-dziewczynki","product_tag-proste-zagadki","product_tag-zagadki-matematyczne-dla-dzieci"],"_links":{"self":[{"href":"http:\/\/klubmamgdynia.pl\/index.php\/wp-json\/wp\/v2\/product\/8114","targetHints":{"allow":["GET"]}}],"collection":[{"href":"http:\/\/klubmamgdynia.pl\/index.php\/wp-json\/wp\/v2\/product"}],"about":[{"href":"http:\/\/klubmamgdynia.pl\/index.php\/wp-json\/wp\/v2\/types\/product"}],"replies":[{"embeddable":true,"href":"http:\/\/klubmamgdynia.pl\/index.php\/wp-json\/wp\/v2\/comments?post=8114"}],"wp:featuredmedia":[{"embeddable":true,"href":"http:\/\/klubmamgdynia.pl\/index.php\/wp-json\/wp\/v2\/media\/8115"}],"wp:attachment":[{"href":"http:\/\/klubmamgdynia.pl\/index.php\/wp-json\/wp\/v2\/media?parent=8114"}],"wp:term":[{"taxonomy":"product_cat","embeddable":true,"href":"http:\/\/klubmamgdynia.pl\/index.php\/wp-json\/wp\/v2\/product_cat?post=8114"},{"taxonomy":"product_tag","embeddable":true,"href":"http:\/\/klubmamgdynia.pl\/index.php\/wp-json\/wp\/v2\/product_tag?post=8114"}],"curies":[{"name":"wp","href":"https:\/\/api.w.org\/{rel}","templated":true}]}}