{"id":812,"date":"2016-09-01T06:37:49","date_gmt":"2016-09-01T04:37:49","guid":{"rendered":"http:\/\/klubmamgdynia.pl\/index.php\/produkt\/jokomisiada-namiot-straz-pozarna-woz-strazacki-50-kulek-za2057\/"},"modified":"2026-04-20T05:34:02","modified_gmt":"2026-04-20T03:34:02","slug":"jokomisiada-namiot-straz-pozarna-woz-strazacki-50-kulek-za2057","status":"publish","type":"product","link":"http:\/\/klubmamgdynia.pl\/index.php\/produkt\/jokomisiada-namiot-straz-pozarna-woz-strazacki-50-kulek-za2057\/","title":{"rendered":"Jokomisiada Namiot Stra\u017c Po\u017carna W\u00f3z Stra\u017cacki 50 Kulek Za2057"},"content":{"rendered":"<p>Rozk\u0142adany namiot dla stra\u017cak\u00f3w w postaci wozu stra\u017cackiego z kolorowymi pi\u0142kami to nie lada gratka dla ka\u017cdego ma\u0142ego stra\u017caka.Namiot w kszta\u0142cie wozu stra\u017cackiego posiada dwa otwory w dachu i drzwi z ty\u0142u pojazdu.Kolorystyka i grafika zachowana w stylu stra\u017cy po\u017carnej. Ogrodowy Namiot stra\u017cy po\u017carnej zapewni dzieciom mn\u00f3stwo fantastycznej i pomys\u0142owej zabawy. Konstrukcja namiotu jest gi\u0119tka, wykonany jest z tworzywa Poliester, dzi\u0119ki czemu jest odporny na lekki deszcz i \u0142atwo si\u0119 czy\u015bci. Dzi\u0119ki temu i\u017c \u0142atwo si\u0119 go rozk\u0142ada i sk\u0142ada bez problemu mo\u017ce sta\u0107 w pokoju dziecka, ogrodzie, na pla\u017cy.Do zestawu do\u0142\u0105czone s\u0105 kolorowe pi\u0142eczki, kt\u00f3re dziecko mo\u017ce wrzuca\u0107 do namiotu przez dach lub wymy\u015bla\u0107 inne konkurencjeWymiary namiotu:-70 x 70 x 110 cm- wymiar pi\u0142eczki 5 cmNamiot stworzony jest z lekkiego materia\u0142u , konstrukcja w pe\u0142ni automatyczna samo rozk\u0142adaj\u0105ca si\u0119 &#8211; \u015bwietna zabawa od razu!Super namiot zapewni doskona\u0142\u0105 zabaw\u0119 naszym milusi\u0144skimCa\u0142y zestaw zapakowany w efektowny karton, idealnie nadaj\u0105cy si\u0119 na prezent.<\/p>\n<h2>Jokomisiada Namiot Stra\u017c Po\u017carna W\u00f3z Stra\u017cacki 50 Kulek Za2057 Jokomisiada<\/h2>\n<p>quizy geograficzne, nadia imi\u0119, kr\u00f3tkie zagadki dla dzieci, szkic jak narysowa\u0107 kota, znaki drogowe quiz, zaproszenie na urodziny do druku pdf, opowie\u015bci z narni lew czarownica i stara szafa test<\/p>\n<p>yyyyy<\/p>\n<p>&nbsp;<\/p>\n","protected":false},"excerpt":{"rendered":"<p>Rozk\u0142adany namiot dla stra\u017cak\u00f3w w postaci wozu stra\u017cackiego z kolorowymi pi\u0142kami to nie lada gratka dla ka\u017cdego ma\u0142ego stra\u017caka.Namiot w kszta\u0142cie wozu stra\u017cackiego posiada dwa otwory w dachu i drzwi z ty\u0142u pojazdu.Kolorystyka i grafika zachowana w stylu stra\u017cy po\u017carnej. Ogrodowy Namiot stra\u017cy po\u017carnej zapewni dzieciom mn\u00f3stwo fantastycznej i pomys\u0142owej zabawy. Konstrukcja namiotu jest gi\u0119tka, [&hellip;]<\/p>\n","protected":false},"featured_media":813,"comment_status":"closed","ping_status":"open","template":"","meta":[],"product_cat":[282,131],"product_tag":[619,627,841,579,586,800],"class_list":["post-812","product","type-product","status-publish","has-post-thumbnail","hentry","product_cat-domki-i-namioty-dla-dzieci","product_cat-jokomisiada","product_tag-iwo-imie","product_tag-quiz-dzieci-z-bullerbyn","product_tag-quiz-o-flagach","product_tag-quiz-opowiesci-z-narnii-lew-czarownica-i-stara-szafa","product_tag-smieszne-zagadki","product_tag-zagadki-smieszne"],"_links":{"self":[{"href":"http:\/\/klubmamgdynia.pl\/index.php\/wp-json\/wp\/v2\/product\/812","targetHints":{"allow":["GET"]}}],"collection":[{"href":"http:\/\/klubmamgdynia.pl\/index.php\/wp-json\/wp\/v2\/product"}],"about":[{"href":"http:\/\/klubmamgdynia.pl\/index.php\/wp-json\/wp\/v2\/types\/product"}],"replies":[{"embeddable":true,"href":"http:\/\/klubmamgdynia.pl\/index.php\/wp-json\/wp\/v2\/comments?post=812"}],"wp:featuredmedia":[{"embeddable":true,"href":"http:\/\/klubmamgdynia.pl\/index.php\/wp-json\/wp\/v2\/media\/813"}],"wp:attachment":[{"href":"http:\/\/klubmamgdynia.pl\/index.php\/wp-json\/wp\/v2\/media?parent=812"}],"wp:term":[{"taxonomy":"product_cat","embeddable":true,"href":"http:\/\/klubmamgdynia.pl\/index.php\/wp-json\/wp\/v2\/product_cat?post=812"},{"taxonomy":"product_tag","embeddable":true,"href":"http:\/\/klubmamgdynia.pl\/index.php\/wp-json\/wp\/v2\/product_tag?post=812"}],"curies":[{"name":"wp","href":"https:\/\/api.w.org\/{rel}","templated":true}]}}