{"id":8120,"date":"2016-02-19T14:58:03","date_gmt":"2016-02-19T13:58:03","guid":{"rendered":"http:\/\/klubmamgdynia.pl\/index.php\/produkt\/beniamin-plecak-maly-minnie-mouse\/"},"modified":"2026-04-30T16:42:00","modified_gmt":"2026-04-30T14:42:00","slug":"beniamin-plecak-maly-minnie-mouse","status":"publish","type":"product","link":"http:\/\/klubmamgdynia.pl\/index.php\/produkt\/beniamin-plecak-maly-minnie-mouse\/","title":{"rendered":"Beniamin Plecak Ma\u0142y Minnie Mouse"},"content":{"rendered":"<p>Plecak ma\u0142y Minnie MouseDwukomorowy ma\u0142y plecak. Wewn\u0105trz plecaka kolorowa grafika. Dodatkowo zamki zako\u0144czone s\u0105 ozdobnymi zawieszkami, a na szelkach i przodzie plecaka s\u0105 elementy odblaskowe. Wymiary: 24 x 29 x 14 cm.                            <\/p>\n<p>Plecak ma\u0142y Minnie MouseEAN: 5904441101058SID: 3257669<\/p>\n<h2>Beniamin Plecak Ma\u0142y Minnie Mouse Beniamin<\/h2>\n<p>piosenka na dzie\u0144 nauczyciela przedszkole, m\u0105dre bajki dla dzieci do czytania, kolorowanka peppa do druku, kajko i kokosz szko\u0142a latania test z odpowiedziami, znaczenie imiona dawid, zemsta test wiedzy, kolorowanki \u015bwinka peppa, zak\u0142adka do ksi\u0105\u017cki szablon, zimowe zagadki<\/p>\n<p>yyyyy<\/p>\n<p>&nbsp;<\/p>\n","protected":false},"excerpt":{"rendered":"<p>Plecak ma\u0142y Minnie MouseDwukomorowy ma\u0142y plecak. Wewn\u0105trz plecaka kolorowa grafika. Dodatkowo zamki zako\u0144czone s\u0105 ozdobnymi zawieszkami, a na szelkach i przodzie plecaka s\u0105 elementy odblaskowe. Wymiary: 24 x 29 x 14 cm. Plecak ma\u0142y Minnie MouseEAN: 5904441101058SID: 3257669 Beniamin Plecak Ma\u0142y Minnie Mouse Beniamin piosenka na dzie\u0144 nauczyciela przedszkole, m\u0105dre bajki dla dzieci do czytania, [&hellip;]<\/p>\n","protected":false},"featured_media":8121,"comment_status":"closed","ping_status":"open","template":"","meta":[],"product_cat":[1376,180],"product_tag":[611,816,868,712,701],"class_list":["post-8120","product","type-product","status-publish","has-post-thumbnail","hentry","product_cat-beniamin","product_cat-plecaki-przedszkolne","product_tag-bajki-do-czytania-psi-patrol","product_tag-place-zabaw-warszawa","product_tag-quizy-dla-dzieci","product_tag-zagadki-o-zwierzetach","product_tag-zgadywanki-dla-dzieci"],"_links":{"self":[{"href":"http:\/\/klubmamgdynia.pl\/index.php\/wp-json\/wp\/v2\/product\/8120","targetHints":{"allow":["GET"]}}],"collection":[{"href":"http:\/\/klubmamgdynia.pl\/index.php\/wp-json\/wp\/v2\/product"}],"about":[{"href":"http:\/\/klubmamgdynia.pl\/index.php\/wp-json\/wp\/v2\/types\/product"}],"replies":[{"embeddable":true,"href":"http:\/\/klubmamgdynia.pl\/index.php\/wp-json\/wp\/v2\/comments?post=8120"}],"wp:featuredmedia":[{"embeddable":true,"href":"http:\/\/klubmamgdynia.pl\/index.php\/wp-json\/wp\/v2\/media\/8121"}],"wp:attachment":[{"href":"http:\/\/klubmamgdynia.pl\/index.php\/wp-json\/wp\/v2\/media?parent=8120"}],"wp:term":[{"taxonomy":"product_cat","embeddable":true,"href":"http:\/\/klubmamgdynia.pl\/index.php\/wp-json\/wp\/v2\/product_cat?post=8120"},{"taxonomy":"product_tag","embeddable":true,"href":"http:\/\/klubmamgdynia.pl\/index.php\/wp-json\/wp\/v2\/product_tag?post=8120"}],"curies":[{"name":"wp","href":"https:\/\/api.w.org\/{rel}","templated":true}]}}