{"id":8124,"date":"2016-10-09T11:19:23","date_gmt":"2016-10-09T09:19:23","guid":{"rendered":"http:\/\/klubmamgdynia.pl\/index.php\/produkt\/caprima-premium-kaszka-wielozbozowa-z-pelnymmlekiem-kozim-6-4x225g\/"},"modified":"2026-04-20T11:39:48","modified_gmt":"2026-04-20T09:39:48","slug":"caprima-premium-kaszka-wielozbozowa-z-pelnymmlekiem-kozim-6-4x225g","status":"publish","type":"product","link":"http:\/\/klubmamgdynia.pl\/index.php\/produkt\/caprima-premium-kaszka-wielozbozowa-z-pelnymmlekiem-kozim-6-4x225g\/","title":{"rendered":"Caprima Premium Kaszka Wielozbo\u017cowa Z Pe\u0142nymmlekiem Kozim 6+ 4X225G"},"content":{"rendered":"<p>CAPRIMA PREMIUM Kaszka wielozbo\u017cowa z pe\u0142nym mlekiem kozim 6+Wskazania:CAPRIMA PREMIUM Kaszka wielozbo\u017cowa z pe\u0142nym mlekiem kozim 6+ z bor\u00f3wk\u0105 jest b\u0142yskawiczn\u0105 kaszk\u0105 z mlekiem modyfikowanym opartym na pe\u0142nym mleku kozim. Przeznaczona jest dla dzieci po 6. miesi\u0105cu \u017cycia jako jeden z element\u00f3w zbilansowanej diety.W\u0142a\u015bciwo\u015bci:CAPRIMA PREMIUM Kaszka wielozbo\u017cowa z pe\u0142nym mlekiem kozim 6+ z bor\u00f3wk\u0105 doskonale nadaje si\u0119 do podawania dziecku gdy mleko matki lub mleko modyfikowane nie pokrywa zapotrzebowania energetycznego rosn\u0105cego dziecka. Kaszka produkowana jest wed\u0142ug formu\u0142y, kt\u00f3ra jest ca\u0142kowicie zgodna z najnowszymi badaniami naukowymi oraz europejskimi przepisami prawa. Zawiera w swym sk\u0142adzie wap\u0144, witamin\u0119 D i fosfor, kt\u00f3re s\u0105 niezb\u0119dne dla prawid\u0142owego wzrostu i rozwoju ko\u015bci u dzieci. Zawiera r\u00f3wnie\u017c \u017celazo, kt\u00f3re sprzyja prawid\u0142owemu rozwojowi poznawczemu dzieci oraz jod, kt\u00f3ry oddzia\u0142uje na prawid\u0142owy wzrost. Jest wolna od glutenu i mleka krowiego. Nie zawiera tak\u017ce syntetycznych barwnik\u00f3w, GMO, aromat\u00f3w i konserwant\u00f3w. Opiera si\u0119 jedynie na naturalnych sk\u0142adnikach. Dodatkowo, posiada wy\u015bmienity smak.Sk\u0142ad:B\u0142yskawiczna m\u0105ka wielozbo\u017cowa (pszenica, j\u0119czmie\u0144, \u017cyto, ry\u017c, owiec) (51%); mleko modyfikowane nast\u0119pne (pe\u0142not\u0142uszczowe mleko kozie, bia\u0142ka serwatki koziej, olej rzepakowy, inulina wzbogacona oligofruktoz\u0105, olej s\u0142onecznikowy, kwas L-askorbinowy (Wit.C), nikotynamid (niacyna), octan DL-alfa-tokoferylu (Wit.E), D-pantotenian wapnia (kwas pantotenowy), chlorowodorek pirydoksyny (Wit. B6), ryboflawina (Wit.B2), mononitan tiaminy )wit. B1), kwas foliowy, D-biotyna), cyjanokobalamina (Wit. B12), palmitynian retinylowy (Wit.A), kolekalcyferol (Wit. D3), mleczan wapnia, mleczan \u017celazawy, jodek sodu) dekstorza, bor\u00f3wki (3%), naturalny aromat, regulator kwasowo\u015bci: kwas cytrynowy.Warto\u015b\u0107 od\u017cywcza na porcj\u0119 (30 g + 120 ml wody):Warto\u015b\u0107 energetyczna &#8211; 488 kJ \/ 116 kcalT\u0142uszcz &#8211; 3 g, w tym:- kwasy nasycone -1,4 gW\u0119glowodany &#8211; 18 g, w tym:- cukry &#8211; 7,5 gB\u0142onnik &#8211; 1,3 gBia\u0142ko &#8211; 3,3 gS\u00f3l &#8211; 0,06 gWitaminy % RWS:Witamina A &#8211; 117 \u00b5g 29%Witamina D &#8211; 1,7 \u00b5g 17%Witamina E &#8211; 2,9 mgWitamina C &#8211; 14 mg 58%Tiamina (Wit. B1) &#8211; 0,1 mg 24%Ryboflawina (Wit. B2) &#8211; 0,2 mg 23%Niacyna &#8211; 1,8 mg 20%Witamina B6 &#8211; 0,2 mg 21%Kwas foliowy &#8211; 20 \u00b5g 20%Witamina B12 &#8211; 0,2 \u00b5g 30%Biotyna &#8211; 5,7 \u00b5gKwas pantotenowy &#8211; 0,8 mgMinera\u0142y:Potas &#8211; 111 mgChlorek &#8211; 81 mgWap\u0144 &#8211; 116 mg 29%Fosfor &#8211; 60 mgMagnez &#8211; 9 mg\u017belazo- 2 mg 33%Cynk &#8211; 0,3 mgMied\u017a &#8211; 0,03 mgMangan &#8211; 0,002 mgJod &#8211; 28 \u00b5g 26%Powy\u017csze warto\u015bci mog\u0105 ulega\u0107 niewielkim wahaniom, typowym dla produkt\u00f3w wytworzonych w naturalnych surowc\u00f3w.*RWS &#8211; referencyjna warto\u015b\u0107 spo\u017cycia dla przeci\u0119tnego dziecka.Stosowanie:Kieruj\u0105c si\u0119 tabel\u0105 dozowania podan\u0105 na opakowaniu oraz wiekiem dziecka odmierz wymagan\u0105 ilo\u015b\u0107 wody oraz kaszki.Przed ka\u017cdym przygotowaniem kaszki przegotuj wod\u0119 i sch\u0142\u00f3d\u017a j\u0105 do temperatury ok. 40\u00b0C.Odmierz wymagan\u0105 ilo\u015b\u0107 przegotowanej wody i przelej ja do odpowiedniego naczynia.Dodaj kaszk\u0119 w ilo\u015bci zgodnej z tabel\u0105 dozowania.Dobrze wymieszaj, odczekaj ok 2 minuty a\u017c kaszka zg\u0119stnieje i uzyska po\u017c\u0105dan\u0105 konsystencj\u0119. Przed podaniem sprawd\u017a jej temperatur\u0119.Opakowanie:4 x 225 g<\/p>\n<h2>Caprima Premium Kaszka Wielozbo\u017cowa Z Pe\u0142nymmlekiem Kozim 6+ 4X225G <\/h2>\n<p>zabawy miko\u0142ajkowe dla dzieci, aaa kotki dwa tekst, wr\u00f3\u017cby andrzejkowe kolory, menu na urodziny dziecka, atrakcje do 30 km od wroc\u0142awia, bajka o emocjach, korczak cytaty, plac zabaw warszawa, trudne zagadki logiczne z odpowiedziami, prezent dla 15 latki<\/p>\n<p>yyyyy<\/p>\n<p>&nbsp;<\/p>\n","protected":false},"excerpt":{"rendered":"<p>CAPRIMA PREMIUM Kaszka wielozbo\u017cowa z pe\u0142nym mlekiem kozim 6+Wskazania:CAPRIMA PREMIUM Kaszka wielozbo\u017cowa z pe\u0142nym mlekiem kozim 6+ z bor\u00f3wk\u0105 jest b\u0142yskawiczn\u0105 kaszk\u0105 z mlekiem modyfikowanym opartym na pe\u0142nym mleku kozim. Przeznaczona jest dla dzieci po 6. miesi\u0105cu \u017cycia jako jeden z element\u00f3w zbilansowanej diety.W\u0142a\u015bciwo\u015bci:CAPRIMA PREMIUM Kaszka wielozbo\u017cowa z pe\u0142nym mlekiem kozim 6+ z bor\u00f3wk\u0105 doskonale [&hellip;]<\/p>\n","protected":false},"featured_media":8125,"comment_status":"closed","ping_status":"open","template":"","meta":[],"product_cat":[107],"product_tag":[758,584,588,633,701],"class_list":["post-8124","product","type-product","status-publish","has-post-thumbnail","hentry","product_cat-kaszki-dla-dzieci","product_tag-julian","product_tag-liwia","product_tag-wzruszajace-slowa-dla-przyjaciela","product_tag-zagadki-z-odpowiedziami","product_tag-zgadywanki-dla-dzieci"],"_links":{"self":[{"href":"http:\/\/klubmamgdynia.pl\/index.php\/wp-json\/wp\/v2\/product\/8124","targetHints":{"allow":["GET"]}}],"collection":[{"href":"http:\/\/klubmamgdynia.pl\/index.php\/wp-json\/wp\/v2\/product"}],"about":[{"href":"http:\/\/klubmamgdynia.pl\/index.php\/wp-json\/wp\/v2\/types\/product"}],"replies":[{"embeddable":true,"href":"http:\/\/klubmamgdynia.pl\/index.php\/wp-json\/wp\/v2\/comments?post=8124"}],"wp:featuredmedia":[{"embeddable":true,"href":"http:\/\/klubmamgdynia.pl\/index.php\/wp-json\/wp\/v2\/media\/8125"}],"wp:attachment":[{"href":"http:\/\/klubmamgdynia.pl\/index.php\/wp-json\/wp\/v2\/media?parent=8124"}],"wp:term":[{"taxonomy":"product_cat","embeddable":true,"href":"http:\/\/klubmamgdynia.pl\/index.php\/wp-json\/wp\/v2\/product_cat?post=8124"},{"taxonomy":"product_tag","embeddable":true,"href":"http:\/\/klubmamgdynia.pl\/index.php\/wp-json\/wp\/v2\/product_tag?post=8124"}],"curies":[{"name":"wp","href":"https:\/\/api.w.org\/{rel}","templated":true}]}}