{"id":8126,"date":"2018-08-27T19:16:51","date_gmt":"2018-08-27T17:16:51","guid":{"rendered":"http:\/\/klubmamgdynia.pl\/index.php\/produkt\/janod-puzzle-edukacyjne-xxl-z-figurkami-3d-dinozaury-200-elementow-6-lat-j02679\/"},"modified":"2026-04-30T21:13:53","modified_gmt":"2026-04-30T19:13:53","slug":"janod-puzzle-edukacyjne-xxl-z-figurkami-3d-dinozaury-200-elementow-6-lat-j02679","status":"publish","type":"product","link":"http:\/\/klubmamgdynia.pl\/index.php\/produkt\/janod-puzzle-edukacyjne-xxl-z-figurkami-3d-dinozaury-200-elementow-6-lat-j02679\/","title":{"rendered":"Janod Puzzle Edukacyjne Xxl Z Figurkami 3D Dinozaury 200 Element\u00f3w 6 Lat + J02679"},"content":{"rendered":"<p>Janod Puzzle Edukacyjne Xxl Z Figurkami 3D Dinozaury                            <\/p>\n<p>a                            <\/p>\n<p>Puzzle edukacyjne Dinozaury francuskiej marki JANOD sk\u0142adaj\u0105 si\u0119 z 200 element\u00f3w, kt\u00f3re po u\u0142o\u017ceniu tworz\u0105 wielk\u0105 map\u0119 \u015bwiata, prezentuj\u0105c\u0105 r\u00f3\u017cne gatunki dinozaur\u00f3w, jakie na niej \u017cy\u0142y. U\u0142o\u017cony obrazek ma wymiary 99 x 69 cm. Dodatkowo w zestawie jest 50 kartonowych figurek dinozaur\u00f3w z mapy. Ka\u017cda figurka ma podstawk\u0119, dzi\u0119ki czemu mo\u017cna j\u0105 postawi\u0107 we w\u0142a\u015bciwym miejscu na mapie Figurkami mo\u017cna si\u0119 r\u00f3wnie\u017c bawi\u0107 samodzielnie. W komplecie znajduje si\u0119 te\u017c plakat, kt\u00f3ry nale\u017cy u\u0142o\u017cy\u0107 z puzzli, za\u0142\u0105czona jest r\u00f3wnie\u017c broszura w kilku j\u0119zykach oraz broszura w j\u0119zyku polskim z nazwami i niezb\u0119dnymi informacjami o ka\u017cdym z tych prehistorycznych stworze\u0144. Dzi\u0119ki temu dziecko nie tylko wykona zadanie, ale te\u017c pozna bli\u017cej wiele gatunk\u00f3w dinozaur\u00f3w.Puzzle zosta\u0142y wykonane z trwa\u0142ego kartonu. Zaprojektowane we Francji i zapakowane w estetyczne kartonowe pude\u0142ko, idealnie nadaj\u0105 si\u0119 na prezent.                            <\/p>\n<p>a                            <\/p>\n<p>Uk\u0142adanie puzzli stymuluje rozw\u00f3j m\u00f3zgu dziecka ju\u017c od najm\u0142odszych lat. To znakomity trening pami\u0119ci i koncentracji, kt\u00f3ry dodatkowo uczy rozpoznawania kszta\u0142t\u00f3w oraz logicznego my\u015blenia. Puzzle rozwijaj\u0105 te\u017c wiar\u0119 we w\u0142asne mo\u017cliwo\u015bci, \u0107wicz\u0105 sprawno\u015b\u0107 manualn\u0105 d\u0142oni i cierpliwo\u015b\u0107.Zabawka rozwija:umiej\u0119tno\u015b\u0107 budowania i projektowaniapami\u0119\u0107 i koncentracj\u0119wiek: 6 lat +liczba element\u00f3w: 200 + 50materia\u0142: kartondesign: Francjawymiary produktu: 99 x 69 cmwaga produktu: 2,10 kgwymiary opakowania: 33 x 8 x 27 cmbezpiecze\u0144stwo i jako\u015b\u0107: EN71-1; EN71-2, EN71-3; REACH                            <\/p>\n<p>a                            <\/p>\n<p>a                            <\/p>\n<p>Janod od 1970 roku niezmiennie projektuje zabawki, kt\u00f3re s\u0105 synonimem innowacyjno\u015bci, francuskiego designu i najwy\u017cszej jako\u015bci. Unikalne zabawki Janod tworzone s\u0105 z drewna i innych doskona\u0142ych materia\u0142\u00f3w, a przede wszystkim z dzieci\u0119cych marze\u0144!\u00a0W obecnej ofercie Janod jest ponad 500 produkt\u00f3w, z kt\u00f3rych kluczowe to zabawki drewniane, puzzle, uk\u0142adanki i zabawki magnetyczne. Wszystkie produkty projektowane s\u0105 we Francji przez w\u0142asnych designer\u00f3w. St\u0105d wiele motyw\u00f3w i wzor\u00f3w powtarza si\u0119 w kolekcjach, tworz\u0105c wyj\u0105tkowy, bajkowy \u015bwiat Janod.\u00a0Wszystkie zabawki tworzone s\u0105 z dba\u0142o\u015bci\u0105 o szczeg\u00f3\u0142y, z najwy\u017cszej jako\u015bci materia\u0142\u00f3w, bezpiecznych dla dzieci. Zabawki spe\u0142niaj\u0105 restrykcyjne normy bezpiecze\u0144stwa, takie jak EN71-1, EN71-2, EN71-3 oraz REACH.<\/p>\n<h2>Janod Puzzle Edukacyjne Xxl Z Figurkami 3D Dinozaury 200 Element\u00f3w 6 Lat + J02679 Janod<\/h2>\n<p>szlaczki literopodobne, warszawa dla dzieci, prima aprilis zarty, kolorowanka kotki do druku, kolorowanki \u015bwi\u0105teczne do wydruku, tabliczka mno\u017cenia do druku, cytaty o przyja\u017ani ma\u0142y ksi\u0105\u017c\u0119, zagadki dla 6 latka, gdzie nad wod\u0119 ko\u0142o warszawy, \u015bw przemys\u0142aw, quizy dla dzieci, miko\u0142ajek sprawdzian z lektury z odpowiedziami, mia, quiz o usa, znajd\u017a r\u00f3\u017cnice, skye psi patrol kolorowanka, kotki kolorowanka, bajki dla dzieci za darmo, dziewczynka z parku pytania i odpowiedzi<\/p>\n<p>yyyyy<\/p>\n<p>&nbsp;<\/p>\n","protected":false},"excerpt":{"rendered":"<p>Janod Puzzle Edukacyjne Xxl Z Figurkami 3D Dinozaury a Puzzle edukacyjne Dinozaury francuskiej marki JANOD sk\u0142adaj\u0105 si\u0119 z 200 element\u00f3w, kt\u00f3re po u\u0142o\u017ceniu tworz\u0105 wielk\u0105 map\u0119 \u015bwiata, prezentuj\u0105c\u0105 r\u00f3\u017cne gatunki dinozaur\u00f3w, jakie na niej \u017cy\u0142y. U\u0142o\u017cony obrazek ma wymiary 99 x 69 cm. Dodatkowo w zestawie jest 50 kartonowych figurek dinozaur\u00f3w z mapy. Ka\u017cda figurka [&hellip;]<\/p>\n","protected":false},"featured_media":8127,"comment_status":"closed","ping_status":"open","template":"","meta":[],"product_cat":[557,90],"product_tag":[690,717,841,738],"class_list":["post-8126","product","type-product","status-publish","has-post-thumbnail","hentry","product_cat-janod","product_cat-puzzle","product_tag-pieski-male-dwa-tekst","product_tag-prezent-roczek","product_tag-quiz-o-flagach","product_tag-wroclaw-dla-dzieci"],"_links":{"self":[{"href":"http:\/\/klubmamgdynia.pl\/index.php\/wp-json\/wp\/v2\/product\/8126","targetHints":{"allow":["GET"]}}],"collection":[{"href":"http:\/\/klubmamgdynia.pl\/index.php\/wp-json\/wp\/v2\/product"}],"about":[{"href":"http:\/\/klubmamgdynia.pl\/index.php\/wp-json\/wp\/v2\/types\/product"}],"replies":[{"embeddable":true,"href":"http:\/\/klubmamgdynia.pl\/index.php\/wp-json\/wp\/v2\/comments?post=8126"}],"wp:featuredmedia":[{"embeddable":true,"href":"http:\/\/klubmamgdynia.pl\/index.php\/wp-json\/wp\/v2\/media\/8127"}],"wp:attachment":[{"href":"http:\/\/klubmamgdynia.pl\/index.php\/wp-json\/wp\/v2\/media?parent=8126"}],"wp:term":[{"taxonomy":"product_cat","embeddable":true,"href":"http:\/\/klubmamgdynia.pl\/index.php\/wp-json\/wp\/v2\/product_cat?post=8126"},{"taxonomy":"product_tag","embeddable":true,"href":"http:\/\/klubmamgdynia.pl\/index.php\/wp-json\/wp\/v2\/product_tag?post=8126"}],"curies":[{"name":"wp","href":"https:\/\/api.w.org\/{rel}","templated":true}]}}