{"id":8128,"date":"2023-06-30T21:54:52","date_gmt":"2023-06-30T19:54:52","guid":{"rendered":"http:\/\/klubmamgdynia.pl\/?post_type=product&#038;p=8128"},"modified":"2026-05-17T22:35:21","modified_gmt":"2026-05-17T20:35:21","slug":"barbie-lalka-olimpijka-skateboarding-gjl73-gjl78","status":"publish","type":"product","link":"http:\/\/klubmamgdynia.pl\/index.php\/produkt\/barbie-lalka-olimpijka-skateboarding-gjl73-gjl78\/","title":{"rendered":"Barbie Lalka Olimpijka Skateboarding GJL73 Gjl78"},"content":{"rendered":"<p>Teraz Barbie pozwala by\u0107 cz\u0119\u015bci\u0105 ekscytuj\u0105cych igrzysk olimpijskich! Barbie umo\u017cliwia dziewcz\u0119tom uprawianie sportu, jednocze\u015bnie zachowuj\u0105c ducha przyja\u017ani, solidarno\u015bci i zabawy. Ka\u017cda lalka jest ruchoma i gotowa do rywalizacji, ma na sobie str\u00f3j dopasowany do swojej dyscypliny sportowej z mark\u0105 Barbie i Tokio 2020 oraz zawiera koszulk\u0119 olimpijsk\u0105 Tokio 2020 i \u201ez\u0142oty\u201d medal ze wst\u0105\u017ck\u0105.                            <\/p>\n<p>Barbie wkracza w \u015bwiat igrzysk olimpijskich, obejmuj\u0105c pi\u0119\u0107 nowych sport\u00f3w dodanych do programu olimpijskiego, mo\u017cesz wybra\u0107 karate, skateboarding, softball, wspinaczk\u0119 sportow\u0105 i inne (sprzedawane oddzielnie). R\u00f3\u017cnorodno\u015b\u0107 sylwetek, kolor\u00f3w oczu i fryzur rozwinie zabaw\u0119 i mo\u017cliwo\u015bci opowiadanych historyjek.                            <\/p>\n<p>Nie ograniczaj si\u0119 tylko do jednej roli, bo z Barbie mo\u017cesz by\u0107 kim chcesz! W zestawie lalka ubrana w str\u00f3j i dodatki oraz akcesoria tematyczne. To \u015bwietny prezent dla dzieci w wieku 3 lat i starszych, szczeg\u00f3lnie tych zainteresowanych Igrzyskami Olimpijskimi, sportem i fitnessem! Sprzedawane oddzielnie w zale\u017cno\u015bci od dost\u0119pno\u015bci. Lalki nie stoj\u0105 samodzielnie. Kolory i elementy dekoracyjne mog\u0105 si\u0119 r\u00f3\u017cni\u0107.<\/p>\n<h2>Barbie Lalka Olimpijka Skateboarding GJL73 Gjl78 Barbie<\/h2>\n<p>imi\u0119 leon, piosenka na dzie\u0144 nauczyciela przedszkole, matylda imie, pytania logiczne, quiz flagi \u015bwiata, w uk\u0142adzie s\u0142onecznym tekst, znajd\u017a r\u00f3\u017cnice do druku, kwiaty polne nazwy i zdj\u0119cia, nietypowe imiona \u017ce\u0144skie, jak narysowa\u0107 psa, zagadki s\u0142owne, mia imi\u0119, dzie\u0144 matki w\u0142asnor\u0119czny prezent dla mamy od dziecka, kolorowanka peppa, quiz o samochodach, zagadki wiosna, \u017carty na prima aprilis w domu, zagadki o bo\u017cym narodzeniu, prank na prima aprilis, zings kolorowanka, ninjago kolorowanki<\/p>\n<p>yyyyy<\/p>\n<p>&nbsp;<\/p>\n","protected":false},"excerpt":{"rendered":"<p>Teraz Barbie pozwala by\u0107 cz\u0119\u015bci\u0105 ekscytuj\u0105cych igrzysk olimpijskich! Barbie umo\u017cliwia dziewcz\u0119tom uprawianie sportu, jednocze\u015bnie zachowuj\u0105c ducha przyja\u017ani, solidarno\u015bci i zabawy. Ka\u017cda lalka jest ruchoma i gotowa do rywalizacji, ma na sobie str\u00f3j dopasowany do swojej dyscypliny sportowej z mark\u0105 Barbie i Tokio 2020 oraz zawiera koszulk\u0119 olimpijsk\u0105 Tokio 2020 i \u201ez\u0142oty\u201d medal ze wst\u0105\u017ck\u0105. Barbie [&hellip;]<\/p>\n","protected":false},"featured_media":8129,"comment_status":"closed","ping_status":"open","template":"","meta":[],"product_cat":[173,65],"product_tag":[828,853,741,811,812],"class_list":["post-8128","product","type-product","status-publish","has-post-thumbnail","hentry","product_cat-barbie","product_cat-lalki","product_tag-filmy-wigilijne-dla-dzieci","product_tag-kolorowanki-do-druku-dla-doroslych","product_tag-wlochy","product_tag-zagadki-logiczne-dla-dzieci","product_tag-zagadki-logiczne-na-inteligencje"],"_links":{"self":[{"href":"http:\/\/klubmamgdynia.pl\/index.php\/wp-json\/wp\/v2\/product\/8128","targetHints":{"allow":["GET"]}}],"collection":[{"href":"http:\/\/klubmamgdynia.pl\/index.php\/wp-json\/wp\/v2\/product"}],"about":[{"href":"http:\/\/klubmamgdynia.pl\/index.php\/wp-json\/wp\/v2\/types\/product"}],"replies":[{"embeddable":true,"href":"http:\/\/klubmamgdynia.pl\/index.php\/wp-json\/wp\/v2\/comments?post=8128"}],"wp:featuredmedia":[{"embeddable":true,"href":"http:\/\/klubmamgdynia.pl\/index.php\/wp-json\/wp\/v2\/media\/8129"}],"wp:attachment":[{"href":"http:\/\/klubmamgdynia.pl\/index.php\/wp-json\/wp\/v2\/media?parent=8128"}],"wp:term":[{"taxonomy":"product_cat","embeddable":true,"href":"http:\/\/klubmamgdynia.pl\/index.php\/wp-json\/wp\/v2\/product_cat?post=8128"},{"taxonomy":"product_tag","embeddable":true,"href":"http:\/\/klubmamgdynia.pl\/index.php\/wp-json\/wp\/v2\/product_tag?post=8128"}],"curies":[{"name":"wp","href":"https:\/\/api.w.org\/{rel}","templated":true}]}}