{"id":8130,"date":"2019-11-09T09:15:10","date_gmt":"2019-11-09T08:15:10","guid":{"rendered":"http:\/\/klubmamgdynia.pl\/index.php\/produkt\/bobovita-kaszka-mleczno-ryzowa-3-owoce-po-6-miesiacu-9x230g\/"},"modified":"2026-04-24T16:41:29","modified_gmt":"2026-04-24T14:41:29","slug":"bobovita-kaszka-mleczno-ryzowa-3-owoce-po-6-miesiacu-9x230g","status":"publish","type":"product","link":"http:\/\/klubmamgdynia.pl\/index.php\/produkt\/bobovita-kaszka-mleczno-ryzowa-3-owoce-po-6-miesiacu-9x230g\/","title":{"rendered":"Bobovita Kaszka Mleczno Ry\u017cowa 3 Owoce Po 6 Miesi\u0105cu 9X230G"},"content":{"rendered":"<p>Bobovita Kaszka Mleczno Ry\u017cowa 3 Owoce Po 6 Miesi\u0105cu 9X230G<\/p>\n<h2>Bobovita Kaszka Mleczno Ry\u017cowa 3 Owoce Po 6 Miesi\u0105cu 9X230G BoboVita-Nutricia<\/h2>\n<p>zabawki na roczek dla ch\u0142opca, zagadki zimowe, malowanki \u015bwi\u0105teczne, bajka o biedronce, sentencje o dzieciach, mapa europy do druku, nietypowe imiona, milena, choinko pi\u0119kna jak las tekst, kartki na dobranoc dla przyjaci\u00f3\u0142, bajka dla dzieci do czytania, prezent dla 13 latki na \u015bwi\u0119ta, opisy o rodzinie, prezent dla 15 latka<\/p>\n<p>yyyyy<\/p>\n<p>&nbsp;<\/p>\n","protected":false},"excerpt":{"rendered":"<p>Bobovita Kaszka Mleczno Ry\u017cowa 3 Owoce Po 6 Miesi\u0105cu 9X230G Bobovita Kaszka Mleczno Ry\u017cowa 3 Owoce Po 6 Miesi\u0105cu 9X230G BoboVita-Nutricia zabawki na roczek dla ch\u0142opca, zagadki zimowe, malowanki \u015bwi\u0105teczne, bajka o biedronce, sentencje o dzieciach, mapa europy do druku, nietypowe imiona, milena, choinko pi\u0119kna jak las tekst, kartki na dobranoc dla przyjaci\u00f3\u0142, bajka dla [&hellip;]<\/p>\n","protected":false},"featured_media":8131,"comment_status":"closed","ping_status":"open","template":"","meta":[],"product_cat":[1675,107],"product_tag":[700,847,654,584,630,786],"class_list":["post-8130","product","type-product","status-publish","has-post-thumbnail","hentry","product_cat-bobovita-nutricia","product_cat-kaszki-dla-dzieci","product_tag-bajki-do-czytania-dla-dzieci","product_tag-kolorowanki-pokemon","product_tag-krotkie-bajki-dla-dzieci-do-czytania","product_tag-liwia","product_tag-podchwytliwe-zagadki-z-odpowiedziami","product_tag-prezent-na-1-urodziny"],"_links":{"self":[{"href":"http:\/\/klubmamgdynia.pl\/index.php\/wp-json\/wp\/v2\/product\/8130","targetHints":{"allow":["GET"]}}],"collection":[{"href":"http:\/\/klubmamgdynia.pl\/index.php\/wp-json\/wp\/v2\/product"}],"about":[{"href":"http:\/\/klubmamgdynia.pl\/index.php\/wp-json\/wp\/v2\/types\/product"}],"replies":[{"embeddable":true,"href":"http:\/\/klubmamgdynia.pl\/index.php\/wp-json\/wp\/v2\/comments?post=8130"}],"wp:featuredmedia":[{"embeddable":true,"href":"http:\/\/klubmamgdynia.pl\/index.php\/wp-json\/wp\/v2\/media\/8131"}],"wp:attachment":[{"href":"http:\/\/klubmamgdynia.pl\/index.php\/wp-json\/wp\/v2\/media?parent=8130"}],"wp:term":[{"taxonomy":"product_cat","embeddable":true,"href":"http:\/\/klubmamgdynia.pl\/index.php\/wp-json\/wp\/v2\/product_cat?post=8130"},{"taxonomy":"product_tag","embeddable":true,"href":"http:\/\/klubmamgdynia.pl\/index.php\/wp-json\/wp\/v2\/product_tag?post=8130"}],"curies":[{"name":"wp","href":"https:\/\/api.w.org\/{rel}","templated":true}]}}