{"id":8132,"date":"2020-08-11T05:37:05","date_gmt":"2020-08-11T03:37:05","guid":{"rendered":"http:\/\/klubmamgdynia.pl\/index.php\/produkt\/john-disney-auta-namiot-plazowy-parawan-90148\/"},"modified":"2026-04-06T07:46:54","modified_gmt":"2026-04-06T05:46:54","slug":"john-disney-auta-namiot-plazowy-parawan-90148","status":"publish","type":"product","link":"http:\/\/klubmamgdynia.pl\/index.php\/produkt\/john-disney-auta-namiot-plazowy-parawan-90148\/","title":{"rendered":"John Disney Auta Namiot Pla\u017cowy Parawan 90148"},"content":{"rendered":"<p>John Namiot Pla\u017cowy Parawan Cars 90148<\/p>\n<p>Namiot pla\u017cowy (budka) CarsKod produktu: 90148Namiot pla\u017cowy &#8211; budka pla\u017cowa z bohaterami animowanego filmu Cars ochroni Ci\u0119 przed wiatrem lub s\u0142o\u0144cem na pla\u017cy. Wykonany z w\u0142\u00f3kna szklanego, bardzo trwa\u0142y.Wiek dziecka:  od 3 lat<\/p>\n<h2>John Disney Auta Namiot Pla\u017cowy Parawan 90148 John<\/h2>\n<p>zagadki dla dziewczyny, starodawne \u017cyczenia bo\u017conarodzeniowe, wierszyk o choince, bajki do czytania na dobranoc, nowe quizy do rozwi\u0105zania, zagadki kr\u00f3tkie, cytaty dla dzieci, opowiadanie o jesieni dla dzieci, zagatki matematyczne, papuga kolorowanka, farma dyni poznan, prezenty dla 16 latki, szablony postacie do szopki do druku, bajki do czytania, jaki prezent na roczek, \u0142amig\u0142\u00f3wki logiczne, gwiazda do wydruku, darmowe bajki dla dzieci<\/p>\n<p>yyyyy<\/p>\n<p>&nbsp;<\/p>\n","protected":false},"excerpt":{"rendered":"<p>John Namiot Pla\u017cowy Parawan Cars 90148 Namiot pla\u017cowy (budka) CarsKod produktu: 90148Namiot pla\u017cowy &#8211; budka pla\u017cowa z bohaterami animowanego filmu Cars ochroni Ci\u0119 przed wiatrem lub s\u0142o\u0144cem na pla\u017cy. Wykonany z w\u0142\u00f3kna szklanego, bardzo trwa\u0142y.Wiek dziecka: od 3 lat John Disney Auta Namiot Pla\u017cowy Parawan 90148 John zagadki dla dziewczyny, starodawne \u017cyczenia bo\u017conarodzeniowe, wierszyk o [&hellip;]<\/p>\n","protected":false},"featured_media":8133,"comment_status":"closed","ping_status":"open","template":"","meta":[],"product_cat":[282,1695],"product_tag":[650,621,587,873],"class_list":["post-8132","product","type-product","status-publish","has-post-thumbnail","hentry","product_cat-domki-i-namioty-dla-dzieci","product_cat-john","product_tag-choinka-z-bibuly","product_tag-prezenty-roczek","product_tag-skalne-miasto","product_tag-zagadki-z-odpowiedziami-dla-dzieci"],"_links":{"self":[{"href":"http:\/\/klubmamgdynia.pl\/index.php\/wp-json\/wp\/v2\/product\/8132","targetHints":{"allow":["GET"]}}],"collection":[{"href":"http:\/\/klubmamgdynia.pl\/index.php\/wp-json\/wp\/v2\/product"}],"about":[{"href":"http:\/\/klubmamgdynia.pl\/index.php\/wp-json\/wp\/v2\/types\/product"}],"replies":[{"embeddable":true,"href":"http:\/\/klubmamgdynia.pl\/index.php\/wp-json\/wp\/v2\/comments?post=8132"}],"wp:featuredmedia":[{"embeddable":true,"href":"http:\/\/klubmamgdynia.pl\/index.php\/wp-json\/wp\/v2\/media\/8133"}],"wp:attachment":[{"href":"http:\/\/klubmamgdynia.pl\/index.php\/wp-json\/wp\/v2\/media?parent=8132"}],"wp:term":[{"taxonomy":"product_cat","embeddable":true,"href":"http:\/\/klubmamgdynia.pl\/index.php\/wp-json\/wp\/v2\/product_cat?post=8132"},{"taxonomy":"product_tag","embeddable":true,"href":"http:\/\/klubmamgdynia.pl\/index.php\/wp-json\/wp\/v2\/product_tag?post=8132"}],"curies":[{"name":"wp","href":"https:\/\/api.w.org\/{rel}","templated":true}]}}