{"id":8134,"date":"2018-06-24T21:21:18","date_gmt":"2018-06-24T19:21:18","guid":{"rendered":"http:\/\/klubmamgdynia.pl\/index.php\/produkt\/adar-lalka-29cm-z-akcesoriami-538818\/"},"modified":"2026-04-05T20:14:02","modified_gmt":"2026-04-05T18:14:02","slug":"adar-lalka-29cm-z-akcesoriami-538818","status":"publish","type":"product","link":"http:\/\/klubmamgdynia.pl\/index.php\/produkt\/adar-lalka-29cm-z-akcesoriami-538818\/","title":{"rendered":"Adar Lalka 29Cm Z Akcesoriami 538818"},"content":{"rendered":"<p>Zestaw lalka o wielko\u015bci 29 cm z akcesoriami.W zestawie: lalka w szlafroku, wanna, bluzka i spodnie, butelki, szczotka.Lalka o d\u0142ugich w\u0142osach, kt\u00f3re mo\u017cna czesa\u0107 i uk\u0142ada\u0107.Wymiary opakowania: 28.5x11x26.5cmWiek: 3+&#8230;<\/p>\n<h2>Adar Lalka 29Cm Z Akcesoriami 538818 Adar<\/h2>\n<p>sky kolorowanka, wulkan z sody, kotek kolorowanka do druku, test z lektury magiczne drzewo czerwone krzes\u0142o, aaa kotki dwa tekst, zagadka, zaj\u0119cia dla nastolatk\u00f3w, \u0142amig\u0142\u00f3wki dla dzieci do druku, maski dla dzieci do druku, uk\u0142ad s\u0142oneczny kolorowanka, \u017c\u0105rty na prima aprilis, kolorowanka lego, dzieci.pl, roszpunka kolorowanka, atrakcje dla dzieci warszawa, kolorowanki ninjago, desery dla dzieci<\/p>\n<p>yyyyy<\/p>\n<p>&nbsp;<\/p>\n","protected":false},"excerpt":{"rendered":"<p>Zestaw lalka o wielko\u015bci 29 cm z akcesoriami.W zestawie: lalka w szlafroku, wanna, bluzka i spodnie, butelki, szczotka.Lalka o d\u0142ugich w\u0142osach, kt\u00f3re mo\u017cna czesa\u0107 i uk\u0142ada\u0107.Wymiary opakowania: 28.5x11x26.5cmWiek: 3+&#8230; Adar Lalka 29Cm Z Akcesoriami 538818 Adar sky kolorowanka, wulkan z sody, kotek kolorowanka do druku, test z lektury magiczne drzewo czerwone krzes\u0142o, aaa kotki dwa [&hellip;]<\/p>\n","protected":false},"featured_media":8135,"comment_status":"closed","ping_status":"open","template":"","meta":[],"product_cat":[175,65],"product_tag":[645,616,625,635],"class_list":["post-8134","product","type-product","status-publish","has-post-thumbnail","hentry","product_cat-adar","product_cat-lalki","product_tag-latwe-zagadki","product_tag-test-mikolajek-25-pytan","product_tag-trojmiasto-atrakcje-dla-dzieci","product_tag-znaki-drogowe-do-druku"],"_links":{"self":[{"href":"http:\/\/klubmamgdynia.pl\/index.php\/wp-json\/wp\/v2\/product\/8134","targetHints":{"allow":["GET"]}}],"collection":[{"href":"http:\/\/klubmamgdynia.pl\/index.php\/wp-json\/wp\/v2\/product"}],"about":[{"href":"http:\/\/klubmamgdynia.pl\/index.php\/wp-json\/wp\/v2\/types\/product"}],"replies":[{"embeddable":true,"href":"http:\/\/klubmamgdynia.pl\/index.php\/wp-json\/wp\/v2\/comments?post=8134"}],"wp:featuredmedia":[{"embeddable":true,"href":"http:\/\/klubmamgdynia.pl\/index.php\/wp-json\/wp\/v2\/media\/8135"}],"wp:attachment":[{"href":"http:\/\/klubmamgdynia.pl\/index.php\/wp-json\/wp\/v2\/media?parent=8134"}],"wp:term":[{"taxonomy":"product_cat","embeddable":true,"href":"http:\/\/klubmamgdynia.pl\/index.php\/wp-json\/wp\/v2\/product_cat?post=8134"},{"taxonomy":"product_tag","embeddable":true,"href":"http:\/\/klubmamgdynia.pl\/index.php\/wp-json\/wp\/v2\/product_tag?post=8134"}],"curies":[{"name":"wp","href":"https:\/\/api.w.org\/{rel}","templated":true}]}}