{"id":8136,"date":"2020-03-18T18:09:24","date_gmt":"2020-03-18T17:09:24","guid":{"rendered":"http:\/\/klubmamgdynia.pl\/index.php\/produkt\/hasbro-gaming-szalona-spluczka-c0447\/"},"modified":"2026-05-01T23:51:31","modified_gmt":"2026-05-01T21:51:31","slug":"hasbro-gaming-szalona-spluczka-c0447","status":"publish","type":"product","link":"http:\/\/klubmamgdynia.pl\/index.php\/produkt\/hasbro-gaming-szalona-spluczka-c0447\/","title":{"rendered":"Hasbro Gaming Szalona Sp\u0142uczka C0447"},"content":{"rendered":"<p>HASBRO SZALONA SP\u0141UCZKA C0447<\/p>\n<p>Uchro\u0144 si\u0119 przed Szalon\u0105 Sp\u0142uczk\u0105 od Hasbro!<\/p>\n<p>Szalona sp\u0142uczka to przezabawna gra, kt\u00f3ra mo\u017ce w ka\u017cdym<br \/>\nmomencie zaskoczy\u0107 Ci\u0119 mokr\u0105 niespodziank\u0105! Zakr\u0119\u0107 papierem toaletowy<br \/>\numieszczony obok sp\u0142uczki wyznacza on liczb\u0119 poci\u0105gni\u0119\u0107 za sp\u0142uczk\u0119, je\u017celi<br \/>\npodczas sp\u0142ukiwania us\u0142yszysz d\u017awi\u0119k sp\u0142ywaj\u0105cej wody masz farta! Szalona<br \/>\nsp\u0142uczka mog\u0142a Cie obla\u0107! Wygrywa gracz kt\u00f3ry jako ostatni pozostanie suchy.                            <\/p>\n<p>Muszla sedesowa niekiedy ma awarie podczas sp\u0142ukiwania\u00a0 i w\u00f3wczas graczy czeka niemi\u0142a<br \/>\nniespodzianka.\u00a0\u00a0 Rolka papieru<br \/>\ntoaletowego wyznacza ile razy zawodnik b\u0119dzie ryzykowa\u0142 naciskaj\u0105c<br \/>\nsp\u0142uczk\u0119.\u00a0 Nigdy nie wiadomo kiedy<br \/>\ntoaleta opryska\u00a0 wod\u0105. Wygrywa zawodnik,<br \/>\nkt\u00f3ry pozosta\u0142 suchy.\u00a0                             <\/p>\n<p>\u2022 Napi\u0119cie ro\u015bnie przy ka\u017cdym kolejnym sp\u0142ukiwaniu;<\/p>\n<p>\u2022 Gra od Hasbro dostarcza spor\u0105 dawk\u0119 \u015bmiechu;<\/p>\n<p>\u2022 Atmosfera niepewno\u015bci, wyczekiwania i du\u017ce zaskoczenie<br \/>\nwywo\u0142uje pozytywne emocje;<\/p>\n<p>\u2022 Du\u017ca losowo\u015b\u0107 podczas zabawy z toalet\u0105;<\/p>\n<p>\u2022 Rozrywkowa gra dla dzieci z u\u017cyciem wody;<\/p>\n<p>\u2022 Komiczny rekwizyt na baterie\u00a0 z zabawnymi funkcjami i odg\u0142osami.                            <\/p>\n<p>Zawarto\u015b\u0107 Zestawu:<\/p>\n<p>\u2022 Muszla klozetowa ze sp\u0142uczka i rolka papieru.                            <\/p>\n<p>Specyfikacja:<\/p>\n<p>\u2022 Wiek dziecka: od 4 lat;<\/p>\n<p>\u2022 Wymagane baterie: 2 x AA;<\/p>\n<p>\u2022 Liczba graczy: od 2 os\u00f3b.<\/p>\n<h2>Hasbro Gaming Szalona Sp\u0142uczka C0447 Hasbro<\/h2>\n<p>wzory dyplom\u00f3w do pobrania, quizy o minecraft, kolorowanki disney, kajko i kokosz test z lektury, quiz psi patrol, gaja imi\u0119, kolorowanka uk\u0142ad s\u0142oneczny dla dzieci do druku, alina, test z lektury spos\u00f3b na alcybiadesa, bajki dla dzieci na dobranoc, adriana znaczenie imienia, kr\u00f3tkie bajki do czytania na dobranoc, miastodzieci<\/p>\n<p>yyyyy<\/p>\n<p>&nbsp;<\/p>\n","protected":false},"excerpt":{"rendered":"<p>HASBRO SZALONA SP\u0141UCZKA C0447 Uchro\u0144 si\u0119 przed Szalon\u0105 Sp\u0142uczk\u0105 od Hasbro! Szalona sp\u0142uczka to przezabawna gra, kt\u00f3ra mo\u017ce w ka\u017cdym momencie zaskoczy\u0107 Ci\u0119 mokr\u0105 niespodziank\u0105! Zakr\u0119\u0107 papierem toaletowy umieszczony obok sp\u0142uczki wyznacza on liczb\u0119 poci\u0105gni\u0119\u0107 za sp\u0142uczk\u0119, je\u017celi podczas sp\u0142ukiwania us\u0142yszysz d\u017awi\u0119k sp\u0142ywaj\u0105cej wody masz farta! Szalona sp\u0142uczka mog\u0142a Cie obla\u0107! Wygrywa gracz kt\u00f3ry jako [&hellip;]<\/p>\n","protected":false},"featured_media":8137,"comment_status":"closed","ping_status":"open","template":"","meta":[],"product_cat":[130,129],"product_tag":[669,638,798,602,840,873],"class_list":["post-8136","product","type-product","status-publish","has-post-thumbnail","hentry","product_cat-gry-dzieciece","product_cat-hasbro","product_tag-kolorowanki","product_tag-miastodzieci","product_tag-prezenty-dla-nastolatki","product_tag-quiz-o-zwierzetach-domowych","product_tag-stare-bajki","product_tag-zagadki-z-odpowiedziami-dla-dzieci"],"_links":{"self":[{"href":"http:\/\/klubmamgdynia.pl\/index.php\/wp-json\/wp\/v2\/product\/8136","targetHints":{"allow":["GET"]}}],"collection":[{"href":"http:\/\/klubmamgdynia.pl\/index.php\/wp-json\/wp\/v2\/product"}],"about":[{"href":"http:\/\/klubmamgdynia.pl\/index.php\/wp-json\/wp\/v2\/types\/product"}],"replies":[{"embeddable":true,"href":"http:\/\/klubmamgdynia.pl\/index.php\/wp-json\/wp\/v2\/comments?post=8136"}],"wp:featuredmedia":[{"embeddable":true,"href":"http:\/\/klubmamgdynia.pl\/index.php\/wp-json\/wp\/v2\/media\/8137"}],"wp:attachment":[{"href":"http:\/\/klubmamgdynia.pl\/index.php\/wp-json\/wp\/v2\/media?parent=8136"}],"wp:term":[{"taxonomy":"product_cat","embeddable":true,"href":"http:\/\/klubmamgdynia.pl\/index.php\/wp-json\/wp\/v2\/product_cat?post=8136"},{"taxonomy":"product_tag","embeddable":true,"href":"http:\/\/klubmamgdynia.pl\/index.php\/wp-json\/wp\/v2\/product_tag?post=8136"}],"curies":[{"name":"wp","href":"https:\/\/api.w.org\/{rel}","templated":true}]}}